{"id":24254,"date":"2024-02-02T10:56:59","date_gmt":"2024-02-02T09:56:59","guid":{"rendered":"https:\/\/e-adams.pl\/produkt\/panele-podlogowe-swiss-krono\/"},"modified":"2024-04-19T08:23:55","modified_gmt":"2024-04-19T06:23:55","slug":"panele-podlogowe-swiss-krono","status":"publish","type":"product","link":"https:\/\/e-adams.pl\/de\/produkt\/panele-podlogowe-swiss-krono\/","title":{"rendered":"SWISS KRONO Fu\u00dfbodenpaneele"},"content":{"rendered":"<h2>Erfahrung und technologischer Fortschritt.<\/h2>\n<p>F\u00fcr moderne Menschen ist die Gestaltung des Raumes, in dem sie leben, zu einem Mittel geworden, um ihre eigene Individualit\u00e4t auszudr\u00fccken. Die R\u00e4ume, in denen wir uns aufhalten, spiegeln unsere Tr\u00e4ume, Aspirationen und Bed\u00fcrfnisse wider und erz\u00e4hlen von unserem Gef\u00fchl der Zugeh\u00f6rigkeit, unserer Lebensweise und unseren Leidenschaften. Auf diese Weise werden Innenr\u00e4ume nicht nur zu Wohnr\u00e4umen, sondern auch zu pers\u00f6nlichen Visitenkarten, die zeigen, wer wir sind und was uns wichtig ist. Das Angebot von SWISS KRONO, einem globalen Hersteller von Holzwerkstoffen, ist \u00e4u\u00dferst reichhaltig und vielf\u00e4ltig. Es umfasst eine breite Palette von Produkten, angefangen bei dekorativen Elementen \u00fcber L\u00f6sungen f\u00fcr die M\u00f6blierung und Ausstattung von Innenr\u00e4umen, auch bekannt als &#8222;Inneneinrichtungen&#8220;, bis hin zu OSB-Platten f\u00fcr den Bau, bekannt als &#8222;Bauwerkstoffe&#8220;. Das Angebot umfasst auch laminierte B\u00f6den in verschiedenen Spezifikationen, bekannt als &#8222;Fu\u00dfb\u00f6den&#8220;.<\/p>\n<h2>Einkaufszentrum Adams \u017bary<\/h2>\n<p>Es ist das gr\u00f6\u00dfte Zentrum f\u00fcr Fu\u00dfb\u00f6den, Bodenbel\u00e4ge und Zubeh\u00f6r in der Umgebung. Bei uns finden Sie eine Auswahl nur von h\u00f6chster Qualit\u00e4t des bekannten Herstellers SWISS KRONO. In unserem Angebot finden Sie laminierte Paneele mit hoher Abriebfestigkeit und Wasserbest\u00e4ndigkeit, so dass sie sich f\u00fcr Bereiche mit erh\u00f6hten Anforderungen eignen. Alle erforderlichen Accessoires und Werkzeuge stehen zur Verf\u00fcgung, denn unser Ziel ist es, umfassende L\u00f6sungen anzubieten. Unsere langj\u00e4hrige Erfahrung im Handel mit solchen Produkten hat uns sensibel f\u00fcr die Bed\u00fcrfnisse unserer Kunden gemacht, weshalb wir f\u00fchrend im Bereich Fu\u00dfb\u00f6den in den Regionen \u017bary, Lipinki \u0141u\u017cyckie, Lubsko, Nowogr\u00f3d Bobrz., Szprotawa, Nowa S\u00f3l, Sieniawa \u017barska, Zielona G\u00f3ra, \u0141\u0119knica, Przew\u00f3z und \u017baga\u0144 sind.<\/p>\n","protected":false},"excerpt":{"rendered":"<p>Erfahrung und technologischer Fortschritt. F\u00fcr moderne Menschen ist die Gestaltung des Raumes, in dem sie leben, zu einem Mittel geworden, um ihre eigene Individualit\u00e4t auszudr\u00fccken. Die R\u00e4ume, in denen wir uns aufhalten, spiegeln unsere Tr\u00e4ume,&#8230;<\/p>\n<div class=\"text-center\"><a class=\"button-link\" href=\"https:\/\/e-adams.pl\/de\/produkt\/panele-podlogowe-swiss-krono\/\">Czytaj wi\u0119cej<\/a><\/div>\n","protected":false},"featured_media":24231,"comment_status":"closed","ping_status":"closed","template":"","meta":{"_acf_changed":false,"inline_featured_image":false},"product_cat":[2743],"product_tag":[2764,2763,2766,2762,2765,2770],"class_list":{"0":"post-24254","1":"product","2":"type-product","3":"status-publish","4":"has-post-thumbnail","6":"product_cat-bodenpaneele","7":"product_tag-boden","8":"product_tag-bodenplatten","9":"product_tag-fussbodenpaneele","10":"product_tag-laminatplatten","11":"product_tag-paneele","12":"product_tag-swiss-krono-de","14":"first","15":"instock","16":"shipping-taxable","17":"product-type-simple"},"acf":[],"_links":{"self":[{"href":"https:\/\/e-adams.pl\/de\/wp-json\/wp\/v2\/product\/24254","targetHints":{"allow":["GET"]}}],"collection":[{"href":"https:\/\/e-adams.pl\/de\/wp-json\/wp\/v2\/product"}],"about":[{"href":"https:\/\/e-adams.pl\/de\/wp-json\/wp\/v2\/types\/product"}],"replies":[{"embeddable":true,"href":"https:\/\/e-adams.pl\/de\/wp-json\/wp\/v2\/comments?post=24254"}],"wp:featuredmedia":[{"embeddable":true,"href":"https:\/\/e-adams.pl\/de\/wp-json\/wp\/v2\/media\/24231"}],"wp:attachment":[{"href":"https:\/\/e-adams.pl\/de\/wp-json\/wp\/v2\/media?parent=24254"}],"wp:term":[{"taxonomy":"product_cat","embeddable":true,"href":"https:\/\/e-adams.pl\/de\/wp-json\/wp\/v2\/product_cat?post=24254"},{"taxonomy":"product_tag","embeddable":true,"href":"https:\/\/e-adams.pl\/de\/wp-json\/wp\/v2\/product_tag?post=24254"}],"curies":[{"name":"wp","href":"https:\/\/api.w.org\/{rel}","templated":true}]}}