{"id":24256,"date":"2024-02-02T10:53:22","date_gmt":"2024-02-02T09:53:22","guid":{"rendered":"https:\/\/e-adams.pl\/produkt\/panele-podlogowe-quick-step\/"},"modified":"2024-04-19T08:24:17","modified_gmt":"2024-04-19T06:24:17","slug":"panele-podlogowe-quick-step","status":"publish","type":"product","link":"https:\/\/e-adams.pl\/de\/produkt\/panele-podlogowe-quick-step\/","title":{"rendered":"QUICK-STEP Fu\u00dfbodenpaneele"},"content":{"rendered":"<h2>Hochwertige laminatb\u00f6den<\/h2>\n<p>Bei der Auswahl des perfekten Bodenbelags legen Sie den Grundstein f\u00fcr die Schaffung eines einzigartigen Interieurs in Ihrem Zuhause. Quick-Step bietet eine Auswahl an laminatb\u00f6den, die alle Erwartungen erf\u00fcllen: Wir bieten eine breite Palette von Farben, Texturen und Mustern, die es erm\u00f6glichen, den perfekten laminatboden f\u00fcr jeden Raumtyp zu finden. Egal, ob Sie wasserfeste Paneele f\u00fcr das Badezimmer, lebendige B\u00f6den f\u00fcr das Wohnzimmer oder eine strapazierf\u00e4hige Option f\u00fcr die K\u00fcche ben\u00f6tigen, in unserer Kollektion von laminatb\u00f6den finden Sie die ideale L\u00f6sung f\u00fcr sich. Wir sind hier, um Ihnen bei der Umsetzung Ihres Projekts zu helfen, indem wir einen Bodenbelag finden, der Ihren Bed\u00fcrfnissen und Ihrem Lebensstil am besten entspricht.<\/p>\n<h2>Adams \u017bary Einkaufszentrum<\/h2>\n<p>Das gr\u00f6\u00dfte Bodenbelagszentrum in der Gegend, mit einer gro\u00dfen Auswahl an Bodenbel\u00e4gen, Bodenpaneelen und Zubeh\u00f6r. Sie finden bei uns nur hochwertige Produkte des renommierten Herstellers Quick-Step. In unserem Angebot finden Sie laminatb\u00f6den mit hoher Abriebfestigkeit und Wasserbest\u00e4ndigkeit, die sich daher ideal f\u00fcr Bereiche mit erh\u00f6hten Anforderungen eignen. Wir bieten auch alle notwendigen Accessoires und Werkzeuge, da unser Ziel darin besteht, umfassende L\u00f6sungen anzubieten. Unsere langj\u00e4hrige Erfahrung im Handel mit solchen Produkten hat uns auf die Bed\u00fcrfnisse der Kunden aufmerksam gemacht, weshalb wir f\u00fchrend sind in den Regionen \u017bary, Lipinki \u0141u\u017cyckie, Lubsko, Nowogr\u00f3d Bobrz., Szprotawa, Nowa S\u00f3l, Sieniawa \u017barska, Zielona G\u00f3ra, \u0141\u0119knica, Przew\u00f3z und \u017baga\u0144.<\/p>\n","protected":false},"excerpt":{"rendered":"<p>Hochwertige laminatb\u00f6den Bei der Auswahl des perfekten Bodenbelags legen Sie den Grundstein f\u00fcr die Schaffung eines einzigartigen Interieurs in Ihrem Zuhause. Quick-Step bietet eine Auswahl an laminatb\u00f6den, die alle Erwartungen erf\u00fcllen: Wir bieten eine breite&#8230;<\/p>\n<div class=\"text-center\"><a class=\"button-link\" href=\"https:\/\/e-adams.pl\/de\/produkt\/panele-podlogowe-quick-step\/\">Czytaj wi\u0119cej<\/a><\/div>\n","protected":false},"featured_media":24229,"comment_status":"closed","ping_status":"closed","template":"","meta":{"_acf_changed":false,"inline_featured_image":false},"product_cat":[2743],"product_tag":[2764,2763,2766,2762,2765,2771],"class_list":{"0":"post-24256","1":"product","2":"type-product","3":"status-publish","4":"has-post-thumbnail","6":"product_cat-bodenpaneele","7":"product_tag-boden","8":"product_tag-bodenplatten","9":"product_tag-fussbodenpaneele","10":"product_tag-laminatplatten","11":"product_tag-paneele","12":"product_tag-quick-step-de","14":"first","15":"instock","16":"shipping-taxable","17":"product-type-simple"},"acf":[],"_links":{"self":[{"href":"https:\/\/e-adams.pl\/de\/wp-json\/wp\/v2\/product\/24256","targetHints":{"allow":["GET"]}}],"collection":[{"href":"https:\/\/e-adams.pl\/de\/wp-json\/wp\/v2\/product"}],"about":[{"href":"https:\/\/e-adams.pl\/de\/wp-json\/wp\/v2\/types\/product"}],"replies":[{"embeddable":true,"href":"https:\/\/e-adams.pl\/de\/wp-json\/wp\/v2\/comments?post=24256"}],"wp:featuredmedia":[{"embeddable":true,"href":"https:\/\/e-adams.pl\/de\/wp-json\/wp\/v2\/media\/24229"}],"wp:attachment":[{"href":"https:\/\/e-adams.pl\/de\/wp-json\/wp\/v2\/media?parent=24256"}],"wp:term":[{"taxonomy":"product_cat","embeddable":true,"href":"https:\/\/e-adams.pl\/de\/wp-json\/wp\/v2\/product_cat?post=24256"},{"taxonomy":"product_tag","embeddable":true,"href":"https:\/\/e-adams.pl\/de\/wp-json\/wp\/v2\/product_tag?post=24256"}],"curies":[{"name":"wp","href":"https:\/\/api.w.org\/{rel}","templated":true}]}}