{"id":24257,"date":"2024-02-02T10:51:29","date_gmt":"2024-02-02T09:51:29","guid":{"rendered":"https:\/\/e-adams.pl\/produkt\/panele-podlogowe-pergo\/"},"modified":"2024-04-19T08:24:37","modified_gmt":"2024-04-19T06:24:37","slug":"panele-podlogowe-pergo","status":"publish","type":"product","link":"https:\/\/e-adams.pl\/de\/produkt\/panele-podlogowe-pergo\/","title":{"rendered":"PERGO Fu\u00dfbodenpaneele"},"content":{"rendered":"<h2>B\u00f6den f\u00fcr ein lebendiges Leben geschaffen.<\/h2>\n<p>Die Firma Pergo hat sich auf die Herstellung \u00e4sthetischer und \u00e4u\u00dferst strapazierf\u00e4higer B\u00f6den spezialisiert, ohne Kompromisse oder Abk\u00fcrzungen. Deren Designs spiegeln die skandinavische Vorliebe f\u00fcr Funktionalit\u00e4t und einzigartiges Design wider. Sie bieten leicht zu montierende B\u00f6den, die sich in jeder Alltagssituation bew\u00e4hren. Aus dem umfangreichen Angebot an Laminat, eines der breitesten auf dem Markt, werden Sie sicherlich das perfekt zu Ihren Bed\u00fcrfnissen passende Produkt ausw\u00e4hlen.<\/p>\n<h2>Adams \u017bary Einkaufszentrum<\/h2>\n<p>Das gr\u00f6\u00dfte Bodenbelagszentrum in der Gegend, mit einer gro\u00dfen Auswahl an Bodenbel\u00e4gen, Bodenpaneelen und Zubeh\u00f6r. Sie finden bei uns nur hochwertige Produkte des renommierten Herstellers Pergo. In unserem Angebot finden Sie laminatb\u00f6den mit hoher Abriebfestigkeit und Wasserbest\u00e4ndigkeit, die sich daher ideal f\u00fcr Bereiche mit erh\u00f6hten Anforderungen eignen. Wir bieten auch alle notwendigen Accessoires und Werkzeuge, da unser Ziel darin besteht, umfassende L\u00f6sungen anzubieten. Unsere langj\u00e4hrige Erfahrung im Handel mit solchen Produkten hat uns auf die Bed\u00fcrfnisse der Kunden aufmerksam gemacht, weshalb wir f\u00fchrend sind in den Regionen \u017bary, Lipinki \u0141u\u017cyckie, Lubsko, Nowogr\u00f3d Bobrz., Szprotawa, Nowa S\u00f3l, Sieniawa \u017barska, Zielona G\u00f3ra, \u0141\u0119knica, Przew\u00f3z und \u017baga\u0144.<\/p>\n","protected":false},"excerpt":{"rendered":"<p>B\u00f6den f\u00fcr ein lebendiges Leben geschaffen. Die Firma Pergo hat sich auf die Herstellung \u00e4sthetischer und \u00e4u\u00dferst strapazierf\u00e4higer B\u00f6den spezialisiert, ohne Kompromisse oder Abk\u00fcrzungen. Deren Designs spiegeln die skandinavische Vorliebe f\u00fcr Funktionalit\u00e4t und einzigartiges Design&#8230;<\/p>\n<div class=\"text-center\"><a class=\"button-link\" href=\"https:\/\/e-adams.pl\/de\/produkt\/panele-podlogowe-pergo\/\">Czytaj wi\u0119cej<\/a><\/div>\n","protected":false},"featured_media":24228,"comment_status":"closed","ping_status":"closed","template":"","meta":{"_acf_changed":false,"inline_featured_image":false},"product_cat":[2743],"product_tag":[2764,2763,2766,2762,2765,2772],"class_list":{"0":"post-24257","1":"product","2":"type-product","3":"status-publish","4":"has-post-thumbnail","6":"product_cat-bodenpaneele","7":"product_tag-boden","8":"product_tag-bodenplatten","9":"product_tag-fussbodenpaneele","10":"product_tag-laminatplatten","11":"product_tag-paneele","12":"product_tag-pergo-de","14":"first","15":"instock","16":"shipping-taxable","17":"product-type-simple"},"acf":[],"_links":{"self":[{"href":"https:\/\/e-adams.pl\/de\/wp-json\/wp\/v2\/product\/24257","targetHints":{"allow":["GET"]}}],"collection":[{"href":"https:\/\/e-adams.pl\/de\/wp-json\/wp\/v2\/product"}],"about":[{"href":"https:\/\/e-adams.pl\/de\/wp-json\/wp\/v2\/types\/product"}],"replies":[{"embeddable":true,"href":"https:\/\/e-adams.pl\/de\/wp-json\/wp\/v2\/comments?post=24257"}],"wp:featuredmedia":[{"embeddable":true,"href":"https:\/\/e-adams.pl\/de\/wp-json\/wp\/v2\/media\/24228"}],"wp:attachment":[{"href":"https:\/\/e-adams.pl\/de\/wp-json\/wp\/v2\/media?parent=24257"}],"wp:term":[{"taxonomy":"product_cat","embeddable":true,"href":"https:\/\/e-adams.pl\/de\/wp-json\/wp\/v2\/product_cat?post=24257"},{"taxonomy":"product_tag","embeddable":true,"href":"https:\/\/e-adams.pl\/de\/wp-json\/wp\/v2\/product_tag?post=24257"}],"curies":[{"name":"wp","href":"https:\/\/api.w.org\/{rel}","templated":true}]}}