{"id":24259,"date":"2024-02-02T10:44:38","date_gmt":"2024-02-02T09:44:38","guid":{"rendered":"https:\/\/e-adams.pl\/produkt\/panele-podlogowe-egger\/"},"modified":"2024-04-19T08:24:49","modified_gmt":"2024-04-19T06:24:49","slug":"panele-podlogowe-egger","status":"publish","type":"product","link":"https:\/\/e-adams.pl\/de\/produkt\/panele-podlogowe-egger\/","title":{"rendered":"EGGER Fu\u00dfbodenpaneele"},"content":{"rendered":"<h2>Hochwertige laminatpaneele<\/h2>\n<p>EGGER hat sich seit \u00fcber 20 Jahren auf die Herstellung von laminatpaneelen spezialisiert und sich als einer der f\u00fchrenden Anbieter von hochwertigen laminatb\u00f6den in Europa etabliert. Das Angebot von EGGER richtet sich an diejenigen, die nach h\u00f6chster Qualit\u00e4t suchen, die langfristige Zufriedenheit garantieren und eine angenehme Atmosph\u00e4re in jeden Raum bringen. Die Produkte von EGGER zeichnen sich nicht nur durch \u00c4sthetik aus, sondern auch durch Feuchtigkeitsbest\u00e4ndigkeit dank der Aqua+ Linie sowie durch Strapazierf\u00e4higkeit und vielseitige Anwendungsm\u00f6glichkeiten. Mit einem Engagement f\u00fcr die Umwelt nutzt das Unternehmen ausschlie\u00dflich Holz aus nachhaltig bewirtschafteten W\u00e4ldern und stellt somit gesundheits- und umweltfreundliche Produkte her. Dank des Click-it! Systems bieten wir auch einfach zu montierende L\u00f6sungen, die ideal f\u00fcr Renovierungen sind.<\/p>\n<h2>Adams \u017bary Einkaufszentrum<\/h2>\n<p>Das gr\u00f6\u00dfte Bodenbelagszentrum in der Gegend, mit einer gro\u00dfen Auswahl an Bodenbel\u00e4gen, Bodenpaneelen und Zubeh\u00f6r. Sie finden bei uns nur hochwertige Produkte des renommierten Herstellers EGGER. In unserem Angebot finden Sie laminatb\u00f6den mit hoher Abriebfestigkeit und Wasserbest\u00e4ndigkeit, die sich daher ideal f\u00fcr Bereiche mit erh\u00f6hten Anforderungen eignen. Wir bieten auch alle notwendigen Accessoires und Werkzeuge, da unser Ziel darin besteht, umfassende L\u00f6sungen anzubieten. Unsere langj\u00e4hrige Erfahrung im Handel mit solchen Produkten hat uns auf die Bed\u00fcrfnisse der Kunden aufmerksam gemacht, weshalb wir f\u00fchrend sind in den Regionen \u017bary, Lipinki \u0141u\u017cyckie, Lubsko, Nowogr\u00f3d Bobrz., Szprotawa, Nowa S\u00f3l, Sieniawa \u017barska, Zielona G\u00f3ra, \u0141\u0119knica, Przew\u00f3z und \u017baga\u0144.<\/p>\n","protected":false},"excerpt":{"rendered":"<p>Hochwertige laminatpaneele EGGER hat sich seit \u00fcber 20 Jahren auf die Herstellung von laminatpaneelen spezialisiert und sich als einer der f\u00fchrenden Anbieter von hochwertigen laminatb\u00f6den in Europa etabliert. Das Angebot von EGGER richtet sich an&#8230;<\/p>\n<div class=\"text-center\"><a class=\"button-link\" href=\"https:\/\/e-adams.pl\/de\/produkt\/panele-podlogowe-egger\/\">Czytaj wi\u0119cej<\/a><\/div>\n","protected":false},"featured_media":24230,"comment_status":"closed","ping_status":"closed","template":"","meta":{"_acf_changed":false,"inline_featured_image":false},"product_cat":[2743],"product_tag":[2764,2763,2773,2766,2762,2765],"class_list":{"0":"post-24259","1":"product","2":"type-product","3":"status-publish","4":"has-post-thumbnail","6":"product_cat-bodenpaneele","7":"product_tag-boden","8":"product_tag-bodenplatten","9":"product_tag-egger","10":"product_tag-fussbodenpaneele","11":"product_tag-laminatplatten","12":"product_tag-paneele","14":"first","15":"instock","16":"shipping-taxable","17":"product-type-simple"},"acf":[],"_links":{"self":[{"href":"https:\/\/e-adams.pl\/de\/wp-json\/wp\/v2\/product\/24259","targetHints":{"allow":["GET"]}}],"collection":[{"href":"https:\/\/e-adams.pl\/de\/wp-json\/wp\/v2\/product"}],"about":[{"href":"https:\/\/e-adams.pl\/de\/wp-json\/wp\/v2\/types\/product"}],"replies":[{"embeddable":true,"href":"https:\/\/e-adams.pl\/de\/wp-json\/wp\/v2\/comments?post=24259"}],"wp:featuredmedia":[{"embeddable":true,"href":"https:\/\/e-adams.pl\/de\/wp-json\/wp\/v2\/media\/24230"}],"wp:attachment":[{"href":"https:\/\/e-adams.pl\/de\/wp-json\/wp\/v2\/media?parent=24259"}],"wp:term":[{"taxonomy":"product_cat","embeddable":true,"href":"https:\/\/e-adams.pl\/de\/wp-json\/wp\/v2\/product_cat?post=24259"},{"taxonomy":"product_tag","embeddable":true,"href":"https:\/\/e-adams.pl\/de\/wp-json\/wp\/v2\/product_tag?post=24259"}],"curies":[{"name":"wp","href":"https:\/\/api.w.org\/{rel}","templated":true}]}}