{"id":24263,"date":"2024-04-11T14:18:46","date_gmt":"2024-04-11T12:18:46","guid":{"rendered":"https:\/\/e-adams.pl\/produkt\/podlogi-naturalne-barlinek\/"},"modified":"2024-04-19T08:28:41","modified_gmt":"2024-04-19T06:28:41","slug":"podlogi-naturalne-barlinek","status":"publish","type":"product","link":"https:\/\/e-adams.pl\/de\/produkt\/podlogi-naturalne-barlinek\/","title":{"rendered":"Nat\u00fcrliche B\u00f6den von Barlinek"},"content":{"rendered":"<h2>\u00d6kologisch und umweltneutral<\/h2>\n<p>Die Barlinek Gruppe ist f\u00fchrend in der Produktion von Schicht-Holzb\u00f6den, mit der Kapazit\u00e4t \u00fcber 12 Millionen m\u00b2 pro Jahr zu produzieren. Das Flaggschiffprodukt, die Barlinecka Planke, vereint exotisches und heimisches Holz. Die Produkte des Unternehmens erreichen 75 L\u00e4nder und dienen sowohl in Privath\u00e4usern als auch in \u00f6ffentlichen R\u00e4umen &#8211; B\u00fcros, Hotels oder Museen. Barlinek bietet auch spezielle Sportb\u00f6den und ein vollst\u00e4ndiges Sortiment an Bodenzubeh\u00f6r, angereichert mit \u00f6kologischen Biobrennstoffen wie Pellets und Briketts.<\/p>\n<h2>Adams Einkaufszentrum \u017bary<\/h2>\n<p>Dies ist das gr\u00f6\u00dfte lokale Zentrum f\u00fcr B\u00f6den, Bodenpaneele, Naturb\u00f6den und Zubeh\u00f6r in der Umgebung. Bei uns finden Sie eine Auswahl nur der h\u00f6chsten Qualit\u00e4t vom bekannten Hersteller Barlinek. In unserem Angebot sind Naturb\u00f6den f\u00fcr Personen verf\u00fcgbar, die klassische L\u00f6sungen und ein nat\u00fcrliches Aussehen sch\u00e4tzen. Alle notwendigen Zubeh\u00f6rteile und Werkzeuge sind verf\u00fcgbar, da unser Ziel darin besteht, umfassende L\u00f6sungen zu liefern. Langj\u00e4hrige Erfahrung im Handel mit solchen Produkten hat uns f\u00fcr die Bed\u00fcrfnisse unserer Kunden sensibilisiert, weshalb wir f\u00fchrend im Bereich B\u00f6den in den Regionen \u017bary, Lipinki \u0141u\u017cyckie, Lubsko, Nowogr\u00f3d Bobrz., Szprotawa, Nowa S\u00f3l, Sieniawa \u017barska, Zielona G\u00f3ra, \u0141\u0119knica, Przew\u00f3z und \u017baga\u0144 sind.<\/p>\n","protected":false},"excerpt":{"rendered":"<p>\u00d6kologisch und umweltneutral Die Barlinek Gruppe ist f\u00fchrend in der Produktion von Schicht-Holzb\u00f6den, mit der Kapazit\u00e4t \u00fcber 12 Millionen m\u00b2 pro Jahr zu produzieren. Das Flaggschiffprodukt, die Barlinecka Planke, vereint exotisches und heimisches Holz. Die&#8230;<\/p>\n<div class=\"text-center\"><a class=\"button-link\" href=\"https:\/\/e-adams.pl\/de\/produkt\/podlogi-naturalne-barlinek\/\">Czytaj wi\u0119cej<\/a><\/div>\n","protected":false},"featured_media":24218,"comment_status":"closed","ping_status":"closed","template":"","meta":{"_acf_changed":false,"inline_featured_image":false},"product_cat":[2745],"product_tag":[2778,2764,2776,2774,2775],"class_list":{"0":"post-24263","1":"product","2":"type-product","3":"status-publish","4":"has-post-thumbnail","6":"product_cat-naturboeden","7":"product_tag-barlinek-de","8":"product_tag-boden","9":"product_tag-holzboeden","10":"product_tag-holzpaneele","11":"product_tag-naturboden","13":"first","14":"instock","15":"shipping-taxable","16":"product-type-simple"},"acf":[],"_links":{"self":[{"href":"https:\/\/e-adams.pl\/de\/wp-json\/wp\/v2\/product\/24263","targetHints":{"allow":["GET"]}}],"collection":[{"href":"https:\/\/e-adams.pl\/de\/wp-json\/wp\/v2\/product"}],"about":[{"href":"https:\/\/e-adams.pl\/de\/wp-json\/wp\/v2\/types\/product"}],"replies":[{"embeddable":true,"href":"https:\/\/e-adams.pl\/de\/wp-json\/wp\/v2\/comments?post=24263"}],"wp:featuredmedia":[{"embeddable":true,"href":"https:\/\/e-adams.pl\/de\/wp-json\/wp\/v2\/media\/24218"}],"wp:attachment":[{"href":"https:\/\/e-adams.pl\/de\/wp-json\/wp\/v2\/media?parent=24263"}],"wp:term":[{"taxonomy":"product_cat","embeddable":true,"href":"https:\/\/e-adams.pl\/de\/wp-json\/wp\/v2\/product_cat?post=24263"},{"taxonomy":"product_tag","embeddable":true,"href":"https:\/\/e-adams.pl\/de\/wp-json\/wp\/v2\/product_tag?post=24263"}],"curies":[{"name":"wp","href":"https:\/\/api.w.org\/{rel}","templated":true}]}}