{"id":24265,"date":"2024-02-02T11:21:36","date_gmt":"2024-02-02T10:21:36","guid":{"rendered":"https:\/\/e-adams.pl\/produkt\/podlogi-naturalne-vox\/"},"modified":"2024-04-19T08:27:54","modified_gmt":"2024-04-19T06:27:54","slug":"podlogi-naturalne-vox","status":"publish","type":"product","link":"https:\/\/e-adams.pl\/de\/produkt\/podlogi-naturalne-vox\/","title":{"rendered":"Nat\u00fcrliche B\u00f6den von VOX"},"content":{"rendered":"<h2>Hochwertige Naturb\u00f6den<\/h2>\n<p>Seit 1989 spezialisiert sich die Marke VOX auf die Herstellung von Bodenpaneelen und Naturb\u00f6den und bietet ein umfangreiches Sortiment zur Raumgestaltung an. Die Mission von VOX ist es, Kunden dabei zu unterst\u00fctzen, pers\u00f6nliche R\u00e4ume zu gestalten, die ihre einzigartigen Bed\u00fcrfnisse und Lebensstile widerspiegeln. In enger Zusammenarbeit mit anerkannten polnischen Designern entwickelt das Unternehmen einzigartige, funktionale Kollektionen, die B\u00f6den, T\u00fcren, dekorative Wandelemente, M\u00f6bel und Zubeh\u00f6r umfassen und eine einheitliche stilistische Vision garantieren. VOX zeichnet sich durch eine innovative Designplattform und professionelle Berater in den Showrooms aus, die bereit sind, bei der Verwirklichung des Traums vom perfekten Zuhause zu assistieren. Das Engagement f\u00fcr hohe Qualit\u00e4t und Langlebigkeit der Produkte ist ein Ausdruck des Engagements der Marke, L\u00f6sungen zu liefern, die langfristig in den H\u00e4usern der Kunden bleiben, ihr Leben bereichern und zu ihrem Gl\u00fcck und Gef\u00fchl der Freiheit beitragen.<\/p>\n<h2>Adams Einkaufszentrum in \u017bary<\/h2>\n<p>Dies ist das gr\u00f6\u00dfte Zentrum in der Umgebung f\u00fcr B\u00f6den, Bodenpaneele, Naturb\u00f6den und Zubeh\u00f6r. Bei uns finden Sie eine Auswahl nur der h\u00f6chsten Qualit\u00e4t vom bekannten Hersteller VOX. In unserem Angebot sind Naturb\u00f6den verf\u00fcgbar, die sich f\u00fcr Personen eignen, die klassische L\u00f6sungen und ein nat\u00fcrliches Aussehen sch\u00e4tzen. Alle notwendigen Zubeh\u00f6rteile und Werkzeuge sind vorhanden, da unser Ziel darin besteht, umfassende L\u00f6sungen zu bieten. Unsere langj\u00e4hrige Erfahrung im Handel mit diesen Produkten hat uns sensibel f\u00fcr die Bed\u00fcrfnisse unserer Kunden gemacht, weshalb wir f\u00fchrend im Bereich B\u00f6den in den Regionen \u017bary, Lipinki \u0141u\u017cyckie, Lubsko, Nowogr\u00f3d Bobrz., Szprotawa, Nowa S\u00f3l, Sieniawa \u017barska, Zielona G\u00f3ra, \u0141\u0119knica, Przew\u00f3z und \u017baga\u0144 sind.<\/p>\n","protected":false},"excerpt":{"rendered":"<p>Hochwertige Naturb\u00f6den Seit 1989 spezialisiert sich die Marke VOX auf die Herstellung von Bodenpaneelen und Naturb\u00f6den und bietet ein umfangreiches Sortiment zur Raumgestaltung an. Die Mission von VOX ist es, Kunden dabei zu unterst\u00fctzen, pers\u00f6nliche&#8230;<\/p>\n<div class=\"text-center\"><a class=\"button-link\" href=\"https:\/\/e-adams.pl\/de\/produkt\/podlogi-naturalne-vox\/\">Czytaj wi\u0119cej<\/a><\/div>\n","protected":false},"featured_media":24216,"comment_status":"closed","ping_status":"closed","template":"","meta":{"_acf_changed":false,"inline_featured_image":false},"product_cat":[2745],"product_tag":[2764,2776,2774,2775,2768],"class_list":{"0":"post-24265","1":"product","2":"type-product","3":"status-publish","4":"has-post-thumbnail","6":"product_cat-naturboeden","7":"product_tag-boden","8":"product_tag-holzboeden","9":"product_tag-holzpaneele","10":"product_tag-naturboden","11":"product_tag-vox-de","13":"first","14":"instock","15":"shipping-taxable","16":"product-type-simple"},"acf":[],"_links":{"self":[{"href":"https:\/\/e-adams.pl\/de\/wp-json\/wp\/v2\/product\/24265","targetHints":{"allow":["GET"]}}],"collection":[{"href":"https:\/\/e-adams.pl\/de\/wp-json\/wp\/v2\/product"}],"about":[{"href":"https:\/\/e-adams.pl\/de\/wp-json\/wp\/v2\/types\/product"}],"replies":[{"embeddable":true,"href":"https:\/\/e-adams.pl\/de\/wp-json\/wp\/v2\/comments?post=24265"}],"wp:featuredmedia":[{"embeddable":true,"href":"https:\/\/e-adams.pl\/de\/wp-json\/wp\/v2\/media\/24216"}],"wp:attachment":[{"href":"https:\/\/e-adams.pl\/de\/wp-json\/wp\/v2\/media?parent=24265"}],"wp:term":[{"taxonomy":"product_cat","embeddable":true,"href":"https:\/\/e-adams.pl\/de\/wp-json\/wp\/v2\/product_cat?post=24265"},{"taxonomy":"product_tag","embeddable":true,"href":"https:\/\/e-adams.pl\/de\/wp-json\/wp\/v2\/product_tag?post=24265"}],"curies":[{"name":"wp","href":"https:\/\/api.w.org\/{rel}","templated":true}]}}