{"id":24266,"date":"2024-02-02T10:59:41","date_gmt":"2024-02-02T09:59:41","guid":{"rendered":"https:\/\/e-adams.pl\/produkt\/panele-winylowe-vox\/"},"modified":"2024-04-19T08:32:44","modified_gmt":"2024-04-19T06:32:44","slug":"panele-winylowe-vox","status":"publish","type":"product","link":"https:\/\/e-adams.pl\/de\/produkt\/panele-winylowe-vox\/","title":{"rendered":"Vinylb\u00f6den von VOX"},"content":{"rendered":"<h2>Ideen f\u00fcr die Gestaltung von Fu\u00dfb\u00f6den f\u00fcr Ihr Zuhause<\/h2>\n<p>VOX, seit 1989 auf dem Markt, ist eine Marke, die sich auf die Herstellung von Bodenpaneelen und Vinylb\u00f6den spezialisiert hat und bietet eine breite Palette von Produkten f\u00fcr die Inneneinrichtung an. Die Mission des Unternehmens ist es, bei der Schaffung einzigartiger R\u00e4ume zu helfen, die die individuellen Bed\u00fcrfnisse und den Lebensstil der Nutzer widerspiegeln. Durch die Zusammenarbeit mit renommierten polnischen Designern pr\u00e4sentiert VOX originelle und funktionale Kollektionen, die B\u00f6den, T\u00fcren, dekorative W\u00e4nde, M\u00f6bel und Zubeh\u00f6r umfassen und so eine stilistische Koh\u00e4renz der Innenr\u00e4ume gew\u00e4hrleisten. Das Unternehmen zeichnet sich durch eine innovative Designplattform und die Verf\u00fcgbarkeit von Beratern in den Showrooms aus, die Kunden bei der Verwirklichung ihrer Traumh\u00e4user unterst\u00fctzen. Der Schwerpunkt auf Qualit\u00e4t und Langlebigkeit der Produkte unterstreicht das Engagement der Marke, L\u00f6sungen zu liefern, die jahrelang dienen, das t\u00e4gliche Leben bereichern und zum Gl\u00fcck und Freiheitsgef\u00fchl der Nutzer beitragen.<\/p>\n<h2>Das Einkaufszentrum Adams in \u017bary<\/h2>\n<p>Dies ist das gr\u00f6\u00dfte Einkaufszentrum der Region f\u00fcr B\u00f6den, Bodenpaneele, Vinylb\u00f6den und Zubeh\u00f6r. Bei uns finden Sie ausschlie\u00dflich hochwertige Produkte des bekannten Herstellers VOX. In unserem Sortiment sind Vinylb\u00f6den mit hoher Abriebfestigkeit und akustischen Eigenschaften verf\u00fcgbar, die helfen, R\u00e4ume zu beruhigen. Vinylb\u00f6den zeichnen sich durch Wasserfestigkeit aus, was sie besonders geeignet f\u00fcr Bereiche mit erh\u00f6hten Anforderungen macht und erm\u00f6glichen durch eine gro\u00dfe Palette von Farben und Mustern eine perfekte Raumgestaltung. Unsere langj\u00e4hrige Erfahrung im Handel mit diesen Produkten hat uns sensibel f\u00fcr die Bed\u00fcrfnisse unserer Kunden gemacht, weshalb wir f\u00fchrend in der Bodenbranche in den Regionen \u017bary, Lipinki \u0141u\u017cyckie, Lubsko, Nowogr\u00f3d Bobrz., Szprotawa, Nowa S\u00f3l, Sieniawa \u017barska, Zielona G\u00f3ra, \u0141\u0119knica, Przew\u00f3z und \u017baga\u0144 sind.<\/p>\n","protected":false},"excerpt":{"rendered":"<p>Ideen f\u00fcr die Gestaltung von Fu\u00dfb\u00f6den f\u00fcr Ihr Zuhause VOX, seit 1989 auf dem Markt, ist eine Marke, die sich auf die Herstellung von Bodenpaneelen und Vinylb\u00f6den spezialisiert hat und bietet eine breite Palette von&#8230;<\/p>\n<div class=\"text-center\"><a class=\"button-link\" href=\"https:\/\/e-adams.pl\/de\/produkt\/panele-winylowe-vox\/\">Czytaj wi\u0119cej<\/a><\/div>\n","protected":false},"featured_media":24203,"comment_status":"closed","ping_status":"closed","template":"","meta":{"_acf_changed":false,"inline_featured_image":false},"product_cat":[2744],"product_tag":[2764,2782,2779,2783,2781,2780,2768],"class_list":{"0":"post-24266","1":"product","2":"type-product","3":"status-publish","4":"has-post-thumbnail","6":"product_cat-vinylboeden","7":"product_tag-boden","8":"product_tag-bodenbelag","9":"product_tag-platten","10":"product_tag-vinyl","11":"product_tag-vinylboden","12":"product_tag-vinylplatten","13":"product_tag-vox-de","15":"first","16":"instock","17":"shipping-taxable","18":"product-type-simple"},"acf":[],"_links":{"self":[{"href":"https:\/\/e-adams.pl\/de\/wp-json\/wp\/v2\/product\/24266","targetHints":{"allow":["GET"]}}],"collection":[{"href":"https:\/\/e-adams.pl\/de\/wp-json\/wp\/v2\/product"}],"about":[{"href":"https:\/\/e-adams.pl\/de\/wp-json\/wp\/v2\/types\/product"}],"replies":[{"embeddable":true,"href":"https:\/\/e-adams.pl\/de\/wp-json\/wp\/v2\/comments?post=24266"}],"wp:featuredmedia":[{"embeddable":true,"href":"https:\/\/e-adams.pl\/de\/wp-json\/wp\/v2\/media\/24203"}],"wp:attachment":[{"href":"https:\/\/e-adams.pl\/de\/wp-json\/wp\/v2\/media?parent=24266"}],"wp:term":[{"taxonomy":"product_cat","embeddable":true,"href":"https:\/\/e-adams.pl\/de\/wp-json\/wp\/v2\/product_cat?post=24266"},{"taxonomy":"product_tag","embeddable":true,"href":"https:\/\/e-adams.pl\/de\/wp-json\/wp\/v2\/product_tag?post=24266"}],"curies":[{"name":"wp","href":"https:\/\/api.w.org\/{rel}","templated":true}]}}