{"id":24267,"date":"2024-02-02T11:13:03","date_gmt":"2024-02-02T10:13:03","guid":{"rendered":"https:\/\/e-adams.pl\/produkt\/panele-winylowe-gerflor\/"},"modified":"2024-04-19T08:34:38","modified_gmt":"2024-04-19T06:34:38","slug":"panele-winylowe-gerflor","status":"publish","type":"product","link":"https:\/\/e-adams.pl\/de\/produkt\/panele-winylowe-gerflor\/","title":{"rendered":"Vinylb\u00f6den von GERFLOR"},"content":{"rendered":"<h2>GERFLOR: Moderne L\u00f6sungen und \u00d6kologie<\/h2>\n<p>Die Gerflor-Gruppe spezialisiert sich auf die Gestaltung, Herstellung und den Verkauf von innovativen, dekorativen und \u00f6kologischen Produkten. Ihr Angebot umfasst flexible Bodenbel\u00e4ge, Linoleum, Wandverkleidungen sowie Produkte, die die Zug\u00e4nglichkeit in verschiedenen Einrichtungen erleichtern, einschlie\u00dflich rutschfester und antistatischer B\u00f6den. Gerflor bietet umfassende L\u00f6sungen von der Installation bis zur Fertigstellung, sowohl f\u00fcr Fachleute als auch f\u00fcr Privatkunden. Das Produktangebot von Gerflor ist so konzipiert, dass es den spezifischen Anforderungen verschiedener M\u00e4rkte entspricht. Die Produkte finden Anwendung in verschiedenen Einrichtungen, einschlie\u00dflich kommerziellen, Bildungs-, Krankenhaus-, Sportanlagen (wie Turnhallen und Au\u00dfenspielpl\u00e4tzen) und sogar in Wohngeb\u00e4uden. Die von Gerflor angebotenen L\u00f6sungen sind eine Quelle der Inspiration und bieten den Nutzern Wohlbefinden, Sicherheit, Leistung und eine Rendite ihrer Investition.<\/p>\n<h2>Adams Einkaufszentrum in \u017bary<\/h2>\n<p>Dies ist das gr\u00f6\u00dfte Zentrum in der Umgebung f\u00fcr B\u00f6den, Bodenpaneele, Vinylb\u00f6den und Zubeh\u00f6r. Bei uns finden Sie ausschlie\u00dflich hochwertige Produkte des bekannten Herstellers Gerflor. Unser Angebot umfasst Vinylb\u00f6den mit hoher Abriebfestigkeit und akustischen Eigenschaften, die zur Ger\u00e4uschminderung in R\u00e4umen beitragen. Die wasserfesten Vinylb\u00f6den eignen sich f\u00fcr Bereiche mit erh\u00f6hten Anforderungen und erm\u00f6glichen durch eine breite Palette an Farben und Mustern eine perfekte Raumgestaltung. Unsere langj\u00e4hrige Erfahrung im Handel mit diesen Produkten hat uns sensibel f\u00fcr die Bed\u00fcrfnisse unserer Kunden gemacht, weshalb wir f\u00fchrend im Bereich der Bodenbel\u00e4ge in den Regionen \u017bary, Lipinki \u0141u\u017cyckie, Lubsko, Nowogr\u00f3d Bobrz., Szprotawa, Nowa S\u00f3l, Sieniawa \u017barska, Zielona G\u00f3ra, \u0141\u0119knica, Przew\u00f3z und \u017baga\u0144 sind.<\/p>\n","protected":false},"excerpt":{"rendered":"<p>GERFLOR: Moderne L\u00f6sungen und \u00d6kologie Die Gerflor-Gruppe spezialisiert sich auf die Gestaltung, Herstellung und den Verkauf von innovativen, dekorativen und \u00f6kologischen Produkten. Ihr Angebot umfasst flexible Bodenbel\u00e4ge, Linoleum, Wandverkleidungen sowie Produkte, die die Zug\u00e4nglichkeit in&#8230;<\/p>\n<div class=\"text-center\"><a class=\"button-link\" href=\"https:\/\/e-adams.pl\/de\/produkt\/panele-winylowe-gerflor\/\">Czytaj wi\u0119cej<\/a><\/div>\n","protected":false},"featured_media":24204,"comment_status":"closed","ping_status":"closed","template":"","meta":{"_acf_changed":false,"inline_featured_image":false},"product_cat":[2744],"product_tag":[2764,2782,2785,2779,2783,2781,2780],"class_list":{"0":"post-24267","1":"product","2":"type-product","3":"status-publish","4":"has-post-thumbnail","6":"product_cat-vinylboeden","7":"product_tag-boden","8":"product_tag-bodenbelag","9":"product_tag-gerflor-de","10":"product_tag-platten","11":"product_tag-vinyl","12":"product_tag-vinylboden","13":"product_tag-vinylplatten","15":"first","16":"instock","17":"shipping-taxable","18":"product-type-simple"},"acf":[],"_links":{"self":[{"href":"https:\/\/e-adams.pl\/de\/wp-json\/wp\/v2\/product\/24267","targetHints":{"allow":["GET"]}}],"collection":[{"href":"https:\/\/e-adams.pl\/de\/wp-json\/wp\/v2\/product"}],"about":[{"href":"https:\/\/e-adams.pl\/de\/wp-json\/wp\/v2\/types\/product"}],"replies":[{"embeddable":true,"href":"https:\/\/e-adams.pl\/de\/wp-json\/wp\/v2\/comments?post=24267"}],"wp:featuredmedia":[{"embeddable":true,"href":"https:\/\/e-adams.pl\/de\/wp-json\/wp\/v2\/media\/24204"}],"wp:attachment":[{"href":"https:\/\/e-adams.pl\/de\/wp-json\/wp\/v2\/media?parent=24267"}],"wp:term":[{"taxonomy":"product_cat","embeddable":true,"href":"https:\/\/e-adams.pl\/de\/wp-json\/wp\/v2\/product_cat?post=24267"},{"taxonomy":"product_tag","embeddable":true,"href":"https:\/\/e-adams.pl\/de\/wp-json\/wp\/v2\/product_tag?post=24267"}],"curies":[{"name":"wp","href":"https:\/\/api.w.org\/{rel}","templated":true}]}}