{"id":24268,"date":"2024-02-02T11:16:43","date_gmt":"2024-02-02T10:16:43","guid":{"rendered":"https:\/\/e-adams.pl\/produkt\/podlogi-winylowe-moduleo\/"},"modified":"2024-04-19T08:34:05","modified_gmt":"2024-04-19T06:34:05","slug":"podlogi-winylowe-moduleo","status":"publish","type":"product","link":"https:\/\/e-adams.pl\/de\/produkt\/podlogi-winylowe-moduleo\/","title":{"rendered":"Vinylb\u00f6den von MODULEO"},"content":{"rendered":"<h2>Vielfalt und Individualit\u00e4t<\/h2>\n<p>Moduleo ist ein Unternehmen, das sich auf das Design innovativer Bodenl\u00f6sungen spezialisiert hat, die sich nicht nur durch Stil, sondern auch durch ein intelligentes Konzept in Bezug auf Funktionalit\u00e4t und Verarbeitungsqualit\u00e4t auszeichnen. Moduleo geht \u00fcber die traditionellen Konventionen im Bodendesign hinaus und beschr\u00e4nkt sich nicht auf \u00fcbliche Farben, Muster, Materialien oder Formen. Durch das mutige Kombinieren verschiedener Elemente und einen inspirierenden Ansatz schafft das Unternehmen einzigartige r\u00e4umliche Erlebnisse, die Erwartungen \u00fcbertreffen und die Sinne anregen. Dar\u00fcber hinaus legt das Unternehmen gro\u00dfen Wert auf multisensorische Erfahrungen und glaubt, dass ein Boden mehr als nur ein dekoratives Element ist. Deshalb ist jedes Produkt hinsichtlich Akustik, Lichtreflexion, Glanz, Textur, Weichheit und W\u00e4rme optimiert, um den Benutzern nicht nur \u00e4sthetische Zufriedenheit, sondern auch au\u00dfergew\u00f6hnlichen Komfort zu bieten.<\/p>\n<h2>Adams Einkaufszentrum in \u017bary<\/h2>\n<p>Dies ist das gr\u00f6\u00dfte Zentrum in der Umgebung f\u00fcr B\u00f6den, Bodenpaneele, Vinylb\u00f6den und Zubeh\u00f6r. Bei uns finden Sie eine Auswahl nur der h\u00f6chsten Qualit\u00e4t vom bekannten Hersteller Moduleo. Unser Angebot umfasst Vinylb\u00f6den mit hoher Abriebfestigkeit und akustischen Eigenschaften, die zur Ger\u00e4uschminderung in R\u00e4umen beitragen. Die wasserfesten Vinylb\u00f6den eignen sich f\u00fcr Bereiche mit erh\u00f6hten Anforderungen und erm\u00f6glichen durch eine breite Palette an Farben und Mustern eine perfekte Raumgestaltung. Unsere langj\u00e4hrige Erfahrung im Handel mit diesen Produkten hat uns sensibel f\u00fcr die Bed\u00fcrfnisse unserer Kunden gemacht, weshalb wir f\u00fchrend im Bereich der Bodenbel\u00e4ge in den Regionen \u017bary, Lipinki \u0141u\u017cyckie, Lubsko, Nowogr\u00f3d Bobrz., Szprotawa, Nowa S\u00f3l, Sieniawa \u017barska, Zielona G\u00f3ra, \u0141\u0119knica, Przew\u00f3z und \u017baga\u0144 sind.<\/p>\n","protected":false},"excerpt":{"rendered":"<p>Vielfalt und Individualit\u00e4t Moduleo ist ein Unternehmen, das sich auf das Design innovativer Bodenl\u00f6sungen spezialisiert hat, die sich nicht nur durch Stil, sondern auch durch ein intelligentes Konzept in Bezug auf Funktionalit\u00e4t und Verarbeitungsqualit\u00e4t auszeichnen&#8230;.<\/p>\n<div class=\"text-center\"><a class=\"button-link\" href=\"https:\/\/e-adams.pl\/de\/produkt\/podlogi-winylowe-moduleo\/\">Czytaj wi\u0119cej<\/a><\/div>\n","protected":false},"featured_media":24205,"comment_status":"closed","ping_status":"closed","template":"","meta":{"_acf_changed":false,"inline_featured_image":false},"product_cat":[2744],"product_tag":[2764,2782,2784,2779,2783,2781,2780],"class_list":{"0":"post-24268","1":"product","2":"type-product","3":"status-publish","4":"has-post-thumbnail","6":"product_cat-vinylboeden","7":"product_tag-boden","8":"product_tag-bodenbelag","9":"product_tag-moduleo-de","10":"product_tag-platten","11":"product_tag-vinyl","12":"product_tag-vinylboden","13":"product_tag-vinylplatten","15":"first","16":"instock","17":"shipping-taxable","18":"product-type-simple"},"acf":[],"_links":{"self":[{"href":"https:\/\/e-adams.pl\/de\/wp-json\/wp\/v2\/product\/24268","targetHints":{"allow":["GET"]}}],"collection":[{"href":"https:\/\/e-adams.pl\/de\/wp-json\/wp\/v2\/product"}],"about":[{"href":"https:\/\/e-adams.pl\/de\/wp-json\/wp\/v2\/types\/product"}],"replies":[{"embeddable":true,"href":"https:\/\/e-adams.pl\/de\/wp-json\/wp\/v2\/comments?post=24268"}],"wp:featuredmedia":[{"embeddable":true,"href":"https:\/\/e-adams.pl\/de\/wp-json\/wp\/v2\/media\/24205"}],"wp:attachment":[{"href":"https:\/\/e-adams.pl\/de\/wp-json\/wp\/v2\/media?parent=24268"}],"wp:term":[{"taxonomy":"product_cat","embeddable":true,"href":"https:\/\/e-adams.pl\/de\/wp-json\/wp\/v2\/product_cat?post=24268"},{"taxonomy":"product_tag","embeddable":true,"href":"https:\/\/e-adams.pl\/de\/wp-json\/wp\/v2\/product_tag?post=24268"}],"curies":[{"name":"wp","href":"https:\/\/api.w.org\/{rel}","templated":true}]}}