{"id":24270,"date":"2024-02-02T11:18:49","date_gmt":"2024-02-02T10:18:49","guid":{"rendered":"https:\/\/e-adams.pl\/produkt\/podlogi-winylowe-quick-step\/"},"modified":"2024-04-19T08:33:26","modified_gmt":"2024-04-19T06:33:26","slug":"podlogi-winylowe-quick-step","status":"publish","type":"product","link":"https:\/\/e-adams.pl\/de\/produkt\/podlogi-winylowe-quick-step\/","title":{"rendered":"Vinylb\u00f6den von QUICK-STEP"},"content":{"rendered":"<h2>Nat\u00fcrlicher Look und charakteristische W\u00e4rme<\/h2>\n<p>Quick-Step ist ein Hersteller von Vinylpaneelen, der mit Leidenschaft Bodenl\u00f6sungen f\u00fcr diejenigen kreiert, die von luxuri\u00f6sen R\u00e4umen in ihren H\u00e4usern tr\u00e4umen. Spezialisiert auf Vinylb\u00f6den, die Eleganz ausstrahlen und un\u00fcbertroffenen Komfort bieten, konzentriert sich Quick-Step auf die Bereitstellung von wasserfesten und kratzfesten Produkten. Das Angebot richtet sich an Personen, die morgens die W\u00e4rme unter ihren F\u00fc\u00dfen sch\u00e4tzen und den charmanten Look von Holz genie\u00dfen m\u00f6chten, ohne auf Praktikabilit\u00e4t und Langlebigkeit zu verzichten. F\u00fcr diejenigen, die den nat\u00fcrlichen Look von Stein in ihrer K\u00fcche bevorzugen, bietet der Hersteller eine breite Palette an Stilen und Arten von B\u00f6den, sodass jeder die perfekte Vinyl-Option f\u00fcr sein Zuhause finden kann. Durch das Engagement f\u00fcr Innovation und Liebe zum Detail verwandelt dieses Unternehmen die Tr\u00e4ume seiner Kunden in Realit\u00e4t, indem es B\u00f6den anbietet, die sich wundersch\u00f6n in jedes Interieur einf\u00fcgen.<\/p>\n<h2>Adams Einkaufszentrum in \u017bary<\/h2>\n<p>Dies ist das gr\u00f6\u00dfte Zentrum in der Umgebung f\u00fcr B\u00f6den, Bodenpaneele, Vinylb\u00f6den und Zubeh\u00f6r. Bei uns finden Sie eine Auswahl nur der h\u00f6chsten Qualit\u00e4t vom bekannten Hersteller Quick-Step. Unser Angebot umfasst Vinylb\u00f6den mit hoher Abriebfestigkeit und akustischen Eigenschaften, die zur Ger\u00e4uschminderung in R\u00e4umen beitragen. Die wasserfesten Vinylb\u00f6den eignen sich f\u00fcr Bereiche mit erh\u00f6hten Anforderungen und erm\u00f6glichen durch eine breite Palette an Farben und Mustern eine perfekte Raumgestaltung. Unsere langj\u00e4hrige Erfahrung im Handel mit diesen Produkten hat uns sensibel f\u00fcr die Bed\u00fcrfnisse unserer Kunden gemacht, weshalb wir f\u00fchrend im Bereich der Bodenbel\u00e4ge in den Regionen \u017bary, Lipinki \u0141u\u017cyckie, Lubsko, Nowogr\u00f3d Bobrz., Szprotawa, Nowa S\u00f3l, Sieniawa \u017barska, Zielona G\u00f3ra, \u0141\u0119knica, Przew\u00f3z und \u017baga\u0144 sind.<\/p>\n","protected":false},"excerpt":{"rendered":"<p>Nat\u00fcrlicher Look und charakteristische W\u00e4rme Quick-Step ist ein Hersteller von Vinylpaneelen, der mit Leidenschaft Bodenl\u00f6sungen f\u00fcr diejenigen kreiert, die von luxuri\u00f6sen R\u00e4umen in ihren H\u00e4usern tr\u00e4umen. Spezialisiert auf Vinylb\u00f6den, die Eleganz ausstrahlen und un\u00fcbertroffenen Komfort&#8230;<\/p>\n<div class=\"text-center\"><a class=\"button-link\" href=\"https:\/\/e-adams.pl\/de\/produkt\/podlogi-winylowe-quick-step\/\">Czytaj wi\u0119cej<\/a><\/div>\n","protected":false},"featured_media":24206,"comment_status":"closed","ping_status":"closed","template":"","meta":{"_acf_changed":false,"inline_featured_image":false},"product_cat":[2744],"product_tag":[2764,2782,2779,2771,2783,2781,2780],"class_list":{"0":"post-24270","1":"product","2":"type-product","3":"status-publish","4":"has-post-thumbnail","6":"product_cat-vinylboeden","7":"product_tag-boden","8":"product_tag-bodenbelag","9":"product_tag-platten","10":"product_tag-quick-step-de","11":"product_tag-vinyl","12":"product_tag-vinylboden","13":"product_tag-vinylplatten","15":"first","16":"instock","17":"shipping-taxable","18":"product-type-simple"},"acf":[],"_links":{"self":[{"href":"https:\/\/e-adams.pl\/de\/wp-json\/wp\/v2\/product\/24270","targetHints":{"allow":["GET"]}}],"collection":[{"href":"https:\/\/e-adams.pl\/de\/wp-json\/wp\/v2\/product"}],"about":[{"href":"https:\/\/e-adams.pl\/de\/wp-json\/wp\/v2\/types\/product"}],"replies":[{"embeddable":true,"href":"https:\/\/e-adams.pl\/de\/wp-json\/wp\/v2\/comments?post=24270"}],"wp:featuredmedia":[{"embeddable":true,"href":"https:\/\/e-adams.pl\/de\/wp-json\/wp\/v2\/media\/24206"}],"wp:attachment":[{"href":"https:\/\/e-adams.pl\/de\/wp-json\/wp\/v2\/media?parent=24270"}],"wp:term":[{"taxonomy":"product_cat","embeddable":true,"href":"https:\/\/e-adams.pl\/de\/wp-json\/wp\/v2\/product_cat?post=24270"},{"taxonomy":"product_tag","embeddable":true,"href":"https:\/\/e-adams.pl\/de\/wp-json\/wp\/v2\/product_tag?post=24270"}],"curies":[{"name":"wp","href":"https:\/\/api.w.org\/{rel}","templated":true}]}}