{"id":24296,"date":"2024-04-15T11:28:46","date_gmt":"2024-04-15T09:28:46","guid":{"rendered":"https:\/\/e-adams.pl\/produkt\/podlogi-winylowe-barlinek\/"},"modified":"2024-04-19T08:34:52","modified_gmt":"2024-04-19T06:34:52","slug":"podlogi-winylowe-barlinek","status":"publish","type":"product","link":"https:\/\/e-adams.pl\/de\/produkt\/podlogi-winylowe-barlinek\/","title":{"rendered":"Vinylb\u00f6den von Barlinek"},"content":{"rendered":"<h2>Moderne Vinylpaneele<\/h2>\n<p>Die Vinylpaneele von Barlinek zeichnen sich durch au\u00dfergew\u00f6hnliche Haltbarkeit aus \u2013 garantiert wird dies durch den DENSCORE-Kern, der aus umweltfreundlichen Komponenten besteht. Diese Kollektion von Vinylpaneelen ist von der Natur inspiriert. Als Experten f\u00fcr Holz wissen wir, dass Authentizit\u00e4t nie aus der Mode kommt. Die Paneele sind nicht nur stilvoll, sondern auch au\u00dferordentlich haltbar, perfekt f\u00fcr jede geografische Breite. W\u00e4hlen Sie einen Bodenbelag, der immer modern und pflegeleicht bleibt. Investieren Sie in Langlebigkeit und nat\u00fcrlichen Stil mit unseren Vinylpaneelen.<\/p>\n<h2>Adams \u017bary Einkaufszentrum<\/h2>\n<p>Dies ist das gr\u00f6\u00dfte Zentrum in der Gegend f\u00fcr B\u00f6den, Bodenpaneele, Vinylb\u00f6den und Zubeh\u00f6r. Bei uns finden Sie eine Auswahl nur der h\u00f6chsten Qualit\u00e4t vom bekannten Hersteller Barlinek. In unserem Angebot sind Vinylb\u00f6den verf\u00fcgbar, die eine hohe Abriebfestigkeit aufweisen und akustische Eigenschaften besitzen, die zur Ger\u00e4uschreduzierung in R\u00e4umen beitragen. Unsere Vinylb\u00f6den sind wasserdicht, was sie f\u00fcr Orte mit erh\u00f6hten Anforderungen geeignet macht, und erm\u00f6glichen eine perfekte Raumgestaltung dank einer gro\u00dfen Palette an Farben und Mustern.<br \/>\nJahrelange Erfahrung im Handel mit solchen Produkten hat uns f\u00fcr die Bed\u00fcrfnisse unserer Kunden sensibilisiert, weshalb wir in den Regionen \u017bary, Lipinki \u0141u\u017cyckie, Lubsko, Nowogr\u00f3d Bobrz., Szprotawa, Nowa S\u00f3l, Sieniawa \u017barska, Zielona G\u00f3ra, \u0141\u0119knica, Przew\u00f3z und \u017baga\u0144 Marktf\u00fchrer sind.<\/p>\n","protected":false},"excerpt":{"rendered":"<p>Moderne Vinylpaneele Die Vinylpaneele von Barlinek zeichnen sich durch au\u00dfergew\u00f6hnliche Haltbarkeit aus \u2013 garantiert wird dies durch den DENSCORE-Kern, der aus umweltfreundlichen Komponenten besteht. Diese Kollektion von Vinylpaneelen ist von der Natur inspiriert. Als Experten&#8230;<\/p>\n<div class=\"text-center\"><a class=\"button-link\" href=\"https:\/\/e-adams.pl\/de\/produkt\/podlogi-winylowe-barlinek\/\">Czytaj wi\u0119cej<\/a><\/div>\n","protected":false},"featured_media":24297,"comment_status":"closed","ping_status":"closed","template":"","meta":{"_acf_changed":false,"inline_featured_image":false},"product_cat":[2744],"product_tag":[2778,2764,2782,2779,2783,2781,2780],"class_list":{"0":"post-24296","1":"product","2":"type-product","3":"status-publish","4":"has-post-thumbnail","6":"product_cat-vinylboeden","7":"product_tag-barlinek-de","8":"product_tag-boden","9":"product_tag-bodenbelag","10":"product_tag-platten","11":"product_tag-vinyl","12":"product_tag-vinylboden","13":"product_tag-vinylplatten","15":"first","16":"instock","17":"shipping-taxable","18":"product-type-simple"},"acf":[],"_links":{"self":[{"href":"https:\/\/e-adams.pl\/de\/wp-json\/wp\/v2\/product\/24296","targetHints":{"allow":["GET"]}}],"collection":[{"href":"https:\/\/e-adams.pl\/de\/wp-json\/wp\/v2\/product"}],"about":[{"href":"https:\/\/e-adams.pl\/de\/wp-json\/wp\/v2\/types\/product"}],"replies":[{"embeddable":true,"href":"https:\/\/e-adams.pl\/de\/wp-json\/wp\/v2\/comments?post=24296"}],"wp:featuredmedia":[{"embeddable":true,"href":"https:\/\/e-adams.pl\/de\/wp-json\/wp\/v2\/media\/24297"}],"wp:attachment":[{"href":"https:\/\/e-adams.pl\/de\/wp-json\/wp\/v2\/media?parent=24296"}],"wp:term":[{"taxonomy":"product_cat","embeddable":true,"href":"https:\/\/e-adams.pl\/de\/wp-json\/wp\/v2\/product_cat?post=24296"},{"taxonomy":"product_tag","embeddable":true,"href":"https:\/\/e-adams.pl\/de\/wp-json\/wp\/v2\/product_tag?post=24296"}],"curies":[{"name":"wp","href":"https:\/\/api.w.org\/{rel}","templated":true}]}}