{"id":24306,"date":"2024-04-15T14:43:45","date_gmt":"2024-04-15T12:43:45","guid":{"rendered":"https:\/\/e-adams.pl\/produkt\/podlogi-winylowe-ter-hurne\/"},"modified":"2024-04-19T08:33:13","modified_gmt":"2024-04-19T06:33:13","slug":"podlogi-winylowe-ter-hurne","status":"publish","type":"product","link":"https:\/\/e-adams.pl\/de\/produkt\/podlogi-winylowe-ter-hurne\/","title":{"rendered":"Vinylb\u00f6den von Ter H\u00fcrne"},"content":{"rendered":"<h2>Bequemer Boden mit der Kraft von Sojabohnen<\/h2>\n<p>Ter H\u00fcrne ist daf\u00fcr verantwortlich, ein gesundes Umfeld in Ihrer Wohnung zu gew\u00e4hrleisten. Deshalb bem\u00fchen wir uns, dass unsere B\u00f6den die besten Eigenschaften aufweisen, die Ihren Bed\u00fcrfnissen f\u00fcr gesundes Wohnen entsprechen.<br \/>\nUnser luxuri\u00f6ser Vinylboden mit Soja\u00f6l erm\u00f6glicht ein aktives Leben ohne negative Umweltauswirkungen. Er bietet Flexibilit\u00e4t ohne sch\u00e4dliche Phthalate und erf\u00fcllt die Kriterien f\u00fcr emissionsarme R\u00e4ume. Er ist strapazierf\u00e4hig, wasser-, schmutz- und tierfleckenresistent und seine Pflege ist einfach und schnell.<\/p>\n<h2>Adams Handelszentrum \u017bary<\/h2>\n<p>Dies ist das gr\u00f6\u00dfte lokale Zentrum f\u00fcr B\u00f6den, Bodenpaneele, Vinylb\u00f6den und Zubeh\u00f6r. Bei uns finden Sie nur hochwertige Produkte des bekannten Herstellers Ter H\u00fcrne. In unserem Sortiment sind Vinylb\u00f6den verf\u00fcgbar, die eine hohe Abriebfestigkeit und akustische Eigenschaften aufweisen, was zur Ger\u00e4uschminderung in R\u00e4umen beitr\u00e4gt. Die wasserfesten Vinylb\u00f6den eignen sich f\u00fcr Orte mit h\u00f6heren Anforderungen und erm\u00f6glichen dank einer umfangreichen Palette an Farben und Mustern perfekte Raumgestaltungen.<br \/>\nUnsere langj\u00e4hrige Erfahrung im Handel mit diesen Produkten hat uns sensibilisiert f\u00fcr die Bed\u00fcrfnisse unserer Kunden, weshalb wir Marktf\u00fchrer im Bereich der B\u00f6den in den Regionen \u017bary, Lipinki \u0141u\u017cyckie, Lubsko, Nowogr\u00f3d Bobrz., Szprotawa, Nowa S\u00f3l, Sieniawa \u017barska, Zielona G\u00f3ra, \u0141\u0119knica, Przew\u00f3z und \u017baga\u0144 sind.<\/p>\n","protected":false},"excerpt":{"rendered":"<p>Bequemer Boden mit der Kraft von Sojabohnen Ter H\u00fcrne ist daf\u00fcr verantwortlich, ein gesundes Umfeld in Ihrer Wohnung zu gew\u00e4hrleisten. Deshalb bem\u00fchen wir uns, dass unsere B\u00f6den die besten Eigenschaften aufweisen, die Ihren Bed\u00fcrfnissen f\u00fcr&#8230;<\/p>\n<div class=\"text-center\"><a class=\"button-link\" href=\"https:\/\/e-adams.pl\/de\/produkt\/podlogi-winylowe-ter-hurne\/\">Czytaj wi\u0119cej<\/a><\/div>\n","protected":false},"featured_media":24307,"comment_status":"closed","ping_status":"closed","template":"","meta":{"_acf_changed":false,"inline_featured_image":false},"product_cat":[2744],"product_tag":[2764,2782,2779,2769,2783,2781,2780],"class_list":{"0":"post-24306","1":"product","2":"type-product","3":"status-publish","4":"has-post-thumbnail","6":"product_cat-vinylboeden","7":"product_tag-boden","8":"product_tag-bodenbelag","9":"product_tag-platten","10":"product_tag-ter-huerne","11":"product_tag-vinyl","12":"product_tag-vinylboden","13":"product_tag-vinylplatten","15":"first","16":"instock","17":"shipping-taxable","18":"product-type-simple"},"acf":[],"_links":{"self":[{"href":"https:\/\/e-adams.pl\/de\/wp-json\/wp\/v2\/product\/24306","targetHints":{"allow":["GET"]}}],"collection":[{"href":"https:\/\/e-adams.pl\/de\/wp-json\/wp\/v2\/product"}],"about":[{"href":"https:\/\/e-adams.pl\/de\/wp-json\/wp\/v2\/types\/product"}],"replies":[{"embeddable":true,"href":"https:\/\/e-adams.pl\/de\/wp-json\/wp\/v2\/comments?post=24306"}],"wp:featuredmedia":[{"embeddable":true,"href":"https:\/\/e-adams.pl\/de\/wp-json\/wp\/v2\/media\/24307"}],"wp:attachment":[{"href":"https:\/\/e-adams.pl\/de\/wp-json\/wp\/v2\/media?parent=24306"}],"wp:term":[{"taxonomy":"product_cat","embeddable":true,"href":"https:\/\/e-adams.pl\/de\/wp-json\/wp\/v2\/product_cat?post=24306"},{"taxonomy":"product_tag","embeddable":true,"href":"https:\/\/e-adams.pl\/de\/wp-json\/wp\/v2\/product_tag?post=24306"}],"curies":[{"name":"wp","href":"https:\/\/api.w.org\/{rel}","templated":true}]}}