{"id":24308,"date":"2024-04-15T13:39:32","date_gmt":"2024-04-15T11:39:32","guid":{"rendered":"https:\/\/e-adams.pl\/produkt\/podlogi-winylowe-pergo\/"},"modified":"2024-04-19T08:33:40","modified_gmt":"2024-04-19T06:33:40","slug":"podlogi-winylowe-pergo","status":"publish","type":"product","link":"https:\/\/e-adams.pl\/de\/produkt\/podlogi-winylowe-pergo\/","title":{"rendered":"Vinylb\u00f6den von Pergo"},"content":{"rendered":"<h2>Pergo Rigid Vinyl: Eleganz, Haltbarkeit und Komfort<\/h2>\n<p>Die Rigid Vinyl-Paneele von Pergo bieten eine au\u00dfergew\u00f6hnliche Weichheit und ruhige Eleganz, die bei jedem Schritt ein angenehmes Erlebnis schaffen. Ihre au\u00dfergew\u00f6hnliche Haltbarkeit und Wasserbest\u00e4ndigkeit machen sie zur perfekten Wahl f\u00fcr jeden Raum.<\/p>\n<p>Authentische Texturen, stilvolles Design und realistische Details zeichnen die Vinylb\u00f6den von Pergo aus. Mit ihnen k\u00f6nnen Sie sich nicht nur an der \u00c4sthetik erfreuen, sondern auch an der Funktionalit\u00e4t, sicher in dem Wissen, dass Ihre B\u00f6den viele Jahre lang sowohl optisch als auch in ihrer Haltbarkeit begeistern werden.<\/p>\n<h2>Adams Handelszentrum \u017bary<\/h2>\n<p>Dies ist das gr\u00f6\u00dfte lokale Zentrum f\u00fcr B\u00f6den, Bodenpaneele, Vinylb\u00f6den und Zubeh\u00f6r. Bei uns finden Sie ausschlie\u00dflich hochwertige Produkte des bekannten Herstellers Pergo. In unserem Sortiment sind Vinylb\u00f6den verf\u00fcgbar, die eine hohe Abriebfestigkeit und akustische Eigenschaften aufweisen, was zur Ger\u00e4uschminderung in R\u00e4umen beitr\u00e4gt. Die Vinylb\u00f6den sind wasserdicht, was sie f\u00fcr Orte mit h\u00f6heren Anforderungen geeignet macht und es erm\u00f6glicht, dank einer umfangreichen Palette an Farben und Mustern, perfekte Raumgestaltungen zu realisieren.<br \/>\nUnsere langj\u00e4hrige Erfahrung im Handel mit diesen Produkten hat uns sensibilisiert f\u00fcr die Bed\u00fcrfnisse unserer Kunden, weshalb wir Marktf\u00fchrer im Bereich der B\u00f6den in den Regionen \u017bary, Lipinki \u0141u\u017cyckie, Lubsko, Nowogr\u00f3d Bobrz., Szprotawa, Nowa S\u00f3l, Sieniawa \u017barska, Zielona G\u00f3ra, \u0141\u0119knica, Przew\u00f3z und \u017baga\u0144 sind.<\/p>\n","protected":false},"excerpt":{"rendered":"<p>Pergo Rigid Vinyl: Eleganz, Haltbarkeit und Komfort Die Rigid Vinyl-Paneele von Pergo bieten eine au\u00dfergew\u00f6hnliche Weichheit und ruhige Eleganz, die bei jedem Schritt ein angenehmes Erlebnis schaffen. Ihre au\u00dfergew\u00f6hnliche Haltbarkeit und Wasserbest\u00e4ndigkeit machen sie zur&#8230;<\/p>\n<div class=\"text-center\"><a class=\"button-link\" href=\"https:\/\/e-adams.pl\/de\/produkt\/podlogi-winylowe-pergo\/\">Czytaj wi\u0119cej<\/a><\/div>\n","protected":false},"featured_media":24309,"comment_status":"closed","ping_status":"closed","template":"","meta":{"_acf_changed":false,"inline_featured_image":false},"product_cat":[2744],"product_tag":[2764,2782,2772,2779,2783,2781,2780],"class_list":{"0":"post-24308","1":"product","2":"type-product","3":"status-publish","4":"has-post-thumbnail","6":"product_cat-vinylboeden","7":"product_tag-boden","8":"product_tag-bodenbelag","9":"product_tag-pergo-de","10":"product_tag-platten","11":"product_tag-vinyl","12":"product_tag-vinylboden","13":"product_tag-vinylplatten","15":"first","16":"instock","17":"shipping-taxable","18":"product-type-simple"},"acf":[],"_links":{"self":[{"href":"https:\/\/e-adams.pl\/de\/wp-json\/wp\/v2\/product\/24308","targetHints":{"allow":["GET"]}}],"collection":[{"href":"https:\/\/e-adams.pl\/de\/wp-json\/wp\/v2\/product"}],"about":[{"href":"https:\/\/e-adams.pl\/de\/wp-json\/wp\/v2\/types\/product"}],"replies":[{"embeddable":true,"href":"https:\/\/e-adams.pl\/de\/wp-json\/wp\/v2\/comments?post=24308"}],"wp:featuredmedia":[{"embeddable":true,"href":"https:\/\/e-adams.pl\/de\/wp-json\/wp\/v2\/media\/24309"}],"wp:attachment":[{"href":"https:\/\/e-adams.pl\/de\/wp-json\/wp\/v2\/media?parent=24308"}],"wp:term":[{"taxonomy":"product_cat","embeddable":true,"href":"https:\/\/e-adams.pl\/de\/wp-json\/wp\/v2\/product_cat?post=24308"},{"taxonomy":"product_tag","embeddable":true,"href":"https:\/\/e-adams.pl\/de\/wp-json\/wp\/v2\/product_tag?post=24308"}],"curies":[{"name":"wp","href":"https:\/\/api.w.org\/{rel}","templated":true}]}}