{"id":24343,"date":"2024-04-04T12:41:06","date_gmt":"2024-04-04T10:41:06","guid":{"rendered":"https:\/\/e-adams.pl\/produkt\/tynk-silikonowy-cienkowarstwowy-mapei-silancolor-tonachino-20kg\/"},"modified":"2024-04-18T10:09:37","modified_gmt":"2024-04-18T08:09:37","slug":"duennschichtiger-silikonputz-mapei-silancolor-tonachino-20kg","status":"publish","type":"product","link":"https:\/\/e-adams.pl\/de\/produkt\/duennschichtiger-silikonputz-mapei-silancolor-tonachino-20kg\/","title":{"rendered":"D\u00fcnnschichtiger Silikonputz MAPEI SILANCOLOR TONACHINO 20KG"},"content":{"rendered":"<h3>BESCHREIBUNG:<\/h3>\n<p>D\u00fcnnschichtiger Silikonputz MAPEI SILANCOLOR TONACHINO auf Silikonharzbasis mit Schafwolltextur, leicht aufzutragen. Geeignet f\u00fcr Veredelungsarbeiten an Fassaden und im Inneren von Geb\u00e4uden. Die Putzschicht sch\u00fctzt das Substrat und bietet eine hohe Wasserbest\u00e4ndigkeit (hohe Hydrophobie) sowie eine freie Diffusion von Wasserdampf. Er ist resistent gegen das Wachstum von Pilzen und Algen. Ideal als dekorative Veredelung und Schutz f\u00fcr Zement- oder Kalkputze oder zur Renovierung bestehender Farbanstriche mit guter Haftung, alter Acryl- oder Mineralputze.<\/p>\n<h3>EIGENSCHAFTEN<\/h3>\n<p>Silancolor Tonachino ist eine fertige Putzmasse auf Basis von Silikonharz, angereichert mit synthetischen Fasern, sorgf\u00e4ltig ausgew\u00e4hlten F\u00fcllstoffen und UV-best\u00e4ndigen Pigmenten, sowohl f\u00fcr den Innen- als auch Au\u00dfenbereich geeignet. Dank seiner einzigartigen Formel bietet dieses Produkt eine hohe Dampfdurchl\u00e4ssigkeit und Hydrophobie, d.h. Wasserbest\u00e4ndigkeit.<\/p>\n<p>Der Gehalt an synthetischen Fasern macht die aufgetragene Schicht flexibler und rissbest\u00e4ndiger. Es ist die ideale L\u00f6sung f\u00fcr den Einsatz auf Zementputzen, allen Arten von Putzen sowie angrenzenden gemalten Oberfl\u00e4chen. Silancolor Tonachino bildet eine effektive Schutzbarriere gegen Chemikalien und Witterungseinfl\u00fcsse, was eine langanhaltende Best\u00e4ndigkeit garantiert.<\/p>\n<p><strong>TECHNISCHE DATEN:<\/strong><br \/>\nForm: Paste<br \/>\nFarbe: Wei\u00df oder in einer breiten Palette von ColorMap\u00ae Farben gef\u00e4rbt<br \/>\nAnwendungstemperatur: von +5\u00b0C bis +35\u00b0C<br \/>\nVerd\u00fcnnungsgrad: gebrauchsfertig<br \/>\nAuftragen: mit Metallkelle oder Spritzverfahren<br \/>\nGl\u00e4ttung: mit PVC-Kelle<br \/>\nReinigung: frische Masse mit Wasser, ausgeh\u00e4rtete mechanisch<br \/>\nLagerung: 24 Monate, in der Originalverpackung, bei Temperaturen von +5\u00b0C bis +30\u00b0C<br \/>\nVerbrauch: auf ebenem Untergrund:<br \/>\n1,5-2,0 kg\/m\u00b2 \u2013 bei K\u00f6rnung 0,7 mm (pro Schicht)<br \/>\n1,9-2,3 kg\/m\u00b2 \u2013 bei K\u00f6rnung 1,2 mm (pro Schicht)<br \/>\n2,2-2,6 kg\/m\u00b2 \u2013 bei K\u00f6rnung 1,5 mm (pro Schicht)<br \/>\n3,0-3,5 kg\/m\u00b2 \u2013 bei K\u00f6rnung 2,0 mm (pro Schicht)<br \/>\nVerpackungen: 20 kg Eimer<\/p>\n","protected":false},"excerpt":{"rendered":"<p>Silikonputz MAPEI SILANCOLOR TONACHINO, d\u00fcnnbeschichtet, auf Basis von Silikonharz mit Schafwolltextur, leicht aufzutragen. Geeignet f\u00fcr Veredelungsarbeiten an Fassaden und im Inneren von Geb\u00e4uden. Die Putzschicht sch\u00fctzt das Substrat und bietet hohe Wasserbest\u00e4ndigkeit (hohe Hydrophobie) sowie freie Dampfdiffusion. Er ist widerstandsf\u00e4hig gegen das Wachstum von Pilzen und Algen.<\/p>\n","protected":false},"featured_media":24344,"comment_status":"open","ping_status":"closed","template":"","meta":{"_acf_changed":false,"inline_featured_image":false},"product_cat":[2741],"product_tag":[2753,2751,2752,2755,2756,2754],"class_list":{"0":"post-24343","1":"product","2":"type-product","3":"status-publish","4":"has-post-thumbnail","6":"product_cat-fassadenputze-mapei","7":"product_tag-aussenputz","8":"product_tag-duennschichtputz","9":"product_tag-fassadenputz","10":"product_tag-mapei-de","11":"product_tag-silancolor-tonachino-de","12":"product_tag-silikonputz","14":"first","15":"instock","16":"shipping-taxable","17":"product-type-simple"},"acf":[],"_links":{"self":[{"href":"https:\/\/e-adams.pl\/de\/wp-json\/wp\/v2\/product\/24343","targetHints":{"allow":["GET"]}}],"collection":[{"href":"https:\/\/e-adams.pl\/de\/wp-json\/wp\/v2\/product"}],"about":[{"href":"https:\/\/e-adams.pl\/de\/wp-json\/wp\/v2\/types\/product"}],"replies":[{"embeddable":true,"href":"https:\/\/e-adams.pl\/de\/wp-json\/wp\/v2\/comments?post=24343"}],"wp:featuredmedia":[{"embeddable":true,"href":"https:\/\/e-adams.pl\/de\/wp-json\/wp\/v2\/media\/24344"}],"wp:attachment":[{"href":"https:\/\/e-adams.pl\/de\/wp-json\/wp\/v2\/media?parent=24343"}],"wp:term":[{"taxonomy":"product_cat","embeddable":true,"href":"https:\/\/e-adams.pl\/de\/wp-json\/wp\/v2\/product_cat?post=24343"},{"taxonomy":"product_tag","embeddable":true,"href":"https:\/\/e-adams.pl\/de\/wp-json\/wp\/v2\/product_tag?post=24343"}],"curies":[{"name":"wp","href":"https:\/\/api.w.org\/{rel}","templated":true}]}}