{"id":24350,"date":"2024-04-04T13:53:12","date_gmt":"2024-04-04T11:53:12","guid":{"rendered":"https:\/\/e-adams.pl\/produkt\/tynk-mapei-mape-mosaic-20kg\/"},"modified":"2024-04-18T11:02:45","modified_gmt":"2024-04-18T09:02:45","slug":"tynk-mapei-mape-mosaic-20kg","status":"publish","type":"product","link":"https:\/\/e-adams.pl\/de\/produkt\/tynk-mapei-mape-mosaic-20kg\/","title":{"rendered":"Dekorativer Schutzputz MAPEI MAPE-MOSAIC 20KG"},"content":{"rendered":"<p>OPIS:<\/p>\n<p>Dekorativer Schutzputz Mapei Mape-Mosaic ist eine einzigartige, gebrauchsfertige Putzmasse, basierend auf einer hybriden Silikon-Acryl-Harzmischung, angereichert mit gef\u00e4rbtem Quarzsand. Diese spezielle Mischung erm\u00f6glicht das Erstellen einzigartiger Farbkompositionen und eignet sich daher perfekt f\u00fcr Innenr\u00e4ume sowie f\u00fcr Au\u00dfenfassaden von Geb\u00e4uden.<\/p>\n<p>Die Verwendung von Mape-Mosaic erm\u00f6glicht das Erreichen \u00e4sthetischer, haltbarer und ausdrucksstarker dekorativer Effekte, w\u00e4hrend gleichzeitig die Oberfl\u00e4che vor Witterungseinfl\u00fcssen und mechanischen Besch\u00e4digungen gesch\u00fctzt wird.<\/p>\n<p>EIGENSCHAFTEN<\/p>\n<p>Nach dem Trocknen erreicht der Mape-Mosaic-Putz eine au\u00dfergew\u00f6hnliche mechanische und gebrauchsbedingte Widerstandsf\u00e4higkeit, was ihn besonders f\u00fcr Orte mit intensiver Nutzung empfiehlt. Ideal f\u00fcr Sockel von Geb\u00e4uden, Z\u00e4une, St\u00fctzmauern, S\u00e4ulen und andere architektonische Elemente, die Widerstandsf\u00e4higkeit erfordern, wie Gehwege und Verkehrswege. Dank der Bioblock-Technologie ist Mape-Mosaic auch resistent gegen das Wachstum von Pilzen und Algen, was langanhaltenden Schutz und \u00c4sthetik der behandelten Oberfl\u00e4chen garantiert.<\/p>\n<p>TECHNISCHE DATEN:<br \/>\nForm: Paste<br \/>\nFarbe: Farbmuster gem\u00e4\u00df dem Farbf\u00e4cher oder nach Kundenwunsch.<br \/>\nAnwendungstemperatur: von +5\u00b0C bis +30\u00b0C<br \/>\nVerd\u00fcnnungsgrad: gebrauchsfertig<br \/>\nAuftragung: mit einem Edelstahlspachtel<br \/>\nVor Gebrauch mischen: kurzes Mischen bis zu 2 Minuten<br \/>\nGl\u00e4ttung: mit einem Edelstahlspachtel<br \/>\nReinigung: frische Masse \u2013 mit Wasser, ausgeh\u00e4rtete \u2013 mechanisch<br \/>\nLagerung: 24 Monate, in der Originalverpackung, bei Temp. von +5\u00b0C bis +30\u00b0C<br \/>\nVerbrauch: auf ebenem Untergrund:<br \/>\n\u2013 ca. 3,5 kg\/m\u00b2 \u2013 bei einer K\u00f6rnung von 1,2 mm;<br \/>\n\u2013 ca. 4,5 kg\/m\u00b2 \u2013 bei einer K\u00f6rnung von 1,6 mm<br \/>\nVerpackung: 20 kg Eimer<\/p>\n","protected":false},"excerpt":{"rendered":"<p>Der dekorative und sch\u00fctzende Putz Mapei Mape-Mosaic ist eine einzigartige, gebrauchsfertige Putzmasse, basierend auf einer hybriden Silikon-Acryl-Harzmischung, angereichert mit gef\u00e4rbtem Quarzsand. Diese spezielle Mischung erm\u00f6glicht das Erstellen einzigartiger Farbkompositionen und eignet sich daher perfekt f\u00fcr Innenr\u00e4ume sowie f\u00fcr Au\u00dfenfassaden von Geb\u00e4uden.<\/p>\n","protected":false},"featured_media":24347,"comment_status":"open","ping_status":"closed","template":"","meta":{"_acf_changed":false,"inline_featured_image":false},"product_cat":[2662],"product_tag":[2759,2752,2761,2755,2760],"class_list":{"0":"post-24350","1":"product","2":"type-product","3":"status-publish","4":"has-post-thumbnail","6":"product_cat-mosaikputze","7":"product_tag-dekorputz","8":"product_tag-fassadenputz","9":"product_tag-mape-mosaic-de","10":"product_tag-mapei-de","11":"product_tag-schutzputz","13":"first","14":"instock","15":"shipping-taxable","16":"product-type-simple"},"acf":[],"_links":{"self":[{"href":"https:\/\/e-adams.pl\/de\/wp-json\/wp\/v2\/product\/24350","targetHints":{"allow":["GET"]}}],"collection":[{"href":"https:\/\/e-adams.pl\/de\/wp-json\/wp\/v2\/product"}],"about":[{"href":"https:\/\/e-adams.pl\/de\/wp-json\/wp\/v2\/types\/product"}],"replies":[{"embeddable":true,"href":"https:\/\/e-adams.pl\/de\/wp-json\/wp\/v2\/comments?post=24350"}],"wp:featuredmedia":[{"embeddable":true,"href":"https:\/\/e-adams.pl\/de\/wp-json\/wp\/v2\/media\/24347"}],"wp:attachment":[{"href":"https:\/\/e-adams.pl\/de\/wp-json\/wp\/v2\/media?parent=24350"}],"wp:term":[{"taxonomy":"product_cat","embeddable":true,"href":"https:\/\/e-adams.pl\/de\/wp-json\/wp\/v2\/product_cat?post=24350"},{"taxonomy":"product_tag","embeddable":true,"href":"https:\/\/e-adams.pl\/de\/wp-json\/wp\/v2\/product_tag?post=24350"}],"curies":[{"name":"wp","href":"https:\/\/api.w.org\/{rel}","templated":true}]}}