{"id":24821,"date":"2024-07-23T08:40:14","date_gmt":"2024-07-23T06:40:14","guid":{"rendered":"https:\/\/e-adams.pl\/produkt\/przyssawki-ferrati\/"},"modified":"2024-07-23T16:01:14","modified_gmt":"2024-07-23T14:01:14","slug":"saugnaepfe-ferrati","status":"publish","type":"product","link":"https:\/\/e-adams.pl\/de\/produkt\/saugnaepfe-ferrati\/","title":{"rendered":"Saugn\u00e4pfe FERRATI"},"content":{"rendered":"<p>Ferrati, um den Erwartungen der Handwerker gerecht zu werden, hat eine breite Palette von Saugn\u00e4pfen auf den Markt gebracht, die es jedem erm\u00f6glichen, das passende Modell auszuw\u00e4hlen. Diese Produkte sind sowohl f\u00fcr den Heimgebrauch als auch f\u00fcr den professionellen Einsatz erh\u00e4ltlich. Das Angebot umfasst mechanische Saugn\u00e4pfe, Akku-Saugn\u00e4pfe (mit oder ohne Manometer) sowie automatische Saugn\u00e4pfe.<\/p>\n","protected":false},"excerpt":{"rendered":"<p>Ein Vakuum- und Vibrationssaugnapf ist ein unverzichtbares Werkzeug f\u00fcr jeden Handwerker, da er den Transport von schweren und unhandlichen Fliesen sowie Steinplatten erheblich erleichtert.<\/p>\n","protected":false},"featured_media":24833,"comment_status":"closed","ping_status":"closed","template":"","meta":{"_acf_changed":false,"inline_featured_image":false},"product_cat":[2644],"product_tag":[2933,2934,2938,2937,2931,2939,2935,2932,2936,2930],"class_list":{"0":"post-24821","1":"product","2":"type-product","3":"status-publish","4":"has-post-thumbnail","6":"product_cat-saugnaepfe-und-systeme-zur-bearbeitung-grosser-fliesen","7":"product_tag-akku-saugnaepfe","8":"product_tag-automatische-saugnaepfe","9":"product_tag-ferrati-de","10":"product_tag-fliesenhalterungen","11":"product_tag-fliesenlegerwerkzeuge","12":"product_tag-gress-de","13":"product_tag-mechanische-saugnaepfe","14":"product_tag-saugnaepfe","15":"product_tag-vakuum-saugnaepfe","16":"product_tag-werkzeuge","18":"first","19":"instock","20":"shipping-taxable","21":"product-type-simple"},"acf":[],"_links":{"self":[{"href":"https:\/\/e-adams.pl\/de\/wp-json\/wp\/v2\/product\/24821","targetHints":{"allow":["GET"]}}],"collection":[{"href":"https:\/\/e-adams.pl\/de\/wp-json\/wp\/v2\/product"}],"about":[{"href":"https:\/\/e-adams.pl\/de\/wp-json\/wp\/v2\/types\/product"}],"replies":[{"embeddable":true,"href":"https:\/\/e-adams.pl\/de\/wp-json\/wp\/v2\/comments?post=24821"}],"wp:featuredmedia":[{"embeddable":true,"href":"https:\/\/e-adams.pl\/de\/wp-json\/wp\/v2\/media\/24833"}],"wp:attachment":[{"href":"https:\/\/e-adams.pl\/de\/wp-json\/wp\/v2\/media?parent=24821"}],"wp:term":[{"taxonomy":"product_cat","embeddable":true,"href":"https:\/\/e-adams.pl\/de\/wp-json\/wp\/v2\/product_cat?post=24821"},{"taxonomy":"product_tag","embeddable":true,"href":"https:\/\/e-adams.pl\/de\/wp-json\/wp\/v2\/product_tag?post=24821"}],"curies":[{"name":"wp","href":"https:\/\/api.w.org\/{rel}","templated":true}]}}