{"id":24846,"date":"2024-07-23T13:19:31","date_gmt":"2024-07-23T11:19:31","guid":{"rendered":"https:\/\/e-adams.pl\/produkt\/frezy-diamentowe-ferrati\/"},"modified":"2024-07-23T16:00:30","modified_gmt":"2024-07-23T14:00:30","slug":"diamantfraeser-ferrati","status":"publish","type":"product","link":"https:\/\/e-adams.pl\/de\/produkt\/diamantfraeser-ferrati\/","title":{"rendered":"Diamantfr\u00e4ser FERRATI"},"content":{"rendered":"<p>Diamantfr\u00e4ser von Ferrati sind das ideale Werkzeug f\u00fcr die pr\u00e4zise Bearbeitung von L\u00f6chern in Materialien wie Keramikfliesen, Feinsteinzeug, Marmor und Stein. Dank der feink\u00f6rnigen Diamanten gew\u00e4hrleisten sie schnelles und genaues Bohren ohne Besch\u00e4digungen. Sie sind hervorragend f\u00fcr professionelle Arbeiten geeignet, die perfekte Qualit\u00e4t erfordern.<\/p>\n","protected":false},"excerpt":{"rendered":"<p>Diamantfr\u00e4ser von Ferrati sind das ideale Werkzeug f\u00fcr die pr\u00e4zise Bearbeitung von L\u00f6chern in Materialien wie Keramikfliesen, Feinsteinzeug, Marmor und Stein.<\/p>\n","protected":false},"featured_media":24856,"comment_status":"closed","ping_status":"closed","template":"","meta":{"_acf_changed":false,"inline_featured_image":false},"product_cat":[2632],"product_tag":[2943,2938,2948,2944,2946,2947,2945],"class_list":{"0":"post-24846","1":"product","2":"type-product","3":"status-publish","4":"has-post-thumbnail","6":"product_cat-bohrer-kronenbohrer-fraeser","7":"product_tag-diamantfraeser","8":"product_tag-ferrati-de","9":"product_tag-gravieren","10":"product_tag-kegelfraeser","11":"product_tag-praezisionsfraeser","12":"product_tag-schaftfraeser","13":"product_tag-zylindrische-fraeser","15":"first","16":"instock","17":"shipping-taxable","18":"product-type-simple"},"acf":[],"_links":{"self":[{"href":"https:\/\/e-adams.pl\/de\/wp-json\/wp\/v2\/product\/24846","targetHints":{"allow":["GET"]}}],"collection":[{"href":"https:\/\/e-adams.pl\/de\/wp-json\/wp\/v2\/product"}],"about":[{"href":"https:\/\/e-adams.pl\/de\/wp-json\/wp\/v2\/types\/product"}],"replies":[{"embeddable":true,"href":"https:\/\/e-adams.pl\/de\/wp-json\/wp\/v2\/comments?post=24846"}],"wp:featuredmedia":[{"embeddable":true,"href":"https:\/\/e-adams.pl\/de\/wp-json\/wp\/v2\/media\/24856"}],"wp:attachment":[{"href":"https:\/\/e-adams.pl\/de\/wp-json\/wp\/v2\/media?parent=24846"}],"wp:term":[{"taxonomy":"product_cat","embeddable":true,"href":"https:\/\/e-adams.pl\/de\/wp-json\/wp\/v2\/product_cat?post=24846"},{"taxonomy":"product_tag","embeddable":true,"href":"https:\/\/e-adams.pl\/de\/wp-json\/wp\/v2\/product_tag?post=24846"}],"curies":[{"name":"wp","href":"https:\/\/api.w.org\/{rel}","templated":true}]}}