{"id":24870,"date":"2024-07-23T15:35:20","date_gmt":"2024-07-23T13:35:20","guid":{"rendered":"https:\/\/e-adams.pl\/produkt\/wiertla-diamentowe-ferrati\/"},"modified":"2024-07-24T08:48:19","modified_gmt":"2024-07-24T06:48:19","slug":"diamant-kronenbohrer-ferrati","status":"publish","type":"product","link":"https:\/\/e-adams.pl\/de\/produkt\/diamant-kronenbohrer-ferrati\/","title":{"rendered":"Diamant-Kronenbohrer FERRATI"},"content":{"rendered":"<p>Diamant-Kronenbohrer von Ferrati zeichnen sich durch hochwertige Diamantsegmente aus, was ihre lange Lebensdauer gew\u00e4hrleistet. Sie eignen sich perfekt zum Bohren von L\u00f6chern f\u00fcr Schalter- und Elektrodoseninstallationen. Effizient in der Bearbeitung von Beton, Stahlbeton, Porenbeton, Porotherm und Ziegel. Dank moderner L\u00f6sungen sind diese Bohrer sowohl mit leichten Bohrmaschinen (ohne Schlag) als auch mit kompakten Versionen von Diamantbohrern kompatibel.<\/p>\n","protected":false},"excerpt":{"rendered":"<p>Diamantbohrer von Ferrati zeichnen sich durch hochwertige Diamantsegmente aus, was ihre lange Lebensdauer gew\u00e4hrleistet.<\/p>\n","protected":false},"featured_media":24869,"comment_status":"closed","ping_status":"closed","template":"","meta":{"_acf_changed":false,"inline_featured_image":false},"product_cat":[2647],"product_tag":[2957,2954,2938,2956,2955,2958],"class_list":{"0":"post-24870","1":"product","2":"type-product","3":"status-publish","4":"has-post-thumbnail","6":"product_cat-bohrer","7":"product_tag-bohren","8":"product_tag-diamantbohrer","9":"product_tag-ferrati-de","10":"product_tag-fliesenbohrer","11":"product_tag-kronenbohrer","12":"product_tag-lochsaegen","14":"first","15":"instock","16":"shipping-taxable","17":"product-type-simple"},"acf":[],"_links":{"self":[{"href":"https:\/\/e-adams.pl\/de\/wp-json\/wp\/v2\/product\/24870","targetHints":{"allow":["GET"]}}],"collection":[{"href":"https:\/\/e-adams.pl\/de\/wp-json\/wp\/v2\/product"}],"about":[{"href":"https:\/\/e-adams.pl\/de\/wp-json\/wp\/v2\/types\/product"}],"replies":[{"embeddable":true,"href":"https:\/\/e-adams.pl\/de\/wp-json\/wp\/v2\/comments?post=24870"}],"wp:featuredmedia":[{"embeddable":true,"href":"https:\/\/e-adams.pl\/de\/wp-json\/wp\/v2\/media\/24869"}],"wp:attachment":[{"href":"https:\/\/e-adams.pl\/de\/wp-json\/wp\/v2\/media?parent=24870"}],"wp:term":[{"taxonomy":"product_cat","embeddable":true,"href":"https:\/\/e-adams.pl\/de\/wp-json\/wp\/v2\/product_cat?post=24870"},{"taxonomy":"product_tag","embeddable":true,"href":"https:\/\/e-adams.pl\/de\/wp-json\/wp\/v2\/product_tag?post=24870"}],"curies":[{"name":"wp","href":"https:\/\/api.w.org\/{rel}","templated":true}]}}