{"id":24885,"date":"2024-07-24T09:44:18","date_gmt":"2024-07-24T07:44:18","guid":{"rendered":"https:\/\/e-adams.pl\/produkt\/tarcze-garnkowe-szlifujace-ferrati\/"},"modified":"2024-07-24T10:43:11","modified_gmt":"2024-07-24T08:43:11","slug":"schleiftoepfe-ferrati","status":"publish","type":"product","link":"https:\/\/e-adams.pl\/de\/produkt\/schleiftoepfe-ferrati\/","title":{"rendered":"Schleift\u00f6pfe FERRATI"},"content":{"rendered":"<p>Ferrati-Schleift\u00f6pfe sind hochwertige Werkzeuge zum Schleifen verschiedener Materialien. Die spezielle Konstruktion gew\u00e4hrleistet eine pr\u00e4zise und effektive Entfernung von Oberfl\u00e4chenschichten. Ideal f\u00fcr Renovierungsarbeiten und industrielle Anwendungen, sind Ferrati-Schleift\u00f6pfe zuverl\u00e4ssig, langlebig und verschlei\u00dffest, was den Bearbeitungsprozess beschleunigt.<\/p>\n","protected":false},"excerpt":{"rendered":"<p>Ferrati Schleift\u00f6pfe sind hochwertige Werkzeuge zum Schleifen verschiedener Materialien. Die spezielle Konstruktion gew\u00e4hrleistet eine pr\u00e4zise und effektive Entfernung von Oberfl\u00e4chenschichten.<\/p>\n","protected":false},"featured_media":24906,"comment_status":"closed","ping_status":"closed","template":"","meta":{"_acf_changed":false,"inline_featured_image":false},"product_cat":[2634],"product_tag":[2969,2938,2967,2965,2964,2968,2966],"class_list":{"0":"post-24885","1":"product","2":"type-product","3":"status-publish","4":"has-post-thumbnail","6":"product_cat-trenn-und-schleifscheiben","7":"product_tag-diamantscheiben","8":"product_tag-ferrati-de","9":"product_tag-schleiffraeser","10":"product_tag-schleifscheiben","11":"product_tag-schleiftoepfe","12":"product_tag-schruppfraeser","13":"product_tag-schruppscheiben","15":"first","16":"instock","17":"shipping-taxable","18":"product-type-simple"},"acf":[],"_links":{"self":[{"href":"https:\/\/e-adams.pl\/de\/wp-json\/wp\/v2\/product\/24885","targetHints":{"allow":["GET"]}}],"collection":[{"href":"https:\/\/e-adams.pl\/de\/wp-json\/wp\/v2\/product"}],"about":[{"href":"https:\/\/e-adams.pl\/de\/wp-json\/wp\/v2\/types\/product"}],"replies":[{"embeddable":true,"href":"https:\/\/e-adams.pl\/de\/wp-json\/wp\/v2\/comments?post=24885"}],"wp:featuredmedia":[{"embeddable":true,"href":"https:\/\/e-adams.pl\/de\/wp-json\/wp\/v2\/media\/24906"}],"wp:attachment":[{"href":"https:\/\/e-adams.pl\/de\/wp-json\/wp\/v2\/media?parent=24885"}],"wp:term":[{"taxonomy":"product_cat","embeddable":true,"href":"https:\/\/e-adams.pl\/de\/wp-json\/wp\/v2\/product_cat?post=24885"},{"taxonomy":"product_tag","embeddable":true,"href":"https:\/\/e-adams.pl\/de\/wp-json\/wp\/v2\/product_tag?post=24885"}],"curies":[{"name":"wp","href":"https:\/\/api.w.org\/{rel}","templated":true}]}}