{"id":24913,"date":"2024-07-24T13:51:50","date_gmt":"2024-07-24T11:51:50","guid":{"rendered":"https:\/\/e-adams.pl\/produkt\/pady-polerskie-ferrati\/"},"modified":"2024-07-24T14:13:14","modified_gmt":"2024-07-24T12:13:14","slug":"polierpads-ferrati","status":"publish","type":"product","link":"https:\/\/e-adams.pl\/de\/produkt\/polierpads-ferrati\/","title":{"rendered":"Polierpads FERRATI"},"content":{"rendered":"<p>Ferrati Polierpads sind hochwertige Werkzeuge zum Polieren von Fliesen, Stein und Marmor. Sie sind so konzipiert, dass sie Kanten und Oberfl\u00e4chen effektiv profilieren und veredeln, und bieten dank robuster Materialien pr\u00e4zise Ausf\u00fchrung und Langlebigkeit. Ferrati Polierpads sind ein unverzichtbares Werkzeug f\u00fcr Profis und Hobbyhandwerker, die bei der Renovierung und Veredelung verschiedener Materialien nach hervorragenden Ergebnissen streben.<\/p>\n","protected":false},"excerpt":{"rendered":"<p>Ferrati Polierpads sind hochwertige Werkzeuge zum Polieren von Fliesen, Stein und Marmor. Sie sind so konzipiert, dass sie Kanten und Oberfl\u00e4chen effektiv profilieren und veredeln.<\/p>\n","protected":false},"featured_media":24920,"comment_status":"closed","ping_status":"closed","template":"","meta":{"_acf_changed":false,"inline_featured_image":false},"product_cat":[2634],"product_tag":[2938,2981,2980,2979,2978,2977],"class_list":{"0":"post-24913","1":"product","2":"type-product","3":"status-publish","4":"has-post-thumbnail","6":"product_cat-trenn-und-schleifscheiben","7":"product_tag-ferrati-de","8":"product_tag-polieren","9":"product_tag-polieren-von-keramikfliesen","10":"product_tag-polieren-von-marmor","11":"product_tag-polieren-von-stein","12":"product_tag-polierpads","14":"first","15":"instock","16":"shipping-taxable","17":"product-type-simple"},"acf":[],"_links":{"self":[{"href":"https:\/\/e-adams.pl\/de\/wp-json\/wp\/v2\/product\/24913","targetHints":{"allow":["GET"]}}],"collection":[{"href":"https:\/\/e-adams.pl\/de\/wp-json\/wp\/v2\/product"}],"about":[{"href":"https:\/\/e-adams.pl\/de\/wp-json\/wp\/v2\/types\/product"}],"replies":[{"embeddable":true,"href":"https:\/\/e-adams.pl\/de\/wp-json\/wp\/v2\/comments?post=24913"}],"wp:featuredmedia":[{"embeddable":true,"href":"https:\/\/e-adams.pl\/de\/wp-json\/wp\/v2\/media\/24920"}],"wp:attachment":[{"href":"https:\/\/e-adams.pl\/de\/wp-json\/wp\/v2\/media?parent=24913"}],"wp:term":[{"taxonomy":"product_cat","embeddable":true,"href":"https:\/\/e-adams.pl\/de\/wp-json\/wp\/v2\/product_cat?post=24913"},{"taxonomy":"product_tag","embeddable":true,"href":"https:\/\/e-adams.pl\/de\/wp-json\/wp\/v2\/product_tag?post=24913"}],"curies":[{"name":"wp","href":"https:\/\/api.w.org\/{rel}","templated":true}]}}