{"id":24941,"date":"2024-07-25T09:20:14","date_gmt":"2024-07-25T07:20:14","guid":{"rendered":"https:\/\/e-adams.pl\/produkt\/otwornice-diamentowe-ferrati\/"},"modified":"2024-07-25T10:47:51","modified_gmt":"2024-07-25T08:47:51","slug":"diamantbohrkronen-ferrati","status":"publish","type":"product","link":"https:\/\/e-adams.pl\/de\/produkt\/diamantbohrkronen-ferrati\/","title":{"rendered":"Diamantbohrkronen FERRATI"},"content":{"rendered":"<p>Diamantbohrkronen Ferrati sind ein unverzichtbares Werkzeug zum Bohren in Keramik, Feinsteinzeug, Stein und Marmor. Ideal f\u00fcr pr\u00e4zises und schnelles Bohren in harten Materialien, sowohl trocken als auch mit Wasser, was ihre Lebensdauer verl\u00e4ngert. Die Wahl der Bohrkrone h\u00e4ngt von der Art des Materials, seiner Dicke und der Gr\u00f6\u00dfe des Lochs ab und sorgt f\u00fcr effektives Bohren.<\/p>\n","protected":false},"excerpt":{"rendered":"<p>Diamantbohrkronen von Ferrati sind ein unverzichtbares Werkzeug zum Bohren in Keramik, Feinsteinzeug, Stein und Marmor. Sie eignen sich ideal f\u00fcr pr\u00e4zises und schnelles Bohren in harten Materialien.<\/p>\n","protected":false},"featured_media":24946,"comment_status":"closed","ping_status":"closed","template":"","meta":{"_acf_changed":false,"inline_featured_image":false},"product_cat":[2632],"product_tag":[2998,2993,2994,2995,2954,2991,2997,2938,2996,2992,2955],"class_list":{"0":"post-24941","1":"product","2":"type-product","3":"status-publish","4":"has-post-thumbnail","6":"product_cat-bohrer-kronenbohrer-fraeser","7":"product_tag-bohren-in-fliesen","8":"product_tag-bohrer-fuer-feinsteinzeug","9":"product_tag-bohrkronen-fuer-feinsteinzeug","10":"product_tag-bohrkronen-fuer-fliesen","11":"product_tag-diamantbohrer","12":"product_tag-diamantbohrkronen","13":"product_tag-feinsteinzeug","14":"product_tag-ferrati-de","15":"product_tag-fliesen","16":"product_tag-kernbohrer","17":"product_tag-kronenbohrer","19":"first","20":"instock","21":"shipping-taxable","22":"product-type-simple"},"acf":[],"_links":{"self":[{"href":"https:\/\/e-adams.pl\/de\/wp-json\/wp\/v2\/product\/24941","targetHints":{"allow":["GET"]}}],"collection":[{"href":"https:\/\/e-adams.pl\/de\/wp-json\/wp\/v2\/product"}],"about":[{"href":"https:\/\/e-adams.pl\/de\/wp-json\/wp\/v2\/types\/product"}],"replies":[{"embeddable":true,"href":"https:\/\/e-adams.pl\/de\/wp-json\/wp\/v2\/comments?post=24941"}],"wp:featuredmedia":[{"embeddable":true,"href":"https:\/\/e-adams.pl\/de\/wp-json\/wp\/v2\/media\/24946"}],"wp:attachment":[{"href":"https:\/\/e-adams.pl\/de\/wp-json\/wp\/v2\/media?parent=24941"}],"wp:term":[{"taxonomy":"product_cat","embeddable":true,"href":"https:\/\/e-adams.pl\/de\/wp-json\/wp\/v2\/product_cat?post=24941"},{"taxonomy":"product_tag","embeddable":true,"href":"https:\/\/e-adams.pl\/de\/wp-json\/wp\/v2\/product_tag?post=24941"}],"curies":[{"name":"wp","href":"https:\/\/api.w.org\/{rel}","templated":true}]}}