{"id":7273,"date":"2018-09-14T14:14:08","date_gmt":"2018-09-14T12:14:08","guid":{"rendered":"http:\/\/e-adams.pl\/?post_type=product&#038;p=7273"},"modified":"2023-08-18T10:49:54","modified_gmt":"2023-08-18T08:49:54","slug":"klej-elastyczny-atlas-elastyk-25kg","status":"publish","type":"product","link":"https:\/\/e-adams.pl\/de\/produkt\/klej-elastyczny-atlas-elastyk-25kg\/","title":{"rendered":"Klej elastyczny ATLAS ELASTYK &#8211; 25kg"},"content":{"rendered":"<div id=\"foto_opis\">\n<div id=\"opisr\">\n<div class=\"big1\">ATLAS Klej elastyczny Elastyk 25kg<\/div>\n<p style=\"font-weight: bold;\">Klej wysokoelastyczny (2-10 mm)<\/p>\n<p>&nbsp;<\/p>\n<p>&#8211; wysoka przyczepno\u015b\u0107 i elastyczno\u015b\u0107<\/p>\n<p>&#8211; do p\u0142ytek ceramicznych, w tym GRESU<\/p>\n<p>&#8211; na ogrzewanie pod\u0142ogowe i \u015bcienne<\/p>\n<p>&#8211; na trudne pod\u0142o\u017ca \u2013 m.in. p\u0142yty g-k<\/p>\n<p>&#8211; wyd\u0142u\u017cony czas otwarty<\/p>\n<p><span style=\"font-weight: bold;\">DOST\u0118PNE OPAKOWANIA:<\/span> 25kg (worek)<\/p>\n<\/div>\n<\/div>\n<div class=\"tabelki\">\n<div class=\"bialy\">\n<div class=\"opisl\">\n<div style=\"border: 1px solid #dbd528; margin: 0px 10px; padding: 14px; font-family: Helvetica,Arial,Sans-Serif; text-align: justify; background-color: #e8e8ea; line-height: 30px; color: #3d3c46;\">\n<div style=\"padding: 5px;\">\n<p style=\"font-size: 22px; text-align: justify;\">Optymalny dob\u00f3r sk\u0142adnik\u00f3w sprawia, \u017ce <a href=\"https:\/\/e-adams.pl\/tag\/atlas\/\">ATLAS<\/a> ELASTYK jest klejem zachowuj\u0105cym wysokie parametry elastyczno\u015bci i przyczepno\u015bci, przy konkurencyjnych kosztach materia\u0142owych.<\/p>\n<\/div>\n<div style=\"padding: 5px;\">\n<p style=\"font-size: 22px; text-align: justify;\"><span style=\"font-weight: bold;\">Klej elastyczny Elastyk zalecany jest do przyklejania ok\u0142adzin nara\u017conych na trudne warunki u\u017cytkowania<\/span> \u2013 spowodowane niestandardowym charakterem pod\u0142o\u017ca oraz negatywnym wp\u0142ywem warunk\u00f3w atmosferycznych.<\/p>\n<p style=\"font-size: 22px; text-align: justify;\"><span style=\"font-weight: bold;\">Idealny do ok\u0142adzin nara\u017conych na odkszta\u0142cenia<\/span> \u2013 dzi\u0119ki swej elastyczno\u015bci kompensuje napr\u0119\u017cenia:<br \/>\n\u2022 <span style=\"font-weight: bold;\">termiczne<\/span> \u2013 na balkonach, na ogrzewaniu pod\u0142ogowym i \u015bciennym (na tarasach zaleca si\u0119 stosowanie kleju klasy S1 \u2013 ATLAS PLUS),<br \/>\n\u2022 <span style=\"font-weight: bold;\">mechaniczne<\/span> \u2013 na p\u0142ytach g-k i w\u0142\u00f3knowo-gipsowych\/cementowych, na elastycznych hydroizolacjach typu WODER E, WODER W lub WODER DUO.<\/p>\n<p style=\"font-size: 22px; text-align: justify;\"><span style=\"font-weight: bold;\">Umo\u017cliwia mocowanie p\u0142ytek na trudnych pod\u0142o\u017cach<\/span> \u2013 np. na lastryko.<\/p>\n<\/div>\n<p style=\"font-size: 22px; text-align: justify;\"><span style=\"font-weight: bold;\">Szeroki zakres grubo\u015bci warstwy sklejenia \u2013 od 2 do 10 mm<\/span> \u2013 pozwala na przyklejanie p\u0142ytek na pod\u0142o\u017cach o niewielkich nier\u00f3wno\u015bciach.<\/p>\n<p style=\"font-size: 22px; text-align: justify;\"><span style=\"font-weight: bold;\">Posiada zwi\u0119kszon\u0105 przyczepno\u015b\u0107<\/span> \u2013 minimalna przyczepno\u015b\u0107 do pod\u0142o\u017ca wynosi 1,0 N\/mm2.<\/p>\n<p style=\"font-size: 22px; text-align: justify;\"><span style=\"font-weight: bold;\">Obni\u017cony sp\u0142yw pozwala przykleja\u0107 p\u0142ytki \u201eod g\u00f3ry\u201d<\/span> \u2013 w\u0142a\u015bciwa konsystencja i grubo\u015b\u0107 warstwy eliminuj\u0105 sp\u0142yw kleju. Umo\u017cliwia to rozpocz\u0119cie prac od g\u00f3ry \u015bciany i unikni\u0119cie przyklejania docinanych p\u0142ytek na jej eksponowanej powierzchni.<\/p>\n<p style=\"font-size: 22px; text-align: justify;\"><span style=\"font-weight: bold;\">Wyd\u0142u\u017cony czas otwarty umo\u017cliwia przy\u0142o\u017cenie p\u0142ytki do kleju nawet 30 minut od momentu naniesienia go na pod\u0142o\u017ce<\/span> \u2013 mo\u017cna jednorazowo nanie\u015b\u0107 go na wi\u0119ksz\u0105 powierzchni\u0119 i dzi\u0119ki temu minimalizowa\u0107 czas pracy.<\/p>\n<\/div>\n<\/div>\n<\/div>\n<\/div>\n<p>Zobacz inne silikony oraz kleje &#8211; <a href=\"https:\/\/e-adams.pl\/dzial\/produkty\/materialy-budowlane\/silikony-akryle-piany-uszczelniacze\/silikony-kleje\/\">Kliknij Tutaj<\/a><\/p>\n","protected":false},"excerpt":{"rendered":"<h3 style=\"color: #0099cc;\">Sprawd\u017a cen\u0119 i aktualny stan w sklepie<br \/>\n<strong>Kontakt:<\/strong> <a href=\"mailto:info@e-adams.pl\"><u><b>info@e-adams.pl<\/b><\/u><\/a><\/h3>\n","protected":false},"featured_media":7274,"comment_status":"closed","ping_status":"closed","template":"","meta":{"_acf_changed":false,"inline_featured_image":false},"product_cat":[982],"product_tag":[265,764,950],"class_list":{"0":"post-7273","1":"product","2":"type-product","3":"status-publish","4":"has-post-thumbnail","6":"product_cat-kleje-do-plytek","7":"product_tag-atlas","8":"product_tag-klej","9":"product_tag-materialy-budowlane","11":"first","12":"onbackorder","13":"shipping-taxable","14":"product-type-simple"},"acf":[],"_links":{"self":[{"href":"https:\/\/e-adams.pl\/de\/wp-json\/wp\/v2\/product\/7273","targetHints":{"allow":["GET"]}}],"collection":[{"href":"https:\/\/e-adams.pl\/de\/wp-json\/wp\/v2\/product"}],"about":[{"href":"https:\/\/e-adams.pl\/de\/wp-json\/wp\/v2\/types\/product"}],"replies":[{"embeddable":true,"href":"https:\/\/e-adams.pl\/de\/wp-json\/wp\/v2\/comments?post=7273"}],"wp:featuredmedia":[{"embeddable":true,"href":"https:\/\/e-adams.pl\/de\/wp-json\/wp\/v2\/media\/7274"}],"wp:attachment":[{"href":"https:\/\/e-adams.pl\/de\/wp-json\/wp\/v2\/media?parent=7273"}],"wp:term":[{"taxonomy":"product_cat","embeddable":true,"href":"https:\/\/e-adams.pl\/de\/wp-json\/wp\/v2\/product_cat?post=7273"},{"taxonomy":"product_tag","embeddable":true,"href":"https:\/\/e-adams.pl\/de\/wp-json\/wp\/v2\/product_tag?post=7273"}],"curies":[{"name":"wp","href":"https:\/\/api.w.org\/{rel}","templated":true}]}}