{"id":7276,"date":"2018-09-14T14:21:27","date_gmt":"2018-09-14T12:21:27","guid":{"rendered":"http:\/\/e-adams.pl\/?post_type=product&#038;p=7276"},"modified":"2023-08-18T10:49:36","modified_gmt":"2023-08-18T08:49:36","slug":"silikon-sanitarny-atlas-artis-280ml","status":"publish","type":"product","link":"https:\/\/e-adams.pl\/de\/produkt\/silikon-sanitarny-atlas-artis-280ml\/","title":{"rendered":"Silikon Sanitarny &#8211; ATLAS Artis \u2013 280ml"},"content":{"rendered":"<h2>Silikon Sanitarny ATLAS Artis &#8211; 280ml<\/h2>\n<p style=\"font-weight: bold;\">Silikon Sanitarny<\/p>\n<p>&#8211; intensywne i trwa\u0142e kolory na lata<br \/>\n&#8211; odporny na dzia\u0142anie grzyb\u00f3w i ple\u015bni<br \/>\n&#8211; trwale elastyczny<br \/>\n&#8211; odporny na promienie UV<br \/>\n&#8211; do wykonywania dylatacji oraz do kabin prysznicowych, umywalek, mebli kuchennych, itp.<\/p>\n<p><b>Kolory<\/b>: 39 kolor\u00f3w<br \/>\n<b>Spos\u00f3b nanoszenia:<\/b> kartusz<br \/>\n<b>Min.\/max. szeroko\u015b\u0107 spoin:<\/b> 4 mm\/25 mm<br \/>\n<b>Wydajno\u015b\u0107:<\/b> 280 ml\/11 mb\/przekr\u00f3j spoiny 4&#215;6 mm<\/p>\n<p><span style=\"font-weight: bold;\">DOST\u0118PNE WSZYSTKIE KOLORY Z PALETY KOLOR\u00d3W<\/span><\/p>\n<p>Silikon przeznaczony do wewn\u0105trz i na zewn\u0105trz budynk\u00f3w, do \u0142azienek, kuchni, \u0142a\u017ani, pralni, korytarzy, na schody, tarasy, balkony i elewacje. Zalecany do uszczelniania kraw\u0119dzi styku ok\u0142adziny i wyposa\u017cenia pomieszczenia, wykonywanie spoin dylatacyjnych. S\u0142u\u017cy do spoinowania p\u0142ytek ceramicznych, gresowych i klinkierowych, ceramiki sanitarnej, impregnowanego drewna, szk\u0142a, porcelany, aluminium anodowanego, stali nierdzewnej, powierzchni emaliowanych itp.<\/p>\n<p style=\"margin: 25px; font-size: 20px; color: #666666; line-height: 30px; text-align: justify;\"><b>COLOR PROTECT<\/b> \u2013 przed\u0142u\u017ca trwa\u0142o\u015b\u0107 koloru \u2013 zapobiega powstawaniu przebarwie\u0144 i wykwit\u00f3w (fuga produkowana jest na bazie cementu glinowego), zwi\u0119ksza odporno\u015b\u0107 na zabrudzenia, promieniowanie UV oraz dzia\u0142anie olej\u00f3w i detergent\u00f3w; jednolito\u015b\u0107 koloru gwarantowana jest dzi\u0119ki wyj\u0105tkowej jedno-rodno\u015bci masy oraz r\u00f3wnomiernemu rozproszeniu i roztarciu pigment\u00f3w.<\/p>\n<p style=\"margin: 25px; font-size: 20px; color: #666666; line-height: 30px; text-align: justify;\"><b>MYKO BARIERA<\/b> \u2013 zaprawa zawiera \u015brodek konserwuj\u0105cy, kt\u00f3ry daje ochron\u0119 przeciw grzybom ple\u015bniowym i glonom.<\/p>\n<p>Przyk\u0142ady zastosowania<\/p>\n<div align=\"center\">\n<p style=\"margin: 25px; font-size: 18px; color: #666666; line-height: 25px; text-align: justify;\">Silikon <a href=\"https:\/\/e-adams.pl\/tag\/atlas\/\">Atlas<\/a> Artis przeznaczony jest do wszelkiego typu ok\u0142adzin z p\u0142ytek w miejscach mokrych, wilgotnych i suchych \u2013 w \u0142azienkach, kuchniach, \u0142a\u017aniach, pralniach, korytarzach, na schodach. Zalecany do uszczelniania kraw\u0119dzi styku ok\u0142adziny i wyposa\u017cenia pomieszczenia \u2013 wok\u00f3\u0142 kabin prysznicowych, brodzik\u00f3w, po\u0142\u0105cze\u0144 wok\u00f3\u0142 mebli i armatury \u0142azienkowej, umywalek, toalet, wanien, blat\u00f3w kuchennych i wok\u00f3\u0142 zlewozmywak\u00f3w. Wskazany na tarasy, balkony, elewacje \u2013 trwale i skutecznie uszczelnia po\u0142\u0105czenia wyeksponowane na dzia\u0142anie czynnik\u00f3w atmosferycznych.S\u0142u\u017cy do spoinowania p\u0142ytek w naro\u017cach ok\u0142adzin i wype\u0142niania spoin dylatacyjnych. Rodzaj spoinowanych element\u00f3w \u2013 p\u0142ytki ceramiczne, gresowe i klinkierowe, ceramika sanitarna, impregnowane drewno, szk\u0142o, porcelana, aluminium anodowane, stal nierdzewna, powierzchnie emaliowane itp.<\/p>\n<h2>Wydajno\u015b\u0107<\/h2>\n<p style=\"margin: 25px; font-size: 18px; color: #666666; line-height: 25px; text-align: justify;\">Zu\u017cycie zale\u017cne jest od szeroko\u015bci i g\u0142\u0119boko\u015bci spoin. np. 280 ml\/11 mb\/przekr\u00f3j spoiny 4&#215;6 mm<\/p>\n<h2>Czas schni\u0119cia<\/h2>\n<p style=\"margin: 25px; font-size: 18px; color: #666666; line-height: 25px; text-align: justify;\">W temperaturze +23 \u00b12\u00b0C, przy wilgotno\u015bci wzgl\u0119dnej powietrza 50\u00b15%, czas obr\u00f3bki to ok. 15 minut, ruch pieszy dozwolony po ok. 3 godzinach. Pe\u0142ne obci\u0105\u017cenie mo\u017ce nast\u0105pi\u0107 dopiero po up\u0142ywie doby.<\/p>\n<\/div>\n<p>Zobacz inne produkty z kategorii &#8211; <a href=\"https:\/\/e-adams.pl\/dzial\/produkty\/farby-tynki-tapety\/kleje-silikony-masy-zywice\/\">Kliknij tutaj<\/a><\/p>\n","protected":false},"excerpt":{"rendered":"<h3 style=\"color: #0099cc;\">Sprawd\u017a cen\u0119 i aktualny stan w sklepie<br \/>\n<strong>Kontakt:<\/strong> <a href=\"mailto:info@e-adams.pl\"><u><b>info@e-adams.pl<\/b><\/u><\/a><\/h3>\n","protected":false},"featured_media":7279,"comment_status":"closed","ping_status":"closed","template":"","meta":{"_acf_changed":false,"inline_featured_image":false},"product_cat":[285],"product_tag":[265,950,338],"class_list":{"0":"post-7276","1":"product","2":"type-product","3":"status-publish","4":"has-post-thumbnail","6":"product_cat-silikony-i-uszczelniacze","7":"product_tag-atlas","8":"product_tag-materialy-budowlane","9":"product_tag-silikon","11":"first","12":"instock","13":"shipping-taxable","14":"product-type-simple"},"acf":[],"_links":{"self":[{"href":"https:\/\/e-adams.pl\/de\/wp-json\/wp\/v2\/product\/7276","targetHints":{"allow":["GET"]}}],"collection":[{"href":"https:\/\/e-adams.pl\/de\/wp-json\/wp\/v2\/product"}],"about":[{"href":"https:\/\/e-adams.pl\/de\/wp-json\/wp\/v2\/types\/product"}],"replies":[{"embeddable":true,"href":"https:\/\/e-adams.pl\/de\/wp-json\/wp\/v2\/comments?post=7276"}],"wp:featuredmedia":[{"embeddable":true,"href":"https:\/\/e-adams.pl\/de\/wp-json\/wp\/v2\/media\/7279"}],"wp:attachment":[{"href":"https:\/\/e-adams.pl\/de\/wp-json\/wp\/v2\/media?parent=7276"}],"wp:term":[{"taxonomy":"product_cat","embeddable":true,"href":"https:\/\/e-adams.pl\/de\/wp-json\/wp\/v2\/product_cat?post=7276"},{"taxonomy":"product_tag","embeddable":true,"href":"https:\/\/e-adams.pl\/de\/wp-json\/wp\/v2\/product_tag?post=7276"}],"curies":[{"name":"wp","href":"https:\/\/api.w.org\/{rel}","templated":true}]}}