{"id":7277,"date":"2018-09-14T14:24:22","date_gmt":"2018-09-14T12:24:22","guid":{"rendered":"http:\/\/e-adams.pl\/?post_type=product&#038;p=7277"},"modified":"2024-02-15T11:48:54","modified_gmt":"2024-02-15T10:48:54","slug":"impregnat-do-plytek-i-fug-atlas-delfin-5kg","status":"publish","type":"product","link":"https:\/\/e-adams.pl\/de\/produkt\/impregnat-do-plytek-i-fug-atlas-delfin-5kg\/","title":{"rendered":"Impregnat do p\u0142ytek i fug ATLAS DELFIN &#8211; 5kg"},"content":{"rendered":"<h2>ATLAS DELFIN, impregnat do p\u0142ytek i fug, waga 5kg<\/h2>\n<h3>Opis:<\/h3>\n<ul>\n<li>Chroni przed typowymi zabrudzeniami u\u017cytkowymi &#8211; z olej\u00f3w, t\u0142uszcz\u00f3w, kawy, herbaty oraz wody.<\/li>\n<li>Zabezpiecza powierzchnie porowate &#8211; mog\u0105ce ulega\u0107 zabrudzeniu strukturalnemu.<\/li>\n<li>U\u0142atwia utrzymanie czysto\u015bci &#8211; dzi\u0119ki du\u017cej zdolno\u015bci penetracji wnika w wierzchni\u0105 warstw\u0119 p\u0142ytek i fug, jednocze\u015bnie tworz\u0105c na ich powierzchni trwa\u0142\u0105 pow\u0142ok\u0119 ochronn\u0105.<\/li>\n<li>Nadaje delikatny po\u0142ysk p\u0142ytkom nieszkliwionym.<\/li>\n<li>Przywraca \u015bwie\u017cy wygl\u0105d starym, matowym ok\u0142adzinom.<\/li>\n<li>Rodzaje zabezpieczanych pod\u0142o\u017cy \u2013 fugi cementowe, p\u0142ytki o wysokiej ch\u0142onno\u015bci (ceramiczne nieszkliwione, kamienne i cementowe).<\/li>\n<\/ul>\n<h3>Najwa\u017cniejsze cechy:<\/h3>\n<ul>\n<li>zabezpiecza p\u0142ytki i fugi przed plamami i brudem<\/li>\n<li>do p\u0142ytek nieszkliwionych i kamiennych<\/li>\n<li>tworzy warstw\u0119 ochronn\u0105<\/li>\n<li>nadaje p\u0142ytkom delikatny po\u0142ysk<\/li>\n<li>o\u017cywia kolor powierzchni<\/li>\n<li>jest bezbarwny \u2013 po wyschni\u0119ciu uwydatnia kolor pod\u0142o\u017ca<\/li>\n<li>jest odporny na typowe \u015brodki czyszcz\u0105ce \u2013 nie ulega wymyciu podczas piel\u0119gnacji ok\u0142adziny<\/li>\n<\/ul>\n<h3>Dane techniczne:<\/h3>\n<ul>\n<li>G\u0119sto\u015b\u0107 emulsji: 1,0 g\/cm3<\/li>\n<li>Temperatura pod\u0142o\u017ca i otoczenia: od +5 \u00b0C do +25 \u00b0C<\/li>\n<li>U\u017cytkowanie posadzki: po 24 godzinach<\/li>\n<li>Rekomendowany czas podany jest dla warunk\u00f3w aplikacji w temperaturze ok. 20 \u00b0C i 50-60 % wilgotno\u015bci.<\/li>\n<\/ul>\n<h2>Jak impregnowa\u0107 preparatem ATLAS DELFIN:<\/h2>\n<p>Pod\u0142o\u017ce powinno by\u0107 suche, oczyszczone z kurzu, brudu, olej\u00f3w, t\u0142uszcz\u00f3w i wosku. ATLAS DELFIN produkowany jest jako \u015brodek gotowy do bezpo\u015bredniego u\u017cycia. Nie wolno go \u0142\u0105czy\u0107 z innymi materia\u0142ami, rozcie\u0144cza\u0107 ani zag\u0119szcza\u0107. P\u0142yn ATLAS DELFIN nanosi si\u0119 na pod\u0142o\u017ce w postaci nierozcie\u0144czonej g\u0105bk\u0105 lub p\u0119dzlem, jako cienk\u0105 i r\u00f3wnomiern\u0105 warstw\u0119. Nie pozostawia\u0107 ka\u0142u\u017c! Na bardziej ch\u0142onnych pod\u0142o\u017cach, po ok. 30 minutach schni\u0119cia, p\u0142yn nanie\u015b\u0107 jeszcze raz, poprzecznie do pierwszej warstwy. U\u017cytkowanie posadzki nale\u017cy rozpocz\u0105\u0107 nie wcze\u015bniej ni\u017c po 24 godzinach od na\u0142o\u017cenia emulsji. Fugi mo\u017cna impregnowa\u0107 po ich stwardnieniu, nanosz\u0105c p\u0142yn cienkim p\u0119dzelkiem po up\u0142ywie 2 tygodni od momentu ich wykonania.<\/p>\n","protected":false},"excerpt":{"rendered":"<p>ATLAS DELFIN to impregnat do p\u0142ytek i fug.<\/p>\n","protected":false},"featured_media":20681,"comment_status":"closed","ping_status":"closed","template":"","meta":{"_acf_changed":false,"inline_featured_image":false},"product_cat":[1590],"product_tag":[1572,1573,1575,1574],"class_list":{"0":"post-7277","1":"product","2":"type-product","3":"status-publish","4":"has-post-thumbnail","6":"product_cat-impregnaty-i-srodki-do-czyszczenia","7":"product_tag-atlas-delfin","8":"product_tag-impregnat-do-plytek-i-fug","9":"product_tag-zabezpieczanie-fug","10":"product_tag-zabezpieczanie-plytek","12":"first","13":"outofstock","14":"shipping-taxable","15":"purchasable","16":"product-type-simple"},"acf":[],"_links":{"self":[{"href":"https:\/\/e-adams.pl\/de\/wp-json\/wp\/v2\/product\/7277","targetHints":{"allow":["GET"]}}],"collection":[{"href":"https:\/\/e-adams.pl\/de\/wp-json\/wp\/v2\/product"}],"about":[{"href":"https:\/\/e-adams.pl\/de\/wp-json\/wp\/v2\/types\/product"}],"replies":[{"embeddable":true,"href":"https:\/\/e-adams.pl\/de\/wp-json\/wp\/v2\/comments?post=7277"}],"wp:featuredmedia":[{"embeddable":true,"href":"https:\/\/e-adams.pl\/de\/wp-json\/wp\/v2\/media\/20681"}],"wp:attachment":[{"href":"https:\/\/e-adams.pl\/de\/wp-json\/wp\/v2\/media?parent=7277"}],"wp:term":[{"taxonomy":"product_cat","embeddable":true,"href":"https:\/\/e-adams.pl\/de\/wp-json\/wp\/v2\/product_cat?post=7277"},{"taxonomy":"product_tag","embeddable":true,"href":"https:\/\/e-adams.pl\/de\/wp-json\/wp\/v2\/product_tag?post=7277"}],"curies":[{"name":"wp","href":"https:\/\/api.w.org\/{rel}","templated":true}]}}