{"id":7282,"date":"2018-09-14T14:30:30","date_gmt":"2018-09-14T12:30:30","guid":{"rendered":"http:\/\/e-adams.pl\/?post_type=product&#038;p=7282"},"modified":"2023-08-18T10:49:17","modified_gmt":"2023-08-18T08:49:17","slug":"siatka-elewacyjna-z-wlokna-szklanego-atlas-150-m2","status":"publish","type":"product","link":"https:\/\/e-adams.pl\/de\/produkt\/siatka-elewacyjna-z-wlokna-szklanego-atlas-150-m2\/","title":{"rendered":"Siatka elewacyjna z W\u0142\u00f3kna Szklanego ATLAS 150 &#8211; 1m x 50m"},"content":{"rendered":"<p>Siatka elewacyjna z W\u0142\u00f3kna Szklanego ATLAS 150 rolka 1m x 50m<\/p>\n<p style=\"font-weight: bold;\">Siatka zbroj\u0105ca<\/p>\n<p>&nbsp;<\/p>\n<p>&#8211; odporna na alkalia<br \/>\n&#8211; wytrzyma\u0142a<br \/>\n&#8211; elastyczna<br \/>\n&#8211; nadaje p\u0142ytkom delikatny po\u0142ysk<\/p>\n<p><span style=\"font-weight: bold;\">DOST\u0118PNE ROZMIARY:<\/span> 50m2 (1m x 50m), cena za 1mb<\/p>\n<div style=\"border: 1px solid #dbd528; margin: 0px 10px; padding: 14px; font-family: Helvetica,Arial,Sans-Serif; text-align: justify; background-color: #e8e8ea; line-height: 30px; color: #3d3c46;\">\n<div style=\"padding: 5px;\">\n<p style=\"font-size: 22px; text-align: justify;\"><span style=\"font-weight: bold;\">Do wykonywania warstwy zbrojonej<\/span> \u2013 do zatapiania w warstwie kleju podczas wykonywania ocieple\u0144, zar\u00f3wno ze styropianem, jak i z we\u0142n\u0105 mineraln\u0105.<\/p>\n<p style=\"font-size: 22px; text-align: justify;\"><span style=\"font-weight: bold;\">Stanowi element system\u00f3w ocieple\u0144<\/span> \u2013 wchodzi w sk\u0142ad z\u0142o\u017conych system\u00f3w izolacji cieplnej, posiadaj\u0105cych Aprobaty Techniczne Krajowe (AT) oraz Europejskie (ETA).<\/p>\n<p>&nbsp;<\/p>\n<p style=\"font-size: 22px; text-align: justify;\"><span style=\"font-weight: bold;\">Wytrzyma\u0142a<\/span> \u2013\u00a0Siatka elewacyjna <a href=\"https:\/\/e-adams.pl\/tag\/atlas\/\">Atlas<\/a> sk\u0142ada si\u0119 z u\u0142o\u017conych naprzemiennie w\u0142\u00f3kien w\u0105tku i osnowy tworz\u0105cych trwa\u0142y i mocny splot gazejski, zapewniaj\u0105cy siatce odpowiednio wysok\u0105 wytrzyma\u0142o\u015b\u0107 mechaniczn\u0105, w\u0142\u00f3kna nie \u0142ami\u0105 si\u0119 i nie przesuwaj\u0105 wzgl\u0119dem siebie.<\/p>\n<p style=\"font-size: 22px; text-align: justify;\"><span style=\"font-weight: bold;\">Elastyczna<\/span> \u2013 zapewnia kompensowanie odkszta\u0142ce\u0144 termicznych i mechanicznych jakim w trakcie eksploatacji podlega uk\u0142ad ociepleniowy, zapobiega powstawaniu rys w warstwach elewacyjnych i umo\u017cliwia uzyskanie stabilnego pod\u0142o\u017ca pod warstw\u0119 tynku.<\/p>\n<p style=\"font-size: 22px; text-align: justify;\"><span style=\"font-weight: bold;\">Odporna na alkalia<\/span> \u2013 w\u0142\u00f3kna zabezpieczone s\u0105 w k\u0105pieli akrylowej przed agresywnymi alkaliami zawartymi w zaprawach klej\u0105cych.<\/p>\n<p>&#8211; Zobacz inne produkty z tej kategorii &#8211; <a href=\"https:\/\/e-adams.pl\/dzial\/produkty\/materialy-budowlane\/welna-styropian-siatki\/\">Kliknij Tutaj<\/a><\/p>\n<\/div>\n<\/div>\n","protected":false},"excerpt":{"rendered":"<h3 style=\"color: #0099cc;\">Sprawd\u017a cen\u0119 i aktualny stan w sklepie<br \/>\n<strong>Kontakt:<\/strong> <a href=\"mailto:info@e-adams.pl\"><u><b>info@e-adams.pl<\/b><\/u><\/a><\/h3>\n","protected":false},"featured_media":13289,"comment_status":"closed","ping_status":"closed","template":"","meta":{"_acf_changed":false,"inline_featured_image":false},"product_cat":[297],"product_tag":[265,1030],"class_list":{"0":"post-7282","1":"product","2":"type-product","3":"status-publish","4":"has-post-thumbnail","6":"product_cat-siatki-elewacyjne-welna-styropian-siatki","7":"product_tag-atlas","8":"product_tag-siatka-elewacyjna","10":"first","11":"instock","12":"shipping-taxable","13":"product-type-simple"},"acf":[],"_links":{"self":[{"href":"https:\/\/e-adams.pl\/de\/wp-json\/wp\/v2\/product\/7282","targetHints":{"allow":["GET"]}}],"collection":[{"href":"https:\/\/e-adams.pl\/de\/wp-json\/wp\/v2\/product"}],"about":[{"href":"https:\/\/e-adams.pl\/de\/wp-json\/wp\/v2\/types\/product"}],"replies":[{"embeddable":true,"href":"https:\/\/e-adams.pl\/de\/wp-json\/wp\/v2\/comments?post=7282"}],"wp:featuredmedia":[{"embeddable":true,"href":"https:\/\/e-adams.pl\/de\/wp-json\/wp\/v2\/media\/13289"}],"wp:attachment":[{"href":"https:\/\/e-adams.pl\/de\/wp-json\/wp\/v2\/media?parent=7282"}],"wp:term":[{"taxonomy":"product_cat","embeddable":true,"href":"https:\/\/e-adams.pl\/de\/wp-json\/wp\/v2\/product_cat?post=7282"},{"taxonomy":"product_tag","embeddable":true,"href":"https:\/\/e-adams.pl\/de\/wp-json\/wp\/v2\/product_tag?post=7282"}],"curies":[{"name":"wp","href":"https:\/\/api.w.org\/{rel}","templated":true}]}}