{"id":7286,"date":"2018-09-14T14:43:09","date_gmt":"2018-09-14T12:43:09","guid":{"rendered":"http:\/\/e-adams.pl\/?post_type=product&#038;p=7286"},"modified":"2023-08-18T10:48:56","modified_gmt":"2023-08-18T08:48:56","slug":"farba-do-szpitali-tikkurila-argentum-20-9l","status":"publish","type":"product","link":"https:\/\/e-adams.pl\/de\/produkt\/farba-do-szpitali-tikkurila-argentum-20-9l\/","title":{"rendered":"Farba do szpitali TIKKURILA ARGENTUM 20 &#8211; 9l"},"content":{"rendered":"<h2>Tikkurila Argentum 20 &#8211; 9L<\/h2>\n<p>&#8211; Farba m.in. do szpitali, laboratori\u00f3w, gabinet\u00f3w, przedszkoli<br \/>\n&#8211; Specjalna farba nawierzchniowa przeznaczona do pomieszcze\u0144 wymagaj\u0105cych utrzymania wysokiego poziomu higieny<br \/>\n&#8211; Nadaje si\u0119 do u\u017cycia w pomieszczeniach, w kt\u00f3rych wymagana jest wysoka odporno\u015b\u0107 na \u015bcieranie i zu\u017cycie<br \/>\n&#8211; Zawiera aktywne srebro, kt\u00f3re wraz z zachowaniem wysokiego poziomu higieny w obiekcie zapobiega wzrostowi bakterii na wymalowanej pow\u0142oce.<br \/>\n&#8211; Odporna na wysokie temperatury (85\u00b0C)<\/p>\n<p><b>Kolory<\/b>: jasne kolory Tikkurila Symphony, <u>p\u00f3\u0142mat<\/u><br \/>\n<b>Spos\u00f3b nanoszenia:<\/b> p\u0119dzel, wa\u0142ek lub natrysk<br \/>\n<b>Wydajno\u015b\u0107:<\/b> 5-8 m2\/l.<\/p>\n<p><span style=\"font-weight: bold;\">DOST\u0118PNE WSZYSTKIE KOLORY Z PALETY KOLOR\u00d3W<\/span><\/p>\n<p style=\"font-size: 20px; color: #666666; line-height: 30px; text-align: justify;\">Specjalna farba nawierzchniowa przeznaczona do malowania \u015bcian i sufit\u00f3w wewn\u0105trz pomieszcze\u0144 wymagaj\u0105cych utrzymania wysokiego poziomu higieny, w tym w pomieszczeniach o podwy\u017cszonej wilgotno\u015bci. <a href=\"https:\/\/e-adams.pl\/tag\/tikkurila\/\">Tikkurila<\/a> Argentum 20 nadaje si\u0119 do u\u017cycia w pomieszczeniach, w kt\u00f3rych wymagana jest wysoka odporno\u015b\u0107 na \u015bcieranie i zu\u017cycie. Farba zawiera aktywne srebro, kt\u00f3re wraz z zachowaniem wysokiego poziomu higieny w obiekcie zapobiega wzrostowi bakterii na wymalowanej pow\u0142oce. Testowana zgodnie z norm\u0105 ISO 22196.<\/p>\n","protected":false},"excerpt":{"rendered":"<p>Farba z jonami srebra zapobiegaj\u0105ca rozwojowi bakterii.<\/p>\n","protected":false},"featured_media":7288,"comment_status":"closed","ping_status":"closed","template":"","meta":{"_acf_changed":false,"inline_featured_image":false},"product_cat":[343,344],"product_tag":[1130,993,342],"class_list":{"0":"post-7286","1":"product","2":"type-product","3":"status-publish","4":"has-post-thumbnail","6":"product_cat-farby-biale","7":"product_cat-farby-kolorowe-gotowe","8":"product_tag-farba-wewnetrzna","9":"product_tag-farby","10":"product_tag-tikkurila","12":"first","13":"onbackorder","14":"shipping-taxable","15":"product-type-simple"},"acf":[],"_links":{"self":[{"href":"https:\/\/e-adams.pl\/de\/wp-json\/wp\/v2\/product\/7286","targetHints":{"allow":["GET"]}}],"collection":[{"href":"https:\/\/e-adams.pl\/de\/wp-json\/wp\/v2\/product"}],"about":[{"href":"https:\/\/e-adams.pl\/de\/wp-json\/wp\/v2\/types\/product"}],"replies":[{"embeddable":true,"href":"https:\/\/e-adams.pl\/de\/wp-json\/wp\/v2\/comments?post=7286"}],"wp:featuredmedia":[{"embeddable":true,"href":"https:\/\/e-adams.pl\/de\/wp-json\/wp\/v2\/media\/7288"}],"wp:attachment":[{"href":"https:\/\/e-adams.pl\/de\/wp-json\/wp\/v2\/media?parent=7286"}],"wp:term":[{"taxonomy":"product_cat","embeddable":true,"href":"https:\/\/e-adams.pl\/de\/wp-json\/wp\/v2\/product_cat?post=7286"},{"taxonomy":"product_tag","embeddable":true,"href":"https:\/\/e-adams.pl\/de\/wp-json\/wp\/v2\/product_tag?post=7286"}],"curies":[{"name":"wp","href":"https:\/\/api.w.org\/{rel}","templated":true}]}}