{"id":7445,"date":"2018-09-22T12:40:25","date_gmt":"2018-09-22T10:40:25","guid":{"rendered":"http:\/\/e-adams.pl\/?post_type=product&#038;p=7445"},"modified":"2023-11-15T13:20:58","modified_gmt":"2023-11-15T12:20:58","slug":"farba-silikonowa-elewacyjna-ceresit-ct48-15l","status":"publish","type":"product","link":"https:\/\/e-adams.pl\/de\/produkt\/farba-silikonowa-elewacyjna-ceresit-ct48-15l\/","title":{"rendered":"Farba Silikonowa Elewacyjna &#8211; CERESIT CT48 \u2013 15l"},"content":{"rendered":"<h2>Farba Silikonowa Elewacyjna &#8211; Ceresit CT48 &#8211; 15L<\/h2>\n<p style=\"font-weight: bold;\">Farba Silikonowa Elewacyjna<\/p>\n<p>\u2013 niska nasi\u0105kliwo\u015b\u0107<br \/>\n\u2013 paroprzepuszczalna (oddychaj\u0105ca)<br \/>\n\u2013 odporna na zabrudzenia<br \/>\n\u2013 trwa\u0142a<br \/>\n\u2013 wysoce odporna na UV i warunki atmosferyczne<br \/>\n\u2013 formu\u0142a BioProtect \u2013 odporna na rozw\u00f3j grzyb\u00f3w, alg i ple\u015bni<\/p>\n<p><b>Kolory:<\/b> ponad 200 kolor\u00f3w Colours of Nature (CERESIT CT48)<br \/>\n<b>Spos\u00f3b nanoszenia:<\/b> Wiertarka z mieszad\u0142em koszykowym, kielnia, paca ze stali nierdzewnej<\/p>\n<p><span style=\"font-weight: bold;\">Farba Fasadowa &#8211; DOST\u0118PNE WSZYSTKIE KOLORY Z PALETY KOLOR\u00d3W<\/span><\/p>\n<p><img decoding=\"async\" class=\"aligncenter\" style=\"width: 400px; height: 400px;\" src=\"https:\/\/e-adams.pl\/wp-content\/uploads\/2018\/09\/Farba-Silikonowa-Elewacyjna-CERESIT-CT48-15l.jpg\" alt=\"Farba Silikonowa Elewacyjna, CERESIT CT48, 15l, Farba fasadowe, Farba elewacyjna, farby fasadowe \u017cary, farby elewacyjne \u017cary, mieszalnia tynk\u00f3w, tynki barwione, tynk paleta, Mieszalnik tynk\u00f3w ceresit, \u017baga\u0144, Zielona G\u00f3ra, Nowa S\u00f3l, \u0142\u0119knica, Sieniawa, Szprotawa, Lubuskie\" title=\"\"><\/p>\n<p style=\"margin: 15px; text-align: justify; font-size: 20px; color: #666666; line-height: 30px;\">Ceresit <strong>CT 48<\/strong> to hydrofobowa, paroprzepuszczalna farba silikonowa do malowania elewacji, a tak\u017ce wn\u0119trz budynk\u00f3w. Farba jest wyposa\u017cona w zabezpieczenie przed pora\u017ceniami biologicznymi, na przyk\u0142ad grzybami, ple\u015bniami czy algami.<\/p>\n<p style=\"margin: 15px; text-align: justify; font-size: 20px; color: #666666; line-height: 30px;\">Farba elewacyjna korzysta z technologii <strong>BioProtect<\/strong>: to wyra\u017anie skuteczna i trwa\u0142a ochrona elewacji przed ska\u017ceniem biologicznym, rozwojem ple\u015bni, grzyb\u00f3w oraz alg, co wi\u0119cej, dzi\u0119ki specjalnym kapsu\u0142om z zawarto\u015bci\u0105 \u015brodka biob\u00f3jczego uwolnienie substancji nast\u0119puje w spos\u00f3b kontrolowany, jednocze\u015bnie zapewniaj\u0105c d\u0142ugotrwa\u0142y efekt.<\/p>\n","protected":false},"excerpt":{"rendered":"<p>formu\u0142a BioProtect \u2013 odporna na rozw\u00f3j grzyb\u00f3w, alg i ple\u015bni<\/p>\n","protected":false},"featured_media":7447,"comment_status":"closed","ping_status":"closed","template":"","meta":{"_acf_changed":false,"inline_featured_image":false},"product_cat":[1207],"product_tag":[158,175],"class_list":{"0":"post-7445","1":"product","2":"type-product","3":"status-publish","4":"has-post-thumbnail","6":"product_cat-farby-fasadowe-ceresit","7":"product_tag-ceresit","8":"product_tag-tynk","10":"first","11":"instock","12":"shipping-taxable","13":"product-type-simple"},"acf":[],"_links":{"self":[{"href":"https:\/\/e-adams.pl\/de\/wp-json\/wp\/v2\/product\/7445","targetHints":{"allow":["GET"]}}],"collection":[{"href":"https:\/\/e-adams.pl\/de\/wp-json\/wp\/v2\/product"}],"about":[{"href":"https:\/\/e-adams.pl\/de\/wp-json\/wp\/v2\/types\/product"}],"replies":[{"embeddable":true,"href":"https:\/\/e-adams.pl\/de\/wp-json\/wp\/v2\/comments?post=7445"}],"wp:featuredmedia":[{"embeddable":true,"href":"https:\/\/e-adams.pl\/de\/wp-json\/wp\/v2\/media\/7447"}],"wp:attachment":[{"href":"https:\/\/e-adams.pl\/de\/wp-json\/wp\/v2\/media?parent=7445"}],"wp:term":[{"taxonomy":"product_cat","embeddable":true,"href":"https:\/\/e-adams.pl\/de\/wp-json\/wp\/v2\/product_cat?post=7445"},{"taxonomy":"product_tag","embeddable":true,"href":"https:\/\/e-adams.pl\/de\/wp-json\/wp\/v2\/product_tag?post=7445"}],"curies":[{"name":"wp","href":"https:\/\/api.w.org\/{rel}","templated":true}]}}