{"id":7491,"date":"2018-10-16T11:37:03","date_gmt":"2018-10-16T09:37:03","guid":{"rendered":"http:\/\/e-adams.pl\/?post_type=product&#038;p=7491"},"modified":"2023-08-18T08:20:41","modified_gmt":"2023-08-18T06:20:41","slug":"olej-do-blatow-kuchennych-v33-05l","status":"publish","type":"product","link":"https:\/\/e-adams.pl\/de\/produkt\/olej-do-blatow-kuchennych-v33-05l\/","title":{"rendered":"Olej do blat\u00f3w kuchennych V33 &#8211; 0,5L"},"content":{"rendered":"<h2>V33 Olej do Blat\u00f3w Kuchennych &#8211; 0,5L<\/h2>\n<p style=\"font-weight: bold;\">Ekstremalnie odporny na zarysowania<\/p>\n<p>\u2013 Dopuszczony do kontaktu z \u017cywno\u015bci\u0105 ENV 1186<br \/>\n\u2013 Chroni drewno przed dzia\u0142aniem wody<br \/>\n\u2013 Odporny na wysokie temperatury i zarysowania<br \/>\n\u2013 Nie pozostawia plam<br \/>\n&#8211; Pozwala zachowa\u0107 kontakt z drewnem<\/p>\n<p><b>Kolory:<\/b> bezbarwny <u>mat<\/u><br \/>\n<b>Wydajno\u015b\u0107:<\/b> 0,5l = ok 6m2 przy jednej warstwie<br \/>\n<b>Spos\u00f3b nanoszenia:<\/b> p\u0142aski p\u0119dzel, szmatka<\/p>\n<p><span style=\"font-weight: bold;\">DOST\u0118PNE WSZYSTKIE KOLORY Z PALETY KOLOR\u00d3W<\/span><\/p>\n<p>&nbsp;<\/p>\n<p style=\"margin: 15px; text-align: justify; font-size: 20px; color: #666666; line-height: 30px;\">Od\u017cywia i impregnuje powierzchnie drewniane chroni\u0105c je przed dzia\u0142aniem wody. Nie pozostawia plam. Odporny na wysokie temperatury. \u0141atwy w piel\u0119gnacji. Mo\u017ce by\u0107 czyszczony przy u\u017cyciu detergent\u00f3w. Pozwala zachowa\u0107 kontakt z drewnem<\/p>\n<p>&nbsp;<\/p>\n<h2 style=\"text-align: center;\">Przyk\u0142ady zastosowania<\/h2>\n<p style=\"margin: 25px; font-size: 18px; color: #666666; line-height: 25px; text-align: center;\">Doskona\u0142y preparat do konserwacji i zabezpieczenia drewnianych blat\u00f3w kuchennych, jak i innych blat\u00f3w z drewna.<\/p>\n<h2 style=\"text-align: center;\">Wydajno\u015b\u0107<\/h2>\n<p style=\"margin: 25px; font-size: 18px; color: #666666; line-height: 25px; text-align: center;\">do 6m2\/L przy jednej warstwie<\/p>\n<h2 style=\"text-align: center;\">Czas schni\u0119cia<\/h2>\n<p style=\"margin: 25px; font-size: 18px; color: #666666; line-height: 25px; text-align: center;\">Dotykowo suchy: 3h, Kolejna warstwa: 12h Czas schniecia: 24 h<\/p>\n<h2>Rady producenta:<\/h2>\n<p style=\"margin: 25px; font-size: 18px; color: #666666; line-height: 25px; text-align: justify;\">Po na\u0142o\u017ceniu oleju przez 3 tygodnie nale\u017cy unika\u0107 kontaktu powierzchni z wod\u0105.<br \/>\n\u2022 Nak\u0142adanie na drewno porowate (buk, \u015bwierk, itp.): Aby przekona\u0107 si\u0119 czy drewno jest porowate, rozla\u0107 na<br \/>\npowierzchni\u0119 odrobin\u0119 wody. Je\u015bli krople wody szybko wnikn\u0105 w drewno zalecamy na\u0142o\u017cenie trzeciej warstwy Oleju w<br \/>\ntaki sam spos\u00f3b, jak nak\u0142adano drug\u0105 pow\u0142ok\u0119.<br \/>\n\u2022 W przypadku miejscowej renowacji, nale\u017cy na\u0142o\u017cy\u0107 olej czyst\u0105, such\u0105 szmatki.<br \/>\n\u2022 Ostateczny efekt wyko\u0144czenia zale\u017cy od gatunku drewna. Przed rozpocz\u0119ciem prac zalecamy naniesienie oleju na<br \/>\nniewielk\u0105 powierzchni\u0119 w celu wykonania pr\u00f3by<br \/>\n* Kontakt z \u017cywno\u015bci\u0105: Produkt jest dopuszczony do kontaktu z \u017cywno\u015bci\u0105 zgodnie z norm\u0105 europejsk\u0105 ENV 1186 cz\u0119\u015b\u0107<br \/>\n1,2 i 3 (maksymalnie 2 godziny w przypadku \u017cywno\u015bci t\u0142ustej i kwa\u015bnej).<\/p>\n<div class=\"notranslate\" style=\"all: initial;\"><\/div>\n","protected":false},"excerpt":{"rendered":"<h3 style=\"color: #0099cc;\">Sprawd\u017a cen\u0119 i aktualny stan w sklepie<br \/>\n<strong>Kontakt:<\/strong> <a href=\"mailto:info@e-adams.pl\"><u><b>info@e-adams.pl<\/b><\/u><\/a><\/h3>\n","protected":false},"featured_media":8678,"comment_status":"closed","ping_status":"closed","template":"","meta":{"_acf_changed":false,"inline_featured_image":false},"product_cat":[322],"product_tag":[771],"class_list":{"0":"post-7491","1":"product","2":"type-product","3":"status-publish","4":"has-post-thumbnail","6":"product_cat-lakiery-bejce-impregnaty-do-drewna","7":"product_tag-v33","9":"first","10":"onbackorder","11":"shipping-taxable","12":"product-type-simple"},"acf":[],"_links":{"self":[{"href":"https:\/\/e-adams.pl\/de\/wp-json\/wp\/v2\/product\/7491","targetHints":{"allow":["GET"]}}],"collection":[{"href":"https:\/\/e-adams.pl\/de\/wp-json\/wp\/v2\/product"}],"about":[{"href":"https:\/\/e-adams.pl\/de\/wp-json\/wp\/v2\/types\/product"}],"replies":[{"embeddable":true,"href":"https:\/\/e-adams.pl\/de\/wp-json\/wp\/v2\/comments?post=7491"}],"wp:featuredmedia":[{"embeddable":true,"href":"https:\/\/e-adams.pl\/de\/wp-json\/wp\/v2\/media\/8678"}],"wp:attachment":[{"href":"https:\/\/e-adams.pl\/de\/wp-json\/wp\/v2\/media?parent=7491"}],"wp:term":[{"taxonomy":"product_cat","embeddable":true,"href":"https:\/\/e-adams.pl\/de\/wp-json\/wp\/v2\/product_cat?post=7491"},{"taxonomy":"product_tag","embeddable":true,"href":"https:\/\/e-adams.pl\/de\/wp-json\/wp\/v2\/product_tag?post=7491"}],"curies":[{"name":"wp","href":"https:\/\/api.w.org\/{rel}","templated":true}]}}