{"id":7494,"date":"2018-10-16T11:54:45","date_gmt":"2018-10-16T09:54:45","guid":{"rendered":"http:\/\/e-adams.pl\/?post_type=product&#038;p=7494"},"modified":"2023-08-18T10:44:05","modified_gmt":"2023-08-18T08:44:05","slug":"grunt-tikkurila-suprabilit-5l","status":"publish","type":"product","link":"https:\/\/e-adams.pl\/de\/produkt\/grunt-tikkurila-suprabilit-5l\/","title":{"rendered":"Grunt koncentrat TIKKURILA SUPRABILIT &#8211; 5l"},"content":{"rendered":"<h2>Grunt koncentrat TIKKURILA SUPRABILIT &#8211; 5l<\/h2>\n<p style=\"font-weight: bold;\">Preparat do gruntowania i wzmacniania pod\u0142o\u017ca, koncentrat<\/p>\n<p>\u2013 Koncentrat 1:1<br \/>\n\u2013 Wzmacnia i zmniejsza ch\u0142onno\u015b\u0107 pod\u0142o\u017ca<br \/>\n\u2013 Zwi\u0119ksza przyczepno\u015b\u0107 farb dekoracyjnych.<\/p>\n<p><b>Kolor:<\/b> bezbarwny<br \/>\n<b>Spos\u00f3b nanoszenia:<\/b> wa\u0142ek, p\u0119dzel lub natrysk<\/p>\n<p><b>Wydajno\u015b\u0107:<\/b> 18 m2\/l<\/p>\n<p><img decoding=\"async\" class=\"aligncenter\" style=\"width: 400px; height: 400px;\" src=\"https:\/\/e-adams.pl\/wp-content\/uploads\/2018\/10\/Grunt-koncentrat-tikkurila-suprabilit-5l.jpg\" alt=\"grunty \u017cary, materia\u0142y budowlane \u017cary, grunt tikkurila, preparat do gruntowania, grunt wzmacnaj\u0105cy, suprabilit \u017cary, farby gruntuj\u0105ce \u017cary, gruntowanie przed malowaniem, farby tikkurila a gruntowanie, przygotowanie \u015bcian do malowania, farba gruntuj\u0105ca, grunt wzmacniaj\u0105cy pod\u0142o\u017ce, grunt wzmacniaj\u0105cy posadzk\u0119, grunt wzmacniaj\u0105cy, grunt tikkurila cena, grunt pod farby, Lipinki \u0141u\u017cyckie, Lubsko, Nowogr\u00f3d Bobrz., Szprotawa, Nowa S\u00f3l, Sieniawa \u017barska, Zielona G\u00f3ra, \u0141\u0119knica, Przew\u00f3z, \u017baga\u0144\" title=\"\"><\/p>\n<p style=\"text-align: justify;\">Preparat do gruntowania i wzmacniania pod\u0142o\u017ca, koncentrat. Produkt zawieraj\u0105cy specjaln\u0105 dyspersj\u0119 przeznaczon\u0105 do przygotowania ch\u0142onnych pod\u0142o\u017cy przed malowaniem. Wzmacnia i zmniejsza ch\u0142onno\u015b\u0107 pod\u0142o\u017ca. Zwi\u0119ksza przyczepno\u015b\u0107 farb dekoracyjnych.<\/p>\n<div align=\"center\">\n<table style=\"width: 100%;\">\n<tbody>\n<tr>\n<td><img decoding=\"async\" class=\"aligncenter\" style=\"width: 290px; height: 290px;\" src=\"https:\/\/e-adams.pl\/wp-content\/uploads\/2018\/10\/Grunt-koncentrat-tikkurila-suprabilit-5l.jpg\" alt=\"grunty \u017cary, materia\u0142y budowlane \u017cary, grunt tikkurila, preparat do gruntowania, grunt wzmacnaj\u0105cy, suprabilit \u017cary\" title=\"\"><\/td>\n<td>\n<h2>Tikkurila Suprabilit<\/h2>\n<p>Preparat do gruntowania i wzmacniania pod\u0142o\u017ca.<\/p>\n<p>&nbsp;<\/td>\n<\/tr>\n<tr>\n<td>\n<h2>Doskona\u0142e przygotowanie przed malowaniem<\/h2>\n<p>Tikkurila Suprabilit zawiera specjaln\u0105 dyspersj\u0119 przeznaczon\u0105 do przygotowania ch\u0142onnych pod\u0142o\u017cy przed malowaniem.<\/td>\n<td><\/td>\n<\/tr>\n<tr>\n<td><\/td>\n<td>\n<h2>Zwi\u0119kszona wydajno\u015b\u0107 farb nawierzchniowych<\/h2>\n<p>Produkt doskonale wzmacnia pod\u0142o\u017ce, a tym samym zmniejsza jego ch\u0142onno\u015b\u0107, co wp\u0142ywa na zwi\u0119kszenie przyczepno\u015bci farb dekoracyjnych oraz na wydajno\u015b\u0107 w czasie aplikacji, szczeg\u00f3lnie pierwszej warstwy.<\/td>\n<\/tr>\n<\/tbody>\n<\/table>\n<p>&nbsp;<\/p>\n<h2>Przyk\u0142ady zastosowania<\/h2>\n<p style=\"margin: 25px; font-size: 18px; color: #666666; line-height: 25px; text-align: center;\">Malowanie g\u0142adzi szpachlowych, p\u0142yt kartonowo-gipsowych, tynk\u00f3w gipsowych, cementowo-wapiennych, pod\u0142o\u017cy betonowych.<\/p>\n<h2>Wydajno\u015b\u0107<\/h2>\n<p style=\"margin: 25px; font-size: 18px; color: #666666; line-height: 25px; text-align: center;\">18 m2\/l (dotyczy produktu rozcie\u0144czonego 1:1),wydajno\u015b\u0107 w du\u017cej mierze uzale\u017cniona jest od takich czynnik\u00f3w, jak porowato\u015b\u0107, struktura pod\u0142o\u017ca oraz metoda aplikacji.<\/p>\n<h2>Czas schni\u0119cia<\/h2>\n<p style=\"margin: 25px; font-size: 18px; color: #666666; line-height: 25px; text-align: center;\">Malowanie warstwy nawierzchniowej najkorzystniej przeprowadzi\u0107 po min. 4 godzinach.<\/p>\n<\/div>\n","protected":false},"excerpt":{"rendered":"<h3 style=\"color: #0099cc;\">Sprawd\u017a cen\u0119 i aktualny stan w sklepie<br \/>\n<strong>Kontakt:<\/strong> <a href=\"mailto:info@e-adams.pl\"><u><b>info@e-adams.pl<\/b><\/u><\/a><\/h3>\n","protected":false},"featured_media":8680,"comment_status":"closed","ping_status":"closed","template":"","meta":{"_acf_changed":false,"inline_featured_image":false},"product_cat":[279,327],"product_tag":[772,950,342],"class_list":{"0":"post-7494","1":"product","2":"type-product","3":"status-publish","4":"has-post-thumbnail","6":"product_cat-podklady-gruntujace-zaprawy-kleje-cementy","7":"product_cat-grunty","8":"product_tag-grunt","9":"product_tag-materialy-budowlane","10":"product_tag-tikkurila","12":"first","13":"onbackorder","14":"shipping-taxable","15":"product-type-simple"},"acf":[],"_links":{"self":[{"href":"https:\/\/e-adams.pl\/de\/wp-json\/wp\/v2\/product\/7494","targetHints":{"allow":["GET"]}}],"collection":[{"href":"https:\/\/e-adams.pl\/de\/wp-json\/wp\/v2\/product"}],"about":[{"href":"https:\/\/e-adams.pl\/de\/wp-json\/wp\/v2\/types\/product"}],"replies":[{"embeddable":true,"href":"https:\/\/e-adams.pl\/de\/wp-json\/wp\/v2\/comments?post=7494"}],"wp:featuredmedia":[{"embeddable":true,"href":"https:\/\/e-adams.pl\/de\/wp-json\/wp\/v2\/media\/8680"}],"wp:attachment":[{"href":"https:\/\/e-adams.pl\/de\/wp-json\/wp\/v2\/media?parent=7494"}],"wp:term":[{"taxonomy":"product_cat","embeddable":true,"href":"https:\/\/e-adams.pl\/de\/wp-json\/wp\/v2\/product_cat?post=7494"},{"taxonomy":"product_tag","embeddable":true,"href":"https:\/\/e-adams.pl\/de\/wp-json\/wp\/v2\/product_tag?post=7494"}],"curies":[{"name":"wp","href":"https:\/\/api.w.org\/{rel}","templated":true}]}}