{"id":7496,"date":"2018-10-16T12:56:10","date_gmt":"2018-10-16T10:56:10","guid":{"rendered":"http:\/\/e-adams.pl\/?post_type=product&#038;p=7496"},"modified":"2025-06-23T12:53:21","modified_gmt":"2025-06-23T10:53:21","slug":"lakierobejca-valtti-complete-9l-bezbarwny-mat","status":"publish","type":"product","link":"https:\/\/e-adams.pl\/de\/produkt\/lakierobejca-valtti-complete-9l-bezbarwny-mat\/","title":{"rendered":"Lakierobejca z woskiem TIKKURILA VALTTI COMPLETE &#8211; 9L"},"content":{"rendered":"<h2>Tikkurila Valtti Complete &#8211; 9L<\/h2>\n<p style=\"font-weight: bold;\">Matowa impregnuj\u0105co-dekoruj\u0105ca lakierobejca do drewna z dodatkiem wosku<\/p>\n<p>&#8211; Ochrona drewna przed wilgoci\u0105, p\u0119kaniem i \u0142uszczeniem<br \/>\n&#8211; Podwy\u017cszona odporno\u015b\u0107 na zarysowania i \u015bcieralno\u015b\u0107 dzi\u0119ki zawarto\u015bci mikronizowanego wosku<br \/>\n&#8211; Wyr\u00f3b o w\u0142a\u015bciwo\u015bciach tiksotropowych \u2013 nie tworzy zaciek\u00f3w, \u0142atwo si\u0119 rozprowadza, nie kapie<br \/>\n&#8211; Zwi\u0119kszone zabezpieczenie pow\u0142oki przed utrat\u0105 po\u0142ysku, p\u0119kaniem oraz kredowaniem<br \/>\n&#8211; Jednolity i trwa\u0142y kolor<\/p>\n<p><b>Kolory<\/b>: Tikkurila Semi-Transparent Wood Finishes, <u>mat<\/u><br \/>\nOstateczny odcie\u0144 b\u0119dzie uzale\u017cniony od gatunku drewna oraz pierwotnego koloru pod\u0142o\u017ca.<br \/>\n<b>Spos\u00f3b nanoszenia:<\/b> p\u0119dzel lub natrysk<br \/>\n<b>Wydajno\u015b\u0107:<\/b> Do 20 m2\/l przy jednokrotnej aplikacji dla g\u0142adkich pod\u0142o\u017cy drewnianych.<\/p>\n<p><span style=\"font-weight: bold;\">DOST\u0118PNE WSZYSTKIE KOLORY Z PALETY KOLOR\u00d3W<\/span><br \/>\nBardzo trwa\u0142a, matowa, impregnuj\u0105co-dekoruj\u0105ca lakierobejca do malowania drewna na zewn\u0105trz pomieszcze\u0144. Stworzona na bazie innowacyjnej technologii Triple Resin System, opartej na unikalnym po\u0142\u0105czeniu trzech wysokiej jako\u015bci \u017cywic o r\u00f3\u017cnej funkcjonalno\u015bci, gwarantuj\u0105cych zwi\u0119kszon\u0105 odporno\u015b\u0107 i zabezpieczenie pomalowanej pow\u0142oki. Dodatkowo Tikkurila Valtti Complete posiada Double Absorb UV System (podw\u00f3jny system ochrony przed promieniowaniem UV).<\/p>\n<p>&nbsp;<\/p>\n<p style=\"margin: 25px; font-size: 20px; color: #666666; line-height: 30px; text-align: justify;\"><b>Triple Resin System:<\/b> Najwy\u017csza odporno\u015b\u0107 na warunki atmosferyczne, dzi\u0119ki wyj\u0105tkowo wytrzyma\u0142ej pow\u0142oce na bazie 3 \u017cywic. Skuteczna impregnacja drewna oraz zdolno\u015b\u0107 odpychania wilgoci. Doskona\u0142a kompatybilno\u015b\u0107 produktu ze struktur\u0105 drewna.<br \/>\n<b>Double Absorb UV System:<\/b> Ochrona pow\u0142oki oraz drewna przed destrukcyjnym promieniowaniem UV (odpycha promienie UV). Zwi\u0119kszone zabezpieczenie pow\u0142oki przed utrat\u0105 po\u0142ysku, p\u0119kaniem oraz kredowaniem. Jednolity i trwa\u0142y kolor<\/p>\n<div align=\"center\">\n<table style=\"width: 100%;\">\n<tbody>\n<tr>\n<td><img decoding=\"async\" class=\"aligncenter\" style=\"width: 290px; height: 290px;\" src=\"https:\/\/e-adams.pl\/wp-content\/uploads\/2018\/10\/Lakierobejca-tikkurila-valtti-complete-9l.jpg\" alt=\"Lakierobejca, tikkurila valtti complete, 9l, impregnuj\u0105co-dekoruj\u0105ca lakierobejca, lakierobejca do drewna, lakierobejce \u017cary, Ochrona drewna, Tikkurila Valtti Complete, ochrona przed uv, Dekoracja powierzchni, Nowa S\u00f3l, Sieniawa \u017barska, Zielona G\u00f3ra, \u0141\u0119knica, Przew\u00f3z, \u017baga\u0144, do drewna \u017cary\" title=\"\"><\/td>\n<td>\n<h2>TIKKURILA Valtti Complete<\/h2>\n<p>Matowa lakierobejca do drewna<\/p>\n<p>Preparat dekoruj\u0105co-impregnuj\u0105cy, przeznaczony do zewn\u0119trznych powierzchni drewnianych.<\/p>\n<p>&nbsp;<\/td>\n<\/tr>\n<tr>\n<td>\n<h2>Odporno\u015b\u0107 na warunki atmosferyczne<\/h2>\n<p>Preparat zapewnia najwy\u017csz\u0105 odporno\u015b\u0107 na warunki<br \/>\natmosferyczne: opady, wilgo\u0107 i r\u00f3\u017cnice temperatur. Zawiera r\u00f3wnie\u017c filtry chroni\u0105ce przed promieniowaniem UV.<\/td>\n<td><\/td>\n<\/tr>\n<tr>\n<td><\/td>\n<td>\n<h2>Skuteczna kompleksowa ochrona<\/h2>\n<p>Powierzchnia zyskuje odporno\u015b\u0107 na dzia\u0142anie<br \/>\nmikroorganizm\u00f3w &#8211; nie p\u0119ka i nie \u0142uszczy si\u0119. Dzi\u0119ki<br \/>\nzawarto\u015bci mikronizowanego wosku wykazuje<br \/>\nr\u00f3wnie\u017c podwy\u017cszon\u0105 odporno\u015b\u0107 na zarysowania i \u015bcieralno\u015b\u0107.<\/td>\n<\/tr>\n<tr>\n<td>\n<h2>Dekoracja powierzchni<\/h2>\n<p>Impregnat podkre\u015bla naturalne piekno i struktur\u0119<br \/>\ndrewna, za\u015b zawarte w nim wysokiej jako\u015bci pigmenty<br \/>\nbarwi\u0105ce zapewniaj\u0105 jednolity i trwa\u0142y kolor.<\/td>\n<td><\/td>\n<\/tr>\n<tr>\n<td><\/td>\n<td>\n<h2>Wygoda aplikacji<\/h2>\n<p>Preparat wyr\u00f3zniaj\u0105 w\u0142a\u015bciwo\u015bci tiksotropowe<br \/>\n&#8211; \u0142atwo si\u0119 rozprowadza, nie kapie i nie tworzy zaciek\u00f3w.<br \/>\nNie wymaga nak\u0142adania warstwy podk\u0142adowej.<\/td>\n<\/tr>\n<\/tbody>\n<\/table>\n<p>&nbsp;<\/p>\n<h2>Przyk\u0142ady zastosowania<\/h2>\n<p style=\"margin: 25px; font-size: 18px; color: #666666; line-height: 25px; text-align: justify;\">Ogrodzenia, okna, drzwi, balustrady, meble ogrodowe, altany,podbitki drewniane itp. Do zabezpieczania taras\u00f3w, schod\u00f3w, podest\u00f3w rekomendujemy zastosowanie oleju Tikkurila Valtti Wood Oil.<\/p>\n<h2>Wydajno\u015b\u0107<\/h2>\n<p style=\"margin: 25px; font-size: 18px; color: #666666; line-height: 25px; text-align: justify;\">Do 20 m2\/l przy jednokrotnej aplikacji dla g\u0142adkich pod\u0142o\u017cy drewnianych. Rzeczywista wydajno\u015b\u0107 uzale\u017cniona jest od wielu czynnik\u00f3w, takich jak faktura, porowato\u015b\u0107 i zawarto\u015b\u0107 wilgoci w pod\u0142o\u017cu.<\/p>\n<h2>Czas schni\u0119cia<\/h2>\n<p style=\"margin: 25px; font-size: 18px; color: #666666; line-height: 25px; text-align: justify;\">W temperaturze +23 \u00b12\u00b0C, przy wilgotno\u015bci wzgl\u0119dnej powietrza 50\u00b15%, preparat osi\u0105ga sucho\u015b\u0107 dotykow\u0105 po up\u0142ywie kilku godzin; nak\u0142adanie kolejnej warstwy po 24 godzinach. Niska temperatura i du\u017ca wilgotno\u015b\u0107 powietrza wyd\u0142u\u017ca czas schni\u0119cia pow\u0142oki.<\/p>\n<\/div>\n","protected":false},"excerpt":{"rendered":"<h3 style=\"color: #0099cc;\">Sprawd\u017a cen\u0119 i aktualny stan w sklepie<br \/>\n<strong>Kontakt:<\/strong> <a href=\"mailto:info@e-adams.pl\"><u><b>info@e-adams.pl<\/b><\/u><\/a><\/h3>\n","protected":false},"featured_media":8690,"comment_status":"closed","ping_status":"closed","template":"","meta":{"_acf_changed":false,"inline_featured_image":false},"product_cat":[322],"product_tag":[342],"class_list":{"0":"post-7496","1":"product","2":"type-product","3":"status-publish","4":"has-post-thumbnail","6":"product_cat-lakiery-bejce-impregnaty-do-drewna","7":"product_tag-tikkurila","9":"first","10":"instock","11":"shipping-taxable","12":"product-type-simple"},"acf":[],"_links":{"self":[{"href":"https:\/\/e-adams.pl\/de\/wp-json\/wp\/v2\/product\/7496","targetHints":{"allow":["GET"]}}],"collection":[{"href":"https:\/\/e-adams.pl\/de\/wp-json\/wp\/v2\/product"}],"about":[{"href":"https:\/\/e-adams.pl\/de\/wp-json\/wp\/v2\/types\/product"}],"replies":[{"embeddable":true,"href":"https:\/\/e-adams.pl\/de\/wp-json\/wp\/v2\/comments?post=7496"}],"wp:featuredmedia":[{"embeddable":true,"href":"https:\/\/e-adams.pl\/de\/wp-json\/wp\/v2\/media\/8690"}],"wp:attachment":[{"href":"https:\/\/e-adams.pl\/de\/wp-json\/wp\/v2\/media?parent=7496"}],"wp:term":[{"taxonomy":"product_cat","embeddable":true,"href":"https:\/\/e-adams.pl\/de\/wp-json\/wp\/v2\/product_cat?post=7496"},{"taxonomy":"product_tag","embeddable":true,"href":"https:\/\/e-adams.pl\/de\/wp-json\/wp\/v2\/product_tag?post=7496"}],"curies":[{"name":"wp","href":"https:\/\/api.w.org\/{rel}","templated":true}]}}