{"id":7497,"date":"2018-10-16T12:33:06","date_gmt":"2018-10-16T10:33:06","guid":{"rendered":"http:\/\/e-adams.pl\/?post_type=product&#038;p=7497"},"modified":"2024-07-15T11:31:09","modified_gmt":"2024-07-15T09:31:09","slug":"klej-do-siatki-i-styropianu-atlas-grawis-u-25kg","status":"publish","type":"product","link":"https:\/\/e-adams.pl\/de\/produkt\/klej-do-siatki-i-styropianu-atlas-grawis-u-25kg\/","title":{"rendered":"Klej do siatki i styropianu ATLAS GRAWIS U &#8211; 25kg"},"content":{"rendered":"<p>Klej do siatki i styropianu ATLAS GRAWIS U 25kg<\/p>\n<p style=\"font-weight: bold;\">2 w 1 &#8211; zaprawa klej\u0105ca do styropianu oraz do zatapiania siatki<\/p>\n<p>&#8211; do przyklejania styropianu i zatapiania siatki<br \/>\n&#8211; posiada bardzo dobre parametry robocze<br \/>\n&#8211; zalecany do wysokosci 12 m<br \/>\n&#8211; wysoka przyczepno\u015b\u0107 do pod\u0142o\u017ca<br \/>\n&#8211; r\u00f3wniez do styropianu grafitowego<\/p>\n<p><span style=\"font-weight: bold;\">DOST\u0118PNE OPAKOWANIA:<\/span> 25kg (worek)<\/p>\n<p>&nbsp;<\/p>\n<div style=\"border: 1px solid #dbd528; margin: 0px 10px; padding: 14px; font-family: Helvetica,Arial,Sans-Serif; text-align: justify; background-color: #e8e8ea; line-height: 30px; color: #3d3c46;\">\n<div style=\"padding: 5px;\">\n<p style=\"font-size: 22px; text-align: justify;\"><span style=\"font-weight: bold;\">2 w 1<\/span> \u2013 przeznaczony jest do przyklejania p\u0142yt termoizolacyjnych ze styropianu EPS i wykonywania warstwy zbrojonej w technologii ocieplania budynk\u00f3w.<\/p>\n<p style=\"font-size: 22px; text-align: justify;\"><span style=\"font-weight: bold;\">Umo\u017cliwia przyklejanie p\u0142yt styropianowych, w tym p\u0142yt grafitowych i z dodatkiem gra tu oraz elastykowanych i wykonywania warstwy zbrojonej w technologii ocieplania budynk\u00f3w.<\/span><\/p>\n<p style=\"font-size: 22px; text-align: justify;\"><span style=\"font-weight: bold;\">Optymalnie dobrana receptura<\/span> \u2013 zapewnia odpowiedni\u0105 przyczepno\u015b\u0107 kleju do styropianu oraz umo\u017cliwia \u0142atwe wykonanie warstwy zbroj\u0105cej.<\/p>\n<p style=\"font-size: 22px; text-align: justify;\"><span style=\"font-weight: bold;\">Wysoka przyczepno\u015b\u0107<\/span> \u2013 mocno przylega do pod\u0142o\u017cy mineralnych i do styropianu, umo\u017cliwia przyklejanie p\u0142yt termoizolacyjnych nawet o grubo\u015bci 25 cm.<\/p>\n<p style=\"font-size: 22px; text-align: justify;\"><span style=\"font-weight: bold;\">Wysoka lepko\u015b\u0107<\/span> \u2013 klej nie zsuwa si\u0119 z pacy oraz z powierzchni p\u0142yty.<\/p>\n<p style=\"font-size: 22px; text-align: justify;\"><span style=\"font-weight: bold;\">Wysoka plastyczno\u015b\u0107<\/span> \u2013 w trakcie nak\u0142adania na pod\u0142o\u017ce i wykonywania warstwy zbroj\u0105cej klej nie wa\u0142kuje si\u0119, nie zrywa si\u0119, nie ci\u0105gnie si\u0119 itp.<\/p>\n<p style=\"font-size: 22px; text-align: justify;\"><span style=\"font-weight: bold;\">Wyd\u0142u\u017cony czas gotowo\u015bci do pracy<\/span> \u2013 ogranicza konieczno\u015b\u0107 dodatkowego mieszania niezu\u017cytego kleju.<\/p>\n<p style=\"font-size: 22px; text-align: justify;\"><span style=\"font-weight: bold;\">Wyd\u0142u\u017cony czas korygowania<\/span> \u2013 umo\u017cliwia poprawne u\u0142o\u017cenie p\u0142yt.<\/p>\n<p style=\"font-size: 22px; text-align: justify;\"><span style=\"font-weight: bold;\">Elastyczno\u015b\u0107<\/span> \u2013 kompensuje napr\u0119\u017cenia wynikaj\u0105ce z oddzia\u0142ywa\u0144 termicznych i u\u017cytkowych na inne warstwy systemu.<\/p>\n<p style=\"font-size: 22px; text-align: justify;\"><span style=\"font-weight: bold;\">Paroprzepuszczalno\u015b\u0107<\/span> \u2013 nie ogranicza przep\u0142ywu pary wodnej przez ocieplon\u0105 przegrod\u0119.<\/p>\n<p style=\"text-align: center;\">\n<\/div>\n<\/div>\n","protected":false},"excerpt":{"rendered":"<h3 style=\"color: #0099cc;\">Sprawd\u017a cen\u0119 i aktualny stan w sklepie<br \/>\n<strong>Kontakt:<\/strong> <a href=\"mailto:info@e-adams.pl\"><u><b>info@e-adams.pl<\/b><\/u><\/a><\/h3>\n","protected":false},"featured_media":8686,"comment_status":"closed","ping_status":"closed","template":"","meta":{"_acf_changed":false,"inline_featured_image":false},"product_cat":[276],"product_tag":[265,764,950],"class_list":{"0":"post-7497","1":"product","2":"type-product","3":"status-publish","4":"has-post-thumbnail","6":"product_cat-kleje-do-ocieplen","7":"product_tag-atlas","8":"product_tag-klej","9":"product_tag-materialy-budowlane","11":"first","12":"instock","13":"shipping-taxable","14":"purchasable","15":"product-type-simple"},"acf":[],"_links":{"self":[{"href":"https:\/\/e-adams.pl\/de\/wp-json\/wp\/v2\/product\/7497","targetHints":{"allow":["GET"]}}],"collection":[{"href":"https:\/\/e-adams.pl\/de\/wp-json\/wp\/v2\/product"}],"about":[{"href":"https:\/\/e-adams.pl\/de\/wp-json\/wp\/v2\/types\/product"}],"replies":[{"embeddable":true,"href":"https:\/\/e-adams.pl\/de\/wp-json\/wp\/v2\/comments?post=7497"}],"wp:featuredmedia":[{"embeddable":true,"href":"https:\/\/e-adams.pl\/de\/wp-json\/wp\/v2\/media\/8686"}],"wp:attachment":[{"href":"https:\/\/e-adams.pl\/de\/wp-json\/wp\/v2\/media?parent=7497"}],"wp:term":[{"taxonomy":"product_cat","embeddable":true,"href":"https:\/\/e-adams.pl\/de\/wp-json\/wp\/v2\/product_cat?post=7497"},{"taxonomy":"product_tag","embeddable":true,"href":"https:\/\/e-adams.pl\/de\/wp-json\/wp\/v2\/product_tag?post=7497"}],"curies":[{"name":"wp","href":"https:\/\/api.w.org\/{rel}","templated":true}]}}