{"id":7498,"date":"2018-10-16T12:27:50","date_gmt":"2018-10-16T10:27:50","guid":{"rendered":"http:\/\/e-adams.pl\/?post_type=product&#038;p=7498"},"modified":"2024-07-15T11:31:09","modified_gmt":"2024-07-15T09:31:09","slug":"klej-do-styropianu-atlas-grawis-s-25kg","status":"publish","type":"product","link":"https:\/\/e-adams.pl\/de\/produkt\/klej-do-styropianu-atlas-grawis-s-25kg\/","title":{"rendered":"Klej do styropianu ATLAS GRAWIS S &#8211; 25kg"},"content":{"rendered":"<p>Klej do styropianu ATLAS GRAWIS S 25kg<\/p>\n<p style=\"font-weight: bold;\">Zaprawa klej\u0105ca do styropianu<\/p>\n<p>&#8211; do przyklejania styropianu<br \/>\n&#8211; bardzo dobre parametry robocze<br \/>\n&#8211; zalecany do wysoko\u015bci 12 m<br \/>\n&#8211; wysoka przyczepno\u015b\u0107 do pod\u0142o\u017ca<\/p>\n<p><span style=\"font-weight: bold;\">DOST\u0118PNE OPAKOWANIA:<\/span> 25kg (worek)<\/p>\n<p>&nbsp;<\/p>\n<p>&nbsp;<\/p>\n<div style=\"border: 1px solid #dbd528; margin: 0px 10px; padding: 14px; font-family: Helvetica,Arial,Sans-Serif; text-align: justify; background-color: #e8e8ea; line-height: 30px; color: #3d3c46;\">\n<p style=\"font-size: 22px; text-align: justify;\">Przyklejanie p\u0142yt termoizolacyjnych ze styropianu EPS w technologii ocieplania budynk\u00f3w.<\/p>\n<p style=\"font-size: 22px; text-align: justify;\">Umo\u017cliwia przyklejanie p\u0142yt styropianowych, w tym p\u0142yt z dodatkiem grafitu, oraz elastyfikowanych.<\/p>\n<p style=\"font-size: 22px; text-align: justify;\"><span style=\"font-weight: bold;\">Optymalnie dobrana receptura<\/span> \u2013 zapewnia odpowiedni\u0105 przyczepno\u015b\u0107 kleju do styropianu i doskona\u0142e parametry robocze.<\/p>\n<p style=\"font-size: 22px; text-align: justify;\"><span style=\"font-weight: bold;\">Wysoka przyczepno\u015b\u0107<\/span> \u2013 mocno przylega do pod\u0142o\u017cy mineralnych i do styropianu, umo\u017cliwia przyklejanie p\u0142yt termoizolacyjnych nawet o grubo\u015bci 25 cm.<\/p>\n<p style=\"font-size: 22px; text-align: justify;\"><span style=\"font-weight: bold;\">Wysoka lepko\u015b\u0107<\/span> \u2013 klej nie zsuwa si\u0119 z pacy oraz z powierzchni p\u0142yty.<\/p>\n<p style=\"font-size: 22px; text-align: justify;\"><span style=\"font-weight: bold;\">Wysoka plastyczno\u015b\u0107<\/span> \u2013 w trakcie nak\u0142adania na pod\u0142o\u017ce klej nie wa\u0142kuje si\u0119, nie zrywa si\u0119, nie ci\u0105gnie si\u0119 itp.<\/p>\n<p style=\"font-size: 22px; text-align: justify;\"><span style=\"font-weight: bold;\">Wyd\u0142u\u017cony czas gotowo\u015bci do pracy<\/span> \u2013 ogranicza konieczno\u015b\u0107 dodatkowego mieszania niezu\u017cytego kleju.<\/p>\n<p style=\"font-size: 22px; text-align: justify;\"><span style=\"font-weight: bold;\">Wyd\u0142u\u017cony czas korygowania<\/span> \u2013 umo\u017cliwia poprawne u\u0142o\u017cenie p\u0142yt.<\/p>\n<p style=\"font-size: 22px; text-align: justify;\"><span style=\"font-weight: bold;\">Elastyczno\u015b\u0107<\/span> \u2013 kompensuje napr\u0119\u017cenia wynikaj\u0105ce z oddzia\u0142ywa\u0144 termicznych i u\u017cytkowych na inne warstwy systemu.<\/p>\n<p style=\"font-size: 22px; text-align: justify;\"><span style=\"font-weight: bold;\">Paroprzepuszczalno\u015b\u0107<\/span> \u2013 nie ogranicza przep\u0142ywu pary wodnej przez ocieplon\u0105 przegrod\u0119.<\/p>\n<p style=\"text-align: right; color: grey; font-size: 11px;\">kat.29 wys.01 00250 ATLAS<\/p>\n<\/div>\n","protected":false},"excerpt":{"rendered":"<h3 style=\"color: #0099cc;\">Sprawd\u017a cen\u0119 i aktualny stan w sklepie<br \/>\n<strong>Kontakt:<\/strong> <a href=\"mailto:info@e-adams.pl\"><u><b>info@e-adams.pl<\/b><\/u><\/a><\/h3>\n","protected":false},"featured_media":8684,"comment_status":"closed","ping_status":"closed","template":"","meta":{"_acf_changed":false,"inline_featured_image":false},"product_cat":[276],"product_tag":[265,764,950],"class_list":{"0":"post-7498","1":"product","2":"type-product","3":"status-publish","4":"has-post-thumbnail","6":"product_cat-kleje-do-ocieplen","7":"product_tag-atlas","8":"product_tag-klej","9":"product_tag-materialy-budowlane","11":"first","12":"instock","13":"shipping-taxable","14":"purchasable","15":"product-type-simple"},"acf":[],"_links":{"self":[{"href":"https:\/\/e-adams.pl\/de\/wp-json\/wp\/v2\/product\/7498","targetHints":{"allow":["GET"]}}],"collection":[{"href":"https:\/\/e-adams.pl\/de\/wp-json\/wp\/v2\/product"}],"about":[{"href":"https:\/\/e-adams.pl\/de\/wp-json\/wp\/v2\/types\/product"}],"replies":[{"embeddable":true,"href":"https:\/\/e-adams.pl\/de\/wp-json\/wp\/v2\/comments?post=7498"}],"wp:featuredmedia":[{"embeddable":true,"href":"https:\/\/e-adams.pl\/de\/wp-json\/wp\/v2\/media\/8684"}],"wp:attachment":[{"href":"https:\/\/e-adams.pl\/de\/wp-json\/wp\/v2\/media?parent=7498"}],"wp:term":[{"taxonomy":"product_cat","embeddable":true,"href":"https:\/\/e-adams.pl\/de\/wp-json\/wp\/v2\/product_cat?post=7498"},{"taxonomy":"product_tag","embeddable":true,"href":"https:\/\/e-adams.pl\/de\/wp-json\/wp\/v2\/product_tag?post=7498"}],"curies":[{"name":"wp","href":"https:\/\/api.w.org\/{rel}","templated":true}]}}