{"id":7499,"date":"2018-11-21T09:48:33","date_gmt":"2018-11-21T08:48:33","guid":{"rendered":"http:\/\/e-adams.pl\/?post_type=product&#038;p=7499"},"modified":"2024-02-15T11:48:54","modified_gmt":"2024-02-15T10:48:54","slug":"zaprawa-klejowa-uelastyczniona-atlas-25kg","status":"publish","type":"product","link":"https:\/\/e-adams.pl\/de\/produkt\/zaprawa-klejowa-uelastyczniona-atlas-25kg\/","title":{"rendered":"Zaprawa klejowa uelastyczniona ATLAS &#8211; 25kg"},"content":{"rendered":"<h3>Zaprawa klejowa uelastyczniona ATLAS &#8211; 25kg<\/h3>\n<p><strong>Klej uniwersalny typu C1TE (2-10 mm)<br \/>\ngrubo\u015b\u0107 stosowanej warstwy:<\/strong> 2 &#8211; 10 mm<br \/>\nKlej uelastyczniony do kuchni, \u0142azienek, korytarzy, wyd\u0142u\u017cony czas otwarty, maksymalna wielko\u015b\u0107 p\u0142ytek: \u015brednie<\/p>\n<p><a href=\"https:\/\/e-adams.pl\/wp-content\/uploads\/2018\/11\/zaprawa-klejowa-uelastyczniona-atlas.jpg\"><img loading=\"lazy\" decoding=\"async\" class=\"aligncenter size-full wp-image-12087\" src=\"https:\/\/e-adams.pl\/wp-content\/uploads\/2018\/11\/zaprawa-klejowa-uelastyczniona-atlas.jpg\" alt=\"zaprawa klejowa uelastyczniona \u017bary, atlas zaprawa klejowa uelastyczniona, klej uniwersalny uelastyczniony, kleje elastyczne 2-10mm, sklep z materia\u0142ami budowlanymi \u017bary, Adams \u017bary\" width=\"400\" height=\"400\" title=\"\"><\/a><\/p>\n<p style=\"text-align: justify;\">Klej jest mniej podatny na napowietrzanie i tworzy mieszanin\u0119 homogeniczn\u0105 \u2013 jednorodn\u0105 pod wzgl\u0119dem rozprowadzenia sk\u0142adnik\u00f3w w ca\u0142o\u015bci przygotowanej masy. W\u0142a\u015bciwo\u015b\u0107 ta, wsparta idealnym doborem stosu kruszywowego, zapewnia warstwie kleju najwy\u017csz\u0105 wytrzyma\u0142o\u015b\u0107. Doskonale rozprowadza si\u0119 po powierzchni &#8211; si\u0142y adhezji zaprawy s\u0105 na tyle du\u017ce, i\u017c uniemo\u017cliwiaj\u0105 \u201ezawijanie si\u0119\u201d kleju na pac\u0119 (przy prawid\u0142owo zagruntowanym pod\u0142o\u017cu). Idealnie dobrana lepko\u015b\u0107 kleju pozwala \u0142atwiej operowa\u0107 przyklejan\u0105 p\u0142ytk\u0105.<\/p>\n<h3>W\u0141A\u015aCIWO\u015aCI<\/h3>\n<p>&#8211; uelastyczniona i wydajna formu\u0142a<br \/>\n&#8211; doskona\u0142e parametry robocze<br \/>\n&#8211; wyd\u0142u\u017cony czas otwarty<br \/>\n&#8211; obni\u017cony sp\u0142yw<\/p>\n","protected":false},"excerpt":{"rendered":"<h3 style=\"color: #0099cc;\">Sprawd\u017a cen\u0119 i aktualny stan w sklepie<br \/>\n<strong>Kontakt:<\/strong> <a href=\"mailto:info@e-adams.pl\"><u><b>info@e-adams.pl<\/b><\/u><\/a><\/h3>\n","protected":false},"featured_media":12087,"comment_status":"closed","ping_status":"closed","template":"","meta":{"_acf_changed":false,"inline_featured_image":false},"product_cat":[982],"product_tag":[265,764,950],"class_list":{"0":"post-7499","1":"product","2":"type-product","3":"status-publish","4":"has-post-thumbnail","6":"product_cat-kleje-do-plytek","7":"product_tag-atlas","8":"product_tag-klej","9":"product_tag-materialy-budowlane","11":"first","12":"outofstock","13":"shipping-taxable","14":"purchasable","15":"product-type-simple"},"acf":[],"_links":{"self":[{"href":"https:\/\/e-adams.pl\/de\/wp-json\/wp\/v2\/product\/7499","targetHints":{"allow":["GET"]}}],"collection":[{"href":"https:\/\/e-adams.pl\/de\/wp-json\/wp\/v2\/product"}],"about":[{"href":"https:\/\/e-adams.pl\/de\/wp-json\/wp\/v2\/types\/product"}],"replies":[{"embeddable":true,"href":"https:\/\/e-adams.pl\/de\/wp-json\/wp\/v2\/comments?post=7499"}],"wp:featuredmedia":[{"embeddable":true,"href":"https:\/\/e-adams.pl\/de\/wp-json\/wp\/v2\/media\/12087"}],"wp:attachment":[{"href":"https:\/\/e-adams.pl\/de\/wp-json\/wp\/v2\/media?parent=7499"}],"wp:term":[{"taxonomy":"product_cat","embeddable":true,"href":"https:\/\/e-adams.pl\/de\/wp-json\/wp\/v2\/product_cat?post=7499"},{"taxonomy":"product_tag","embeddable":true,"href":"https:\/\/e-adams.pl\/de\/wp-json\/wp\/v2\/product_tag?post=7499"}],"curies":[{"name":"wp","href":"https:\/\/api.w.org\/{rel}","templated":true}]}}