{"id":7511,"date":"2018-11-21T09:48:31","date_gmt":"2018-11-21T08:48:31","guid":{"rendered":"http:\/\/e-adams.pl\/?post_type=product&#038;p=7511"},"modified":"2023-08-30T09:41:34","modified_gmt":"2023-08-30T07:41:34","slug":"impregnat-do-drewna-fobos-m-4-5kg","status":"publish","type":"product","link":"https:\/\/e-adams.pl\/de\/produkt\/impregnat-do-drewna-fobos-m-4-5kg\/","title":{"rendered":"Impregnat do drewna FOBOS M-4 &#8211; 5kg"},"content":{"rendered":"<h3>Impregnat do drewna FOBOS M-4 &#8211; 5kg<\/h3>\n<p><strong>Wielofunkcyjny impregnat do drewna konstrukcyjnego oraz tarcicy budowlanej<\/strong><\/p>\n<p><img loading=\"lazy\" decoding=\"async\" class=\"aligncenter size-full wp-image-13346\" src=\"https:\/\/e-adams.pl\/wp-content\/uploads\/2018\/12\/impregnat-do-drewna-fobos-m-4-5kg.jpg\" alt=\"impregnat do drewna fobos \u017bary, Impregnat Fobos m-4 5kg, wielofunkcyjny impregnat ochronny, impregnat ognioochronny \u017bary, impregnat antykorozyjny \u017bary, Impregnat antygrzybowy, Impregnat do drewna konstrukcyjnego, Impregnat do tarcicy budowlanej, budowlanka \u017bary\" width=\"400\" height=\"400\" title=\"\">FOBOS\u00ae M-4 to wielofunkcyjny impregnat do drewna konstrukcyjnego oraz tarcicy budowlanej, kt\u00f3ry zabezpiecza powierzchnie przed szkodliwym dzia\u0142aniem ognia, owad\u00f3w, grzyb\u00f3w domowych i ple\u015bniowych. Dzi\u0119ki jego zastosowaniu mo\u017cliwa jest skuteczna ochrona drewna przed wszelkiego rodzaju grzybami i szkodnikami, kt\u00f3re niszcz\u0105 materia\u0142 (preparat skutecznie zabija larwy owad\u00f3w). Ponadto uniemo\u017cliwia rozprzestrzenianie si\u0119 ognia &#8211; zabezpiecza drewno do odpowiedniego stopnia niezapalno\u015bci, op\u00f3\u017aniaj\u0105c moment zapalenia oraz przeciwdzia\u0142aj\u0105c rozgorzeniu ognia.<\/p>\n<h3>STOSOWANIE<\/h3>\n<p style=\"text-align: justify;\">FOBOS\u00ae M-4 to najlepszy impregnat do drewna stosowanego w budownictwie, kt\u00f3ry s\u0142u\u017cy do zabezpieczania element\u00f3w znajduj\u0105cych si\u0119 wewn\u0105trz budynk\u00f3w. Stosuje si\u0119 go do ochrony element\u00f3w podpod\u0142ogowych, \u015bcian konstrukcyjnych i dzia\u0142owych, wi\u0119\u017aby dachowej oraz konstrukcji no\u015bnych. Na zewn\u0105trz mo\u017ce by\u0107 stosowany bez kontaktu z gruntem, w warunkach ochrony zaimpregnowanych powierzchni przed oddzia\u0142ywaniem wody oraz opad\u00f3w atmosferycznych, kt\u00f3re powoduj\u0105 jego wymywanie.<\/p>\n","protected":false},"excerpt":{"rendered":"<h3 style=\"color: #0099cc;\">Sprawd\u017a cen\u0119 i aktualny stan w sklepie<br \/>\n<strong>Kontakt:<\/strong> <a href=\"mailto:info@e-adams.pl\"><u><b>info@e-adams.pl<\/b><\/u><\/a><\/h3>\n","protected":false},"featured_media":13346,"comment_status":"closed","ping_status":"closed","template":"","meta":{"_acf_changed":false,"inline_featured_image":false},"product_cat":[322],"product_tag":[1040,339,950],"class_list":{"0":"post-7511","1":"product","2":"type-product","3":"status-publish","4":"has-post-thumbnail","6":"product_cat-lakiery-bejce-impregnaty-do-drewna","7":"product_tag-fobos","8":"product_tag-impregnat","9":"product_tag-materialy-budowlane","11":"first","12":"onbackorder","13":"shipping-taxable","14":"product-type-simple"},"acf":[],"_links":{"self":[{"href":"https:\/\/e-adams.pl\/de\/wp-json\/wp\/v2\/product\/7511","targetHints":{"allow":["GET"]}}],"collection":[{"href":"https:\/\/e-adams.pl\/de\/wp-json\/wp\/v2\/product"}],"about":[{"href":"https:\/\/e-adams.pl\/de\/wp-json\/wp\/v2\/types\/product"}],"replies":[{"embeddable":true,"href":"https:\/\/e-adams.pl\/de\/wp-json\/wp\/v2\/comments?post=7511"}],"wp:featuredmedia":[{"embeddable":true,"href":"https:\/\/e-adams.pl\/de\/wp-json\/wp\/v2\/media\/13346"}],"wp:attachment":[{"href":"https:\/\/e-adams.pl\/de\/wp-json\/wp\/v2\/media?parent=7511"}],"wp:term":[{"taxonomy":"product_cat","embeddable":true,"href":"https:\/\/e-adams.pl\/de\/wp-json\/wp\/v2\/product_cat?post=7511"},{"taxonomy":"product_tag","embeddable":true,"href":"https:\/\/e-adams.pl\/de\/wp-json\/wp\/v2\/product_tag?post=7511"}],"curies":[{"name":"wp","href":"https:\/\/api.w.org\/{rel}","templated":true}]}}