{"id":7957,"date":"2018-10-04T14:38:31","date_gmt":"2018-10-04T12:38:31","guid":{"rendered":"http:\/\/e-adams.pl\/?post_type=product&#038;p=7957"},"modified":"2023-11-13T10:28:30","modified_gmt":"2023-11-13T09:28:30","slug":"tynk-akrylowy-ceresit-ct60-25kg","status":"publish","type":"product","link":"https:\/\/e-adams.pl\/de\/produkt\/tynk-akrylowy-ceresit-ct60-25kg\/","title":{"rendered":"TYNK AKRYLOWY CT60 2mm 25KG"},"content":{"rendered":"<h2>CERESIT CT60 Tynk Akrylowy kamyczek &#8211; 25KG<\/h2>\n<p style=\"font-weight: bold;\">Tynk Akrylowy kamyczek 1,5mm lub 2mm<\/p>\n<p>\u2013 odporny na warunki atmosferyczne<br \/>\n\u2013 ma\u0142o nasi\u0105kliwy i wysoce elastyczny<br \/>\n\u2013 odporny na uszkodzenia eksploatacyjne<br \/>\n\u2013 paroprzepuszczalny<br \/>\n\u2013 formu\u0142a BioProtect \u2013 odporny na rozw\u00f3j grzyb\u00f3w, alg i ple\u015bni<br \/>\n\u2013 stabilno\u015b\u0107 koloru<br \/>\n\u2013 mo\u017cliwo\u015b\u0107 aplikacji maszynowej<\/p>\n<p><b>Kolory:<\/b> ponad 200 kolor\u00f3w Colours of Nature<br \/>\n<b>Spos\u00f3b nanoszenia:<\/b> Wiertarka z mieszad\u0142em koszykowym, kielnia, paca ze stali nierdzewnej<\/p>\n<p><span style=\"font-weight: bold;\">DOST\u0118PNE WSZYSTKIE KOLORY Z PALETY KOLOR\u00d3W<\/span><\/p>\n<p><img decoding=\"async\" class=\"aligncenter\" style=\"width: 400px; height: 400px;\" src=\"http:\/\/sandbox.e-adams.pl\/wp-content\/uploads\/2018\/10\/Tynk-akrylowy-ceresit-ct60-25kg.jpg\" alt=\"Ceresit CT60 Tynk Akrylowy, tynki akrylowe, tynk ct60, tynk ceresit, Lubuskie\" title=\"\">Dekoracyjny tynk cienkowarstwowy do stosowania na zewn\u0105trz i wewn\u0105trz budynk\u00f3w. Tynk Ceresit CT 60 s\u0142u\u017cy do wykonywania cienkowarstwowych wypraw tynkarskich na pod\u0142o\u017cach betonowych, tradycyjnych tynkach, pod\u0142o\u017cach gipsowych oraz na p\u0142ytach wi\u00f3rowych, gipsowo-kartonowych itp.<\/p>\n<p style=\"margin: 15px; text-align: justify; font-size: 20px; color: #666666; line-height: 30px;\">BioProtect to skuteczna i trwa\u0142a ochrona elewacji przed ska\u017ceniem biologicznym, rozwojem ple\u015bni, grzyb\u00f3w i alg. Dzi\u0119ki specjalnym kapsu\u0142om z zawarto\u015bci\u0105 \u015brodka biob\u00f3jczego uwolnienie substancji nast\u0119puje w spos\u00f3b kontrolowany, zapewniaj\u0105c d\u0142ugotrwa\u0142y efekt.<\/p>\n","protected":false},"excerpt":{"rendered":"<h3 style=\"color: #0099cc;\">Sprawd\u017a cen\u0119 i aktualny stan w sklepie<br \/>\n<strong>Kontakt:<\/strong> <a href=\"mailto:info@e-adams.pl\"><u><b>info@e-adams.pl<\/b><\/u><\/a><\/h3>\n","protected":false},"featured_media":7959,"comment_status":"closed","ping_status":"closed","template":"","meta":{"_acf_changed":false,"inline_featured_image":false},"product_cat":[258],"product_tag":[158,175],"class_list":{"0":"post-7957","1":"product","2":"type-product","3":"status-publish","4":"has-post-thumbnail","6":"product_cat-tynki-ceresit","7":"product_tag-ceresit","8":"product_tag-tynk","10":"first","11":"onbackorder","12":"shipping-taxable","13":"product-type-simple"},"acf":[],"_links":{"self":[{"href":"https:\/\/e-adams.pl\/de\/wp-json\/wp\/v2\/product\/7957","targetHints":{"allow":["GET"]}}],"collection":[{"href":"https:\/\/e-adams.pl\/de\/wp-json\/wp\/v2\/product"}],"about":[{"href":"https:\/\/e-adams.pl\/de\/wp-json\/wp\/v2\/types\/product"}],"replies":[{"embeddable":true,"href":"https:\/\/e-adams.pl\/de\/wp-json\/wp\/v2\/comments?post=7957"}],"wp:featuredmedia":[{"embeddable":true,"href":"https:\/\/e-adams.pl\/de\/wp-json\/wp\/v2\/media\/7959"}],"wp:attachment":[{"href":"https:\/\/e-adams.pl\/de\/wp-json\/wp\/v2\/media?parent=7957"}],"wp:term":[{"taxonomy":"product_cat","embeddable":true,"href":"https:\/\/e-adams.pl\/de\/wp-json\/wp\/v2\/product_cat?post=7957"},{"taxonomy":"product_tag","embeddable":true,"href":"https:\/\/e-adams.pl\/de\/wp-json\/wp\/v2\/product_tag?post=7957"}],"curies":[{"name":"wp","href":"https:\/\/api.w.org\/{rel}","templated":true}]}}